{"id":2080,"date":"2021-01-29T11:29:43","date_gmt":"2021-01-29T09:29:43","guid":{"rendered":"https:\/\/www.piesta.ee\/?post_type=product&#038;p=2080"},"modified":"2025-10-19T14:07:50","modified_gmt":"2025-10-19T11:07:50","slug":"piesta-ounastroop","status":"publish","type":"product","link":"https:\/\/www.piesta.ee\/en\/toode\/piesta-ounastroop\/","title":{"rendered":"Piesta \u00f5unastroop"},"content":{"rendered":"<p>Piesta \u00f5unastroop on maius ja maitseaine \u00fches isikus. Et tegu on Hollandist p\u00e4rit retseptiga, on hollandi keelest laenatud ka s\u00f5na \u201cstroop\u201d, mis t\u00f5lkes t\u00e4hendab siirupit. Hollandis s\u00fc\u00fcakse stroopi traditsiooniliselt pannkookidega. T\u00e4nu Eesti \u00f5una imeheale magushapule maitsekooslusele sobib stroop h\u00e4mmastaval kombel aga nii liha kui kala, nii juustu kui j\u00e4\u00e4tise juurde. Toiduvalmistamisel sobib stroopi kasutada salatikastmetes, marinaadides ja glasuurimiseks. Suurep\u00e4rane kombinatsioon s\u00fcnnib lisaks pannkookidele ka vahvlite ja vaniljej\u00e4\u00e4tisega. Eriti m\u00f5nus on stroop valgete juustude lisandina, sealhulgas k\u00f5igi Eesti talumeiereide grillijuustudega. \u00d5unastroop koosneb p\u00f5hiosas \u00f5unamahlast, millele karamellise noodi andmiseks lisame pisut rafineerimata suhkrut.<\/p>\n<p>Koostisosad: mahe\u00f5unamahl, mahesuhkur.<\/p>\n<p>Toitumisalane teave (100g): energiasisaldus 311 kCal; rasvad 0,45 g,\u00a0 millest k\u00fcllastunud rasvhapped 0,14 g; s\u00fcsivesikud 76,5 g , millest suhkrud 66,84 g; valgud 0,13 g; sool &lt;0,16 g.<\/p>\n","protected":false},"excerpt":{"rendered":"<p>Piesta \u00f5unastroop sobib juustumoosiks, kastmetesse ja marinaadidesse, grillitud ribide ja vaniljej\u00e4\u00e4tisega. Rahvusvahelisel Great Taste 2020 konkrusil k\u00f5rgeim 3-t\u00e4rni hinnang, Eesti talutoidu konkursil Parim Lisand 2019, konkursil &#8220;Parim mahetoode 2019&#8221; p\u00f5neva toote eriauhind.<\/p>\n","protected":false},"featured_media":334,"comment_status":"open","ping_status":"closed","template":"","meta":{"_acf_changed":false},"product_cat":[47,40],"product_tag":[],"class_list":{"0":"post-2080","1":"product","2":"type-product","3":"status-publish","4":"has-post-thumbnail","6":"product_cat-lisandid","7":"product_cat-mahetoode","9":"first","10":"instock","11":"taxable","12":"shipping-taxable","13":"purchasable","14":"product-type-simple"},"acf":[],"yoast_head":"<!-- This site is optimized with the Yoast SEO plugin v23.9 - https:\/\/yoast.com\/wordpress\/plugins\/seo\/ -->\n<title>Piesta \u00f5unastroop - Piesta Kuusikaru talu<\/title>\n<meta name=\"description\" content=\"Piesta \u00f5unastroop on magushapu maitseaine ja lisand, gurmaanide ja kokkade lemmik. \u00d5unastroopi kasutatakse juustumoosina, erinevates kastmetes ja marinaadides, liha ja kala maitsestamiseks, magustoitudes jne.\" \/>\n<meta name=\"robots\" content=\"index, follow, max-snippet:-1, max-image-preview:large, max-video-preview:-1\" \/>\n<link rel=\"canonical\" href=\"https:\/\/www.piesta.ee\/toode\/piesta-ounastroop\/\" \/>\n<meta property=\"og:locale\" content=\"en_US\" \/>\n<meta property=\"og:type\" content=\"article\" \/>\n<meta property=\"og:title\" content=\"Piesta \u00f5unastroop - Piesta Kuusikaru talu\" \/>\n<meta property=\"og:description\" content=\"Piesta \u00f5unastroop on magushapu maitseaine ja lisand, gurmaanide ja kokkade lemmik. \u00d5unastroopi kasutatakse juustumoosina, erinevates kastmetes ja marinaadides, liha ja kala maitsestamiseks, magustoitudes jne.\" \/>\n<meta property=\"og:url\" content=\"https:\/\/www.piesta.ee\/toode\/piesta-ounastroop\/\" \/>\n<meta property=\"og:site_name\" content=\"Piesta Kuusikaru talu\" \/>\n<meta property=\"article:publisher\" content=\"https:\/\/www.facebook.com\/piestakuusikaru\/\" \/>\n<meta property=\"article:modified_time\" content=\"2025-10-19T11:07:50+00:00\" \/>\n<meta property=\"og:image\" content=\"https:\/\/www.piesta.ee\/wp-content\/uploads\/2020\/09\/Piesta-ounastroop-ja-valgehallitusjuust.jpg\" \/>\n\t<meta property=\"og:image:width\" content=\"2000\" \/>\n\t<meta property=\"og:image:height\" content=\"1333\" \/>\n\t<meta property=\"og:image:type\" content=\"image\/jpeg\" \/>\n<meta name=\"twitter:card\" content=\"summary_large_image\" \/>\n<meta name=\"twitter:label1\" content=\"Est. reading time\" \/>\n\t<meta name=\"twitter:data1\" content=\"1 minute\" \/>\n<script type=\"application\/ld+json\" class=\"yoast-schema-graph\">{\"@context\":\"https:\/\/schema.org\",\"@graph\":[{\"@type\":\"WebPage\",\"@id\":\"https:\/\/www.piesta.ee\/toode\/piesta-ounastroop\/\",\"url\":\"https:\/\/www.piesta.ee\/toode\/piesta-ounastroop\/\",\"name\":\"Piesta \u00f5unastroop - Piesta Kuusikaru talu\",\"isPartOf\":{\"@id\":\"https:\/\/www.piesta.ee\/#website\"},\"primaryImageOfPage\":{\"@id\":\"https:\/\/www.piesta.ee\/toode\/piesta-ounastroop\/#primaryimage\"},\"image\":{\"@id\":\"https:\/\/www.piesta.ee\/toode\/piesta-ounastroop\/#primaryimage\"},\"thumbnailUrl\":\"https:\/\/www.piesta.ee\/wp-content\/uploads\/2020\/09\/Piesta-ounastroop-ja-valgehallitusjuust.jpg\",\"datePublished\":\"2021-01-29T09:29:43+00:00\",\"dateModified\":\"2025-10-19T11:07:50+00:00\",\"description\":\"Piesta \u00f5unastroop on magushapu maitseaine ja lisand, gurmaanide ja kokkade lemmik. \u00d5unastroopi kasutatakse juustumoosina, erinevates kastmetes ja marinaadides, liha ja kala maitsestamiseks, magustoitudes jne.\",\"breadcrumb\":{\"@id\":\"https:\/\/www.piesta.ee\/toode\/piesta-ounastroop\/#breadcrumb\"},\"inLanguage\":\"en-US\",\"potentialAction\":[{\"@type\":\"ReadAction\",\"target\":[\"https:\/\/www.piesta.ee\/toode\/piesta-ounastroop\/\"]}]},{\"@type\":\"ImageObject\",\"inLanguage\":\"en-US\",\"@id\":\"https:\/\/www.piesta.ee\/toode\/piesta-ounastroop\/#primaryimage\",\"url\":\"https:\/\/www.piesta.ee\/wp-content\/uploads\/2020\/09\/Piesta-ounastroop-ja-valgehallitusjuust.jpg\",\"contentUrl\":\"https:\/\/www.piesta.ee\/wp-content\/uploads\/2020\/09\/Piesta-ounastroop-ja-valgehallitusjuust.jpg\",\"width\":2000,\"height\":1333,\"caption\":\"Piesta \u00f5unastroop juustuga\"},{\"@type\":\"BreadcrumbList\",\"@id\":\"https:\/\/www.piesta.ee\/toode\/piesta-ounastroop\/#breadcrumb\",\"itemListElement\":[{\"@type\":\"ListItem\",\"position\":1,\"name\":\"Home\",\"item\":\"https:\/\/www.piesta.ee\/en\/\"},{\"@type\":\"ListItem\",\"position\":2,\"name\":\"Shop\",\"item\":\"https:\/\/www.piesta.ee\/en\/shop\/\"},{\"@type\":\"ListItem\",\"position\":3,\"name\":\"Piesta \u00f5unastroop\"}]},{\"@type\":\"WebSite\",\"@id\":\"https:\/\/www.piesta.ee\/#website\",\"url\":\"https:\/\/www.piesta.ee\/\",\"name\":\"Piesta Kuusikaru talu\",\"description\":\"\",\"publisher\":{\"@id\":\"https:\/\/www.piesta.ee\/#organization\"},\"potentialAction\":[{\"@type\":\"SearchAction\",\"target\":{\"@type\":\"EntryPoint\",\"urlTemplate\":\"https:\/\/www.piesta.ee\/?s={search_term_string}\"},\"query-input\":{\"@type\":\"PropertyValueSpecification\",\"valueRequired\":true,\"valueName\":\"search_term_string\"}}],\"inLanguage\":\"en-US\"},{\"@type\":\"Organization\",\"@id\":\"https:\/\/www.piesta.ee\/#organization\",\"name\":\"Piesta Kuusikaru talu\",\"url\":\"https:\/\/www.piesta.ee\/\",\"logo\":{\"@type\":\"ImageObject\",\"inLanguage\":\"en-US\",\"@id\":\"https:\/\/www.piesta.ee\/#\/schema\/logo\/image\/\",\"url\":\"https:\/\/www.piesta.ee\/wp-content\/uploads\/2020\/09\/piesta-logo.png\",\"contentUrl\":\"https:\/\/www.piesta.ee\/wp-content\/uploads\/2020\/09\/piesta-logo.png\",\"width\":572,\"height\":381,\"caption\":\"Piesta Kuusikaru talu\"},\"image\":{\"@id\":\"https:\/\/www.piesta.ee\/#\/schema\/logo\/image\/\"},\"sameAs\":[\"https:\/\/www.facebook.com\/piestakuusikaru\/\",\"http:\/\/instagram.com\/piestakuusikaru\"]}]}<\/script>\n<!-- \/ Yoast SEO plugin. -->","yoast_head_json":{"title":"Piesta \u00f5unastroop - Piesta Kuusikaru talu","description":"Piesta \u00f5unastroop on magushapu maitseaine ja lisand, gurmaanide ja kokkade lemmik. \u00d5unastroopi kasutatakse juustumoosina, erinevates kastmetes ja marinaadides, liha ja kala maitsestamiseks, magustoitudes jne.","robots":{"index":"index","follow":"follow","max-snippet":"max-snippet:-1","max-image-preview":"max-image-preview:large","max-video-preview":"max-video-preview:-1"},"canonical":"https:\/\/www.piesta.ee\/toode\/piesta-ounastroop\/","og_locale":"en_US","og_type":"article","og_title":"Piesta \u00f5unastroop - Piesta Kuusikaru talu","og_description":"Piesta \u00f5unastroop on magushapu maitseaine ja lisand, gurmaanide ja kokkade lemmik. \u00d5unastroopi kasutatakse juustumoosina, erinevates kastmetes ja marinaadides, liha ja kala maitsestamiseks, magustoitudes jne.","og_url":"https:\/\/www.piesta.ee\/toode\/piesta-ounastroop\/","og_site_name":"Piesta Kuusikaru talu","article_publisher":"https:\/\/www.facebook.com\/piestakuusikaru\/","article_modified_time":"2025-10-19T11:07:50+00:00","og_image":[{"width":2000,"height":1333,"url":"https:\/\/www.piesta.ee\/wp-content\/uploads\/2020\/09\/Piesta-ounastroop-ja-valgehallitusjuust.jpg","type":"image\/jpeg"}],"twitter_card":"summary_large_image","twitter_misc":{"Est. reading time":"1 minute"},"schema":{"@context":"https:\/\/schema.org","@graph":[{"@type":"WebPage","@id":"https:\/\/www.piesta.ee\/toode\/piesta-ounastroop\/","url":"https:\/\/www.piesta.ee\/toode\/piesta-ounastroop\/","name":"Piesta \u00f5unastroop - Piesta Kuusikaru talu","isPartOf":{"@id":"https:\/\/www.piesta.ee\/#website"},"primaryImageOfPage":{"@id":"https:\/\/www.piesta.ee\/toode\/piesta-ounastroop\/#primaryimage"},"image":{"@id":"https:\/\/www.piesta.ee\/toode\/piesta-ounastroop\/#primaryimage"},"thumbnailUrl":"https:\/\/www.piesta.ee\/wp-content\/uploads\/2020\/09\/Piesta-ounastroop-ja-valgehallitusjuust.jpg","datePublished":"2021-01-29T09:29:43+00:00","dateModified":"2025-10-19T11:07:50+00:00","description":"Piesta \u00f5unastroop on magushapu maitseaine ja lisand, gurmaanide ja kokkade lemmik. \u00d5unastroopi kasutatakse juustumoosina, erinevates kastmetes ja marinaadides, liha ja kala maitsestamiseks, magustoitudes jne.","breadcrumb":{"@id":"https:\/\/www.piesta.ee\/toode\/piesta-ounastroop\/#breadcrumb"},"inLanguage":"en-US","potentialAction":[{"@type":"ReadAction","target":["https:\/\/www.piesta.ee\/toode\/piesta-ounastroop\/"]}]},{"@type":"ImageObject","inLanguage":"en-US","@id":"https:\/\/www.piesta.ee\/toode\/piesta-ounastroop\/#primaryimage","url":"https:\/\/www.piesta.ee\/wp-content\/uploads\/2020\/09\/Piesta-ounastroop-ja-valgehallitusjuust.jpg","contentUrl":"https:\/\/www.piesta.ee\/wp-content\/uploads\/2020\/09\/Piesta-ounastroop-ja-valgehallitusjuust.jpg","width":2000,"height":1333,"caption":"Piesta \u00f5unastroop juustuga"},{"@type":"BreadcrumbList","@id":"https:\/\/www.piesta.ee\/toode\/piesta-ounastroop\/#breadcrumb","itemListElement":[{"@type":"ListItem","position":1,"name":"Home","item":"https:\/\/www.piesta.ee\/en\/"},{"@type":"ListItem","position":2,"name":"Shop","item":"https:\/\/www.piesta.ee\/en\/shop\/"},{"@type":"ListItem","position":3,"name":"Piesta \u00f5unastroop"}]},{"@type":"WebSite","@id":"https:\/\/www.piesta.ee\/#website","url":"https:\/\/www.piesta.ee\/","name":"Piesta Kuusikaru talu","description":"","publisher":{"@id":"https:\/\/www.piesta.ee\/#organization"},"potentialAction":[{"@type":"SearchAction","target":{"@type":"EntryPoint","urlTemplate":"https:\/\/www.piesta.ee\/?s={search_term_string}"},"query-input":{"@type":"PropertyValueSpecification","valueRequired":true,"valueName":"search_term_string"}}],"inLanguage":"en-US"},{"@type":"Organization","@id":"https:\/\/www.piesta.ee\/#organization","name":"Piesta Kuusikaru talu","url":"https:\/\/www.piesta.ee\/","logo":{"@type":"ImageObject","inLanguage":"en-US","@id":"https:\/\/www.piesta.ee\/#\/schema\/logo\/image\/","url":"https:\/\/www.piesta.ee\/wp-content\/uploads\/2020\/09\/piesta-logo.png","contentUrl":"https:\/\/www.piesta.ee\/wp-content\/uploads\/2020\/09\/piesta-logo.png","width":572,"height":381,"caption":"Piesta Kuusikaru talu"},"image":{"@id":"https:\/\/www.piesta.ee\/#\/schema\/logo\/image\/"},"sameAs":["https:\/\/www.facebook.com\/piestakuusikaru\/","http:\/\/instagram.com\/piestakuusikaru"]}]}},"_links":{"self":[{"href":"https:\/\/www.piesta.ee\/en\/wp-json\/wp\/v2\/product\/2080","targetHints":{"allow":["GET"]}}],"collection":[{"href":"https:\/\/www.piesta.ee\/en\/wp-json\/wp\/v2\/product"}],"about":[{"href":"https:\/\/www.piesta.ee\/en\/wp-json\/wp\/v2\/types\/product"}],"replies":[{"embeddable":true,"href":"https:\/\/www.piesta.ee\/en\/wp-json\/wp\/v2\/comments?post=2080"}],"wp:featuredmedia":[{"embeddable":true,"href":"https:\/\/www.piesta.ee\/en\/wp-json\/wp\/v2\/media\/334"}],"wp:attachment":[{"href":"https:\/\/www.piesta.ee\/en\/wp-json\/wp\/v2\/media?parent=2080"}],"wp:term":[{"taxonomy":"product_cat","embeddable":true,"href":"https:\/\/www.piesta.ee\/en\/wp-json\/wp\/v2\/product_cat?post=2080"},{"taxonomy":"product_tag","embeddable":true,"href":"https:\/\/www.piesta.ee\/en\/wp-json\/wp\/v2\/product_tag?post=2080"}],"curies":[{"name":"wp","href":"https:\/\/api.w.org\/{rel}","templated":true}]}}