{"id":2096,"date":"2021-02-09T15:11:52","date_gmt":"2021-02-09T13:11:52","guid":{"rendered":"https:\/\/www.piesta.ee\/?post_type=product&#038;p=2096"},"modified":"2024-11-26T01:18:55","modified_gmt":"2024-11-25T23:18:55","slug":"piesta-vurtsikas-ounajook","status":"publish","type":"product","link":"https:\/\/www.piesta.ee\/en\/toode\/piesta-vurtsikas-ounajook\/","title":{"rendered":"Piesta v\u00fcrtsikas \u00f5unajook"},"content":{"rendered":"<p>V\u00fcrtsikas \u00f5unajook on m\u00f5eldud soojalt joomiseks, pakkudes vaheldust traditsioonilisele punasele gl\u00f6gile \u2013 s\u00fcgistalviste jahedate ilmadega t\u00f5eliselt suurep\u00e4rane soojendaja ning p\u00fchade ajal asendamatu j\u00f5ulumeeleolu looja. Soovitame v\u00fcrtsikat \u00f5unajooki 55-60C kuumutada ning vastavalt oma maitsele, tujule ja seltskonnale kas lahjendada veega v\u00f5i kangestada alkoholiga. Samas v\u00f5ib v\u00fcrtsikat \u00f5unajooki juua ka k\u00fclmalt v\u00f5i kasutada seda erinevate segujookide valmistamisel.<\/p>\n<p>Koostisosad: \u00f5unamahl, vesi, rafineerimata roosuhkur, ingver, kaneel, kardemon, nelk.<\/p>\n<p>Toitumisalane teave (100g): energiasisaldus 51 kCal,; rasvad 0,03 g; s\u00fcsivesikud 12,5 g; valgud 0,06 g,; sool &lt;0,16 g.<\/p>\n","protected":false},"excerpt":{"rendered":"<div><span lang=\"ET\">M\u00f5nusate soojendavate v\u00fcrtsidega \u00f5unajook. Eesti Joogifestivali 2023 Kuld. Eesti talutoidu konkursil Parim Jook 2018.<\/span><\/div>\n<div>Hinnale lisandub pandipakendi tasu 0.10\u20ac, mis liidetakse juurde ostukorvis<\/div>\n<div><\/div>\n","protected":false},"featured_media":318,"comment_status":"open","ping_status":"closed","template":"","meta":{"_acf_changed":false},"product_cat":[37],"product_tag":[],"class_list":{"0":"post-2096","1":"product","2":"type-product","3":"status-publish","4":"has-post-thumbnail","6":"product_cat-joogid","8":"first","9":"instock","10":"taxable","11":"shipping-taxable","12":"purchasable","13":"product-type-simple"},"acf":[],"yoast_head":"<!-- This site is optimized with the Yoast SEO plugin v23.9 - https:\/\/yoast.com\/wordpress\/plugins\/seo\/ -->\n<title>Piesta v\u00fcrtsikas \u00f5unajook - Piesta Kuusikaru talu<\/title>\n<meta name=\"description\" content=\"Piesta v\u00fcrtsikas \u00f5unajook maitseb soojalt nagu j\u00f5ulud v\u00f5i nagu vanaema \u00f5unakook. T\u00e4nu lisatud v\u00fcrtsidele sobib ideaalselt soojendajaks k\u00fclmal ajal.\" \/>\n<meta name=\"robots\" content=\"index, follow, max-snippet:-1, max-image-preview:large, max-video-preview:-1\" \/>\n<link rel=\"canonical\" href=\"https:\/\/www.piesta.ee\/toode\/piesta-vurtsikas-ounajook\/\" \/>\n<meta property=\"og:locale\" content=\"en_US\" \/>\n<meta property=\"og:type\" content=\"article\" \/>\n<meta property=\"og:title\" content=\"Piesta v\u00fcrtsikas \u00f5unajook - Piesta Kuusikaru talu\" \/>\n<meta property=\"og:description\" content=\"Piesta v\u00fcrtsikas \u00f5unajook maitseb soojalt nagu j\u00f5ulud v\u00f5i nagu vanaema \u00f5unakook. T\u00e4nu lisatud v\u00fcrtsidele sobib ideaalselt soojendajaks k\u00fclmal ajal.\" \/>\n<meta property=\"og:url\" content=\"https:\/\/www.piesta.ee\/toode\/piesta-vurtsikas-ounajook\/\" \/>\n<meta property=\"og:site_name\" content=\"Piesta Kuusikaru talu\" \/>\n<meta property=\"article:publisher\" content=\"https:\/\/www.facebook.com\/piestakuusikaru\/\" \/>\n<meta property=\"article:modified_time\" content=\"2024-11-25T23:18:55+00:00\" \/>\n<meta property=\"og:image\" content=\"https:\/\/www.piesta.ee\/wp-content\/uploads\/2020\/09\/Piesta-spiced-apple-drink.jpg\" \/>\n\t<meta property=\"og:image:width\" content=\"2000\" \/>\n\t<meta property=\"og:image:height\" content=\"1333\" \/>\n\t<meta property=\"og:image:type\" content=\"image\/jpeg\" \/>\n<meta name=\"twitter:card\" content=\"summary_large_image\" \/>\n<meta name=\"twitter:label1\" content=\"Est. reading time\" \/>\n\t<meta name=\"twitter:data1\" content=\"1 minute\" \/>\n<script type=\"application\/ld+json\" class=\"yoast-schema-graph\">{\"@context\":\"https:\/\/schema.org\",\"@graph\":[{\"@type\":\"WebPage\",\"@id\":\"https:\/\/www.piesta.ee\/toode\/piesta-vurtsikas-ounajook\/\",\"url\":\"https:\/\/www.piesta.ee\/toode\/piesta-vurtsikas-ounajook\/\",\"name\":\"Piesta v\u00fcrtsikas \u00f5unajook - Piesta Kuusikaru talu\",\"isPartOf\":{\"@id\":\"https:\/\/www.piesta.ee\/#website\"},\"primaryImageOfPage\":{\"@id\":\"https:\/\/www.piesta.ee\/toode\/piesta-vurtsikas-ounajook\/#primaryimage\"},\"image\":{\"@id\":\"https:\/\/www.piesta.ee\/toode\/piesta-vurtsikas-ounajook\/#primaryimage\"},\"thumbnailUrl\":\"https:\/\/www.piesta.ee\/wp-content\/uploads\/2020\/09\/Piesta-spiced-apple-drink.jpg\",\"datePublished\":\"2021-02-09T13:11:52+00:00\",\"dateModified\":\"2024-11-25T23:18:55+00:00\",\"description\":\"Piesta v\u00fcrtsikas \u00f5unajook maitseb soojalt nagu j\u00f5ulud v\u00f5i nagu vanaema \u00f5unakook. T\u00e4nu lisatud v\u00fcrtsidele sobib ideaalselt soojendajaks k\u00fclmal ajal.\",\"breadcrumb\":{\"@id\":\"https:\/\/www.piesta.ee\/toode\/piesta-vurtsikas-ounajook\/#breadcrumb\"},\"inLanguage\":\"en-US\",\"potentialAction\":[{\"@type\":\"ReadAction\",\"target\":[\"https:\/\/www.piesta.ee\/toode\/piesta-vurtsikas-ounajook\/\"]}]},{\"@type\":\"ImageObject\",\"inLanguage\":\"en-US\",\"@id\":\"https:\/\/www.piesta.ee\/toode\/piesta-vurtsikas-ounajook\/#primaryimage\",\"url\":\"https:\/\/www.piesta.ee\/wp-content\/uploads\/2020\/09\/Piesta-spiced-apple-drink.jpg\",\"contentUrl\":\"https:\/\/www.piesta.ee\/wp-content\/uploads\/2020\/09\/Piesta-spiced-apple-drink.jpg\",\"width\":2000,\"height\":1333},{\"@type\":\"BreadcrumbList\",\"@id\":\"https:\/\/www.piesta.ee\/toode\/piesta-vurtsikas-ounajook\/#breadcrumb\",\"itemListElement\":[{\"@type\":\"ListItem\",\"position\":1,\"name\":\"Home\",\"item\":\"https:\/\/www.piesta.ee\/en\/\"},{\"@type\":\"ListItem\",\"position\":2,\"name\":\"Shop\",\"item\":\"https:\/\/www.piesta.ee\/en\/shop\/\"},{\"@type\":\"ListItem\",\"position\":3,\"name\":\"Piesta v\u00fcrtsikas \u00f5unajook\"}]},{\"@type\":\"WebSite\",\"@id\":\"https:\/\/www.piesta.ee\/#website\",\"url\":\"https:\/\/www.piesta.ee\/\",\"name\":\"Piesta Kuusikaru talu\",\"description\":\"\",\"publisher\":{\"@id\":\"https:\/\/www.piesta.ee\/#organization\"},\"potentialAction\":[{\"@type\":\"SearchAction\",\"target\":{\"@type\":\"EntryPoint\",\"urlTemplate\":\"https:\/\/www.piesta.ee\/?s={search_term_string}\"},\"query-input\":{\"@type\":\"PropertyValueSpecification\",\"valueRequired\":true,\"valueName\":\"search_term_string\"}}],\"inLanguage\":\"en-US\"},{\"@type\":\"Organization\",\"@id\":\"https:\/\/www.piesta.ee\/#organization\",\"name\":\"Piesta Kuusikaru talu\",\"url\":\"https:\/\/www.piesta.ee\/\",\"logo\":{\"@type\":\"ImageObject\",\"inLanguage\":\"en-US\",\"@id\":\"https:\/\/www.piesta.ee\/#\/schema\/logo\/image\/\",\"url\":\"https:\/\/www.piesta.ee\/wp-content\/uploads\/2020\/09\/piesta-logo.png\",\"contentUrl\":\"https:\/\/www.piesta.ee\/wp-content\/uploads\/2020\/09\/piesta-logo.png\",\"width\":572,\"height\":381,\"caption\":\"Piesta Kuusikaru talu\"},\"image\":{\"@id\":\"https:\/\/www.piesta.ee\/#\/schema\/logo\/image\/\"},\"sameAs\":[\"https:\/\/www.facebook.com\/piestakuusikaru\/\",\"http:\/\/instagram.com\/piestakuusikaru\"]}]}<\/script>\n<!-- \/ Yoast SEO plugin. -->","yoast_head_json":{"title":"Piesta v\u00fcrtsikas \u00f5unajook - Piesta Kuusikaru talu","description":"Piesta v\u00fcrtsikas \u00f5unajook maitseb soojalt nagu j\u00f5ulud v\u00f5i nagu vanaema \u00f5unakook. T\u00e4nu lisatud v\u00fcrtsidele sobib ideaalselt soojendajaks k\u00fclmal ajal.","robots":{"index":"index","follow":"follow","max-snippet":"max-snippet:-1","max-image-preview":"max-image-preview:large","max-video-preview":"max-video-preview:-1"},"canonical":"https:\/\/www.piesta.ee\/toode\/piesta-vurtsikas-ounajook\/","og_locale":"en_US","og_type":"article","og_title":"Piesta v\u00fcrtsikas \u00f5unajook - Piesta Kuusikaru talu","og_description":"Piesta v\u00fcrtsikas \u00f5unajook maitseb soojalt nagu j\u00f5ulud v\u00f5i nagu vanaema \u00f5unakook. T\u00e4nu lisatud v\u00fcrtsidele sobib ideaalselt soojendajaks k\u00fclmal ajal.","og_url":"https:\/\/www.piesta.ee\/toode\/piesta-vurtsikas-ounajook\/","og_site_name":"Piesta Kuusikaru talu","article_publisher":"https:\/\/www.facebook.com\/piestakuusikaru\/","article_modified_time":"2024-11-25T23:18:55+00:00","og_image":[{"width":2000,"height":1333,"url":"https:\/\/www.piesta.ee\/wp-content\/uploads\/2020\/09\/Piesta-spiced-apple-drink.jpg","type":"image\/jpeg"}],"twitter_card":"summary_large_image","twitter_misc":{"Est. reading time":"1 minute"},"schema":{"@context":"https:\/\/schema.org","@graph":[{"@type":"WebPage","@id":"https:\/\/www.piesta.ee\/toode\/piesta-vurtsikas-ounajook\/","url":"https:\/\/www.piesta.ee\/toode\/piesta-vurtsikas-ounajook\/","name":"Piesta v\u00fcrtsikas \u00f5unajook - Piesta Kuusikaru talu","isPartOf":{"@id":"https:\/\/www.piesta.ee\/#website"},"primaryImageOfPage":{"@id":"https:\/\/www.piesta.ee\/toode\/piesta-vurtsikas-ounajook\/#primaryimage"},"image":{"@id":"https:\/\/www.piesta.ee\/toode\/piesta-vurtsikas-ounajook\/#primaryimage"},"thumbnailUrl":"https:\/\/www.piesta.ee\/wp-content\/uploads\/2020\/09\/Piesta-spiced-apple-drink.jpg","datePublished":"2021-02-09T13:11:52+00:00","dateModified":"2024-11-25T23:18:55+00:00","description":"Piesta v\u00fcrtsikas \u00f5unajook maitseb soojalt nagu j\u00f5ulud v\u00f5i nagu vanaema \u00f5unakook. T\u00e4nu lisatud v\u00fcrtsidele sobib ideaalselt soojendajaks k\u00fclmal ajal.","breadcrumb":{"@id":"https:\/\/www.piesta.ee\/toode\/piesta-vurtsikas-ounajook\/#breadcrumb"},"inLanguage":"en-US","potentialAction":[{"@type":"ReadAction","target":["https:\/\/www.piesta.ee\/toode\/piesta-vurtsikas-ounajook\/"]}]},{"@type":"ImageObject","inLanguage":"en-US","@id":"https:\/\/www.piesta.ee\/toode\/piesta-vurtsikas-ounajook\/#primaryimage","url":"https:\/\/www.piesta.ee\/wp-content\/uploads\/2020\/09\/Piesta-spiced-apple-drink.jpg","contentUrl":"https:\/\/www.piesta.ee\/wp-content\/uploads\/2020\/09\/Piesta-spiced-apple-drink.jpg","width":2000,"height":1333},{"@type":"BreadcrumbList","@id":"https:\/\/www.piesta.ee\/toode\/piesta-vurtsikas-ounajook\/#breadcrumb","itemListElement":[{"@type":"ListItem","position":1,"name":"Home","item":"https:\/\/www.piesta.ee\/en\/"},{"@type":"ListItem","position":2,"name":"Shop","item":"https:\/\/www.piesta.ee\/en\/shop\/"},{"@type":"ListItem","position":3,"name":"Piesta v\u00fcrtsikas \u00f5unajook"}]},{"@type":"WebSite","@id":"https:\/\/www.piesta.ee\/#website","url":"https:\/\/www.piesta.ee\/","name":"Piesta Kuusikaru talu","description":"","publisher":{"@id":"https:\/\/www.piesta.ee\/#organization"},"potentialAction":[{"@type":"SearchAction","target":{"@type":"EntryPoint","urlTemplate":"https:\/\/www.piesta.ee\/?s={search_term_string}"},"query-input":{"@type":"PropertyValueSpecification","valueRequired":true,"valueName":"search_term_string"}}],"inLanguage":"en-US"},{"@type":"Organization","@id":"https:\/\/www.piesta.ee\/#organization","name":"Piesta Kuusikaru talu","url":"https:\/\/www.piesta.ee\/","logo":{"@type":"ImageObject","inLanguage":"en-US","@id":"https:\/\/www.piesta.ee\/#\/schema\/logo\/image\/","url":"https:\/\/www.piesta.ee\/wp-content\/uploads\/2020\/09\/piesta-logo.png","contentUrl":"https:\/\/www.piesta.ee\/wp-content\/uploads\/2020\/09\/piesta-logo.png","width":572,"height":381,"caption":"Piesta Kuusikaru talu"},"image":{"@id":"https:\/\/www.piesta.ee\/#\/schema\/logo\/image\/"},"sameAs":["https:\/\/www.facebook.com\/piestakuusikaru\/","http:\/\/instagram.com\/piestakuusikaru"]}]}},"_links":{"self":[{"href":"https:\/\/www.piesta.ee\/en\/wp-json\/wp\/v2\/product\/2096","targetHints":{"allow":["GET"]}}],"collection":[{"href":"https:\/\/www.piesta.ee\/en\/wp-json\/wp\/v2\/product"}],"about":[{"href":"https:\/\/www.piesta.ee\/en\/wp-json\/wp\/v2\/types\/product"}],"replies":[{"embeddable":true,"href":"https:\/\/www.piesta.ee\/en\/wp-json\/wp\/v2\/comments?post=2096"}],"wp:featuredmedia":[{"embeddable":true,"href":"https:\/\/www.piesta.ee\/en\/wp-json\/wp\/v2\/media\/318"}],"wp:attachment":[{"href":"https:\/\/www.piesta.ee\/en\/wp-json\/wp\/v2\/media?parent=2096"}],"wp:term":[{"taxonomy":"product_cat","embeddable":true,"href":"https:\/\/www.piesta.ee\/en\/wp-json\/wp\/v2\/product_cat?post=2096"},{"taxonomy":"product_tag","embeddable":true,"href":"https:\/\/www.piesta.ee\/en\/wp-json\/wp\/v2\/product_tag?post=2096"}],"curies":[{"name":"wp","href":"https:\/\/api.w.org\/{rel}","templated":true}]}}