{"id":2097,"date":"2021-02-09T15:17:16","date_gmt":"2021-02-09T13:17:16","guid":{"rendered":"https:\/\/www.piesta.ee\/?post_type=product&#038;p=2097"},"modified":"2025-10-19T14:07:26","modified_gmt":"2025-10-19T11:07:26","slug":"piesta-mahe-ounaaadikas","status":"publish","type":"product","link":"https:\/\/www.piesta.ee\/en\/toode\/piesta-mahe-ounaaadikas\/","title":{"rendered":"Piesta mahe \u00f5una\u00e4\u00e4dikas"},"content":{"rendered":"<h2>Piesta mahe \u00f5una\u00e4\u00e4dikas on naturaalne<\/h2>\n<p>Piesta \u00f5una\u00e4\u00e4dikas on tunnustatud mahetoode &#8211; looduslik ja t\u00e4isv\u00e4\u00e4rtuslik, valminud parimast <a href=\"https:\/\/www.piesta.ee\/toode\/maheounamahl\/\" target=\"_blank\" rel=\"noopener\">mahe\u00f5unamahlast<\/a> aeglase k\u00e4\u00e4rimisprotsessi tulemusena. K\u00e4\u00e4ritamise k\u00e4igus muutub \u00f5unamahl naturaalseks \u00f5una\u00e4\u00e4dikaks, mille loomulik sete ehk \u00e4\u00e4dika &#8220;ema&#8221; sisaldab mitmesuguseid ens\u00fc\u00fcme. Piesta \u00f5una\u00e4\u00e4dikat ei selitata, filtreerita ega past\u00f6riseerita, mist\u00f5ttu s\u00e4ilivad k\u00f5ik looduslikud komponendid ja iidsetest aegadest \u00f5una\u00e4\u00e4dikale omistatud kasulikud omadused.<\/p>\n<h2>Miks valida Piesta \u00f5una\u00e4\u00e4dikas?<\/h2>\n<p>Piesta \u00f5una\u00e4\u00e4dikas on tuntud oma pehme maitse poolest, mida hindavad nii toiduvalmistajad kui tervise eest hoolitsejad. Piesta \u00f5una\u00e4\u00e4dika happesus on vahemikus 2\u20134%, s\u00f5ltuvalt partiist. See lisab roogadele kerget happesust ja s\u00fcgavust ning aitab \u00fchtlasi tasakaalustada organismi pH-taset ning soodustab seedimist. \u00d5una\u00e4\u00e4dikas sisaldab looduslikke ens\u00fc\u00fcme ja kasulikke baktereid, mis v\u00f5ivad toetada seedetrakti t\u00f6\u00f6d ja soodustada immuuns\u00fcsteemi tugevnemist. Nn \u00e4\u00e4dika &#8220;ema&#8221;, mis v\u00f5ib m\u00f5juda veidra h\u00f5ljuva ollusena, on Piesta \u00f5una\u00e4\u00e4dika k\u00f5ige v\u00e4\u00e4rtuslikum osa.<\/p>\n<h3>Mis vahe on \u00f5una\u00e4\u00e4dikal ja siidri\u00e4\u00e4dikal?<\/h3>\n<p>Piesta \u00f5una\u00e4\u00e4dika n\u00e4itel v\u00f5ib \u00f6elda, et vahet pole. Piesta \u00f5una\u00e4\u00e4dikat v\u00f5iks sama h\u00e4sti nimetada siidri\u00e4\u00e4dikaks, kuna tooraineks on puhas k\u00fclmpressitud \u00f5unamahl. Siidri\u00e4\u00e4dika nimetus on p\u00e4rit Ameerika mandrilt, kus siidriks nimetatakse meie m\u00f5istes kodust \u00f5unamahla, eristades seda tehastes kontsentraadist valmistatavast joogist. Eesti keeles on praegu paralleelselt kasutusel m\u00f5lemad terminid (vt <a href=\"https:\/\/nami-nami.ee\/sonastik\/sona\/1112\/%C3%95una%C3%A4%C3%A4dikas+e.+siidri%C3%A4%C3%A4dikas\" target=\"_blank\" rel=\"noopener\">Nami-Nami kokanduss\u00f5nastik<\/a>).<\/p>\n<h2>Kuidas kasutada?<\/h2>\n<p>Toiduvalmistamisel saab \u00f5una\u00e4\u00e4dikat kasutada mitmel erineval viisil. See sobib suurep\u00e4raselt:<\/p>\n<ul>\n<li><strong>kastmetesse*<\/strong>: sega \u00f5una\u00e4\u00e4dikas Piesta \u00f5unastroobi ja oliivi\u00f5liga ning lisa soovi korral sinepit ja meelep\u00e4raseid \u00fcrte, et luua maitsev ja tervislik vinegrett-kaste<\/li>\n<li><strong>marinaadidesse<\/strong>: \u00f5una\u00e4\u00e4dikas pehmendab liha ja kala ning annab marinaadidele \u00f5rna happesuse, mis rikastab maitset<\/li>\n<li><strong>saiataignasse<\/strong>: \u00f5una\u00e4\u00e4dikas muudab taigna \u00f5hulisemaks ja \u00fchtlasi saia kergemini seeditavaks<\/li>\n<\/ul>\n<p>* Piesta \u00f5una\u00e4\u00e4dikas on \u00fchtlasi \u00fcks kahest <a href=\"https:\/\/www.piesta.ee\/toode\/piesta-salatikaste\/\" target=\"_blank\" rel=\"noopener\">Piesta salatikastme<\/a> komponendist.<\/p>\n<h2>\u00d5una\u00e4\u00e4dikas, rahvameditsiin ja teadus<\/h2>\n<p>Naturaalsele \u00f5una\u00e4\u00e4dikale on iidsetest aegadest omistatud tervet hulka tervisele kasulikke omadusi. K\u00f5ige laiemalt teatakse, et \u00f5una\u00e4\u00e4dikas soodustab ainevahetust, kuid tuleb arvestada, et hea seedimise alus on siiski igap\u00e4evane tasakaalustatud toitumine ja piisav liikumine. Mingil juhul ei tohi \u00f5una\u00e4\u00e4dikaga liialdada. T\u00e4psemaid soovitusi, kas \u00fcldse ja kui tihti vees lahustatud \u00f5una\u00e4\u00e4dikat tervise hoidmise eesm\u00e4rgil tarbida, on eesti keeles jaganud Aive Luigela, kelle s\u00f5nul on \u00f5una\u00e4\u00e4dikas t\u00f5eline aare. Kas \u00f5una\u00e4\u00e4dikas on naturaalne probiootikum? Teadlaste ja toitumisspetsialistide arvamusi on erinevaid, kuid mitmed allikad kinnitavad, et \u00f5una\u00e4\u00e4dika k\u00e4\u00e4ritamisprotsessis tekkinud mikroorganismid omavad probiootikumidele sarnaseid kasulikke omadusi ning v\u00f5ivad soodustada soolestiku tervist ja seel\u00e4bi toetada ka \u00fcldist heaolu.<\/p>\n<h3>Kaua s\u00e4ilib?<\/h3>\n<p>Piesta \u00f5una\u00e4\u00e4dika pudelile ei ole m\u00e4rgitud \u201eparim enne\u201c t\u00e4htaega, kuna tegu on piiramatu s\u00e4ilivusajaga tootega. Soovitame \u00f5una\u00e4\u00e4dikat hoida pimedas, eemal valgusallikatest &#8211; h\u00e4sti sobib tavaline k\u00f6\u00f6gikapp.<\/p>\n<p>Koostisosad: 100% mahe \u00f5una\u00e4\u00e4dikas.<\/p>\n","protected":false},"excerpt":{"rendered":"<div><span lang=\"ET\">Piesta mahe \u00f5una\u00e4\u00e4dikas on looduslik ja mitmek\u00fclgne toode, mis on valminud aeglase k\u00e4\u00e4rimisprotsessi. See on t\u00e4ies mahus k\u00e4\u00e4ritatud mahe\u00f5unamahlast, ilma et seda oleks selitatud, filtreeritud v\u00f5i past\u00f6riseeritud. T\u00e4nu sellele s\u00e4ilib \u00e4\u00e4dikas oma looduslik rikkus, sealhulgas loomulik sete, mida tuntakse kui \u00e4\u00e4dika \u201eema\u201c. Piesta \u00f5una\u00e4\u00e4dikas on autentne ja puhas toode, mille \u00e4\u00e4dikhappesisaldus j\u00e4\u00e4b vahemikku 2\u20134%, olenevalt partiist..<\/span><\/div>\n<div>Netokogus: 0,2 ltr.<br \/>\nNB! ainult e-poes on n\u00fc\u00fcd saadaval ka suurem pudel, mis mahutab 0,7 ltr \u00f5una\u00e4\u00e4dikat.<\/div>\n","protected":false},"featured_media":324,"comment_status":"open","ping_status":"closed","template":"","meta":{"_acf_changed":false},"product_cat":[47,40],"product_tag":[],"class_list":{"0":"post-2097","1":"product","2":"type-product","3":"status-publish","4":"has-post-thumbnail","6":"product_cat-lisandid","7":"product_cat-mahetoode","9":"first","10":"instock","11":"taxable","12":"shipping-taxable","13":"purchasable","14":"product-type-variable","15":"has-default-attributes"},"acf":[],"yoast_head":"<!-- This site is optimized with the Yoast SEO plugin v23.9 - https:\/\/yoast.com\/wordpress\/plugins\/seo\/ -->\n<title>Piesta mahe \u00f5una\u00e4\u00e4dikas - Piesta Kuusikaru talu<\/title>\n<meta name=\"description\" content=\"Piesta \u00f5una\u00e4\u00e4dikas on tunnustatud mahetoode. Valmistatud puhtast \u00f5unamahlast, k\u00e4\u00e4ritatud aeglaselt. Past\u00f6riseerimata, sisaldab \u00e4\u00e4dika &quot;ema&quot;.\" \/>\n<meta name=\"robots\" content=\"index, follow, max-snippet:-1, max-image-preview:large, max-video-preview:-1\" \/>\n<link rel=\"canonical\" href=\"https:\/\/www.piesta.ee\/toode\/piesta-mahe-ounaaadikas\/\" \/>\n<meta property=\"og:locale\" content=\"en_US\" \/>\n<meta property=\"og:type\" content=\"article\" \/>\n<meta property=\"og:title\" content=\"Piesta mahe \u00f5una\u00e4\u00e4dikas - Piesta Kuusikaru talu\" \/>\n<meta property=\"og:description\" content=\"Piesta \u00f5una\u00e4\u00e4dikas on tunnustatud mahetoode. Valmistatud puhtast \u00f5unamahlast, k\u00e4\u00e4ritatud aeglaselt. Past\u00f6riseerimata, sisaldab \u00e4\u00e4dika &quot;ema&quot;.\" \/>\n<meta property=\"og:url\" content=\"https:\/\/www.piesta.ee\/toode\/piesta-mahe-ounaaadikas\/\" \/>\n<meta property=\"og:site_name\" content=\"Piesta Kuusikaru talu\" \/>\n<meta property=\"article:publisher\" content=\"https:\/\/www.facebook.com\/piestakuusikaru\/\" \/>\n<meta property=\"article:modified_time\" content=\"2025-10-19T11:07:26+00:00\" \/>\n<meta property=\"og:image\" content=\"https:\/\/www.piesta.ee\/wp-content\/uploads\/2020\/09\/Piesta-aadikas-salatiga-veeb-1.jpg\" \/>\n\t<meta property=\"og:image:width\" content=\"2000\" \/>\n\t<meta property=\"og:image:height\" content=\"1333\" \/>\n\t<meta property=\"og:image:type\" content=\"image\/jpeg\" \/>\n<meta name=\"twitter:card\" content=\"summary_large_image\" \/>\n<meta name=\"twitter:label1\" content=\"Est. reading time\" \/>\n\t<meta name=\"twitter:data1\" content=\"3 minutes\" \/>\n<script type=\"application\/ld+json\" class=\"yoast-schema-graph\">{\"@context\":\"https:\/\/schema.org\",\"@graph\":[{\"@type\":\"WebPage\",\"@id\":\"https:\/\/www.piesta.ee\/toode\/piesta-mahe-ounaaadikas\/\",\"url\":\"https:\/\/www.piesta.ee\/toode\/piesta-mahe-ounaaadikas\/\",\"name\":\"Piesta mahe \u00f5una\u00e4\u00e4dikas - Piesta Kuusikaru talu\",\"isPartOf\":{\"@id\":\"https:\/\/www.piesta.ee\/#website\"},\"primaryImageOfPage\":{\"@id\":\"https:\/\/www.piesta.ee\/toode\/piesta-mahe-ounaaadikas\/#primaryimage\"},\"image\":{\"@id\":\"https:\/\/www.piesta.ee\/toode\/piesta-mahe-ounaaadikas\/#primaryimage\"},\"thumbnailUrl\":\"https:\/\/www.piesta.ee\/wp-content\/uploads\/2020\/09\/Piesta-aadikas-salatiga-veeb-1.jpg\",\"datePublished\":\"2021-02-09T13:17:16+00:00\",\"dateModified\":\"2025-10-19T11:07:26+00:00\",\"description\":\"Piesta \u00f5una\u00e4\u00e4dikas on tunnustatud mahetoode. Valmistatud puhtast \u00f5unamahlast, k\u00e4\u00e4ritatud aeglaselt. Past\u00f6riseerimata, sisaldab \u00e4\u00e4dika \\\"ema\\\".\",\"breadcrumb\":{\"@id\":\"https:\/\/www.piesta.ee\/toode\/piesta-mahe-ounaaadikas\/#breadcrumb\"},\"inLanguage\":\"en-US\",\"potentialAction\":[{\"@type\":\"ReadAction\",\"target\":[\"https:\/\/www.piesta.ee\/toode\/piesta-mahe-ounaaadikas\/\"]}]},{\"@type\":\"ImageObject\",\"inLanguage\":\"en-US\",\"@id\":\"https:\/\/www.piesta.ee\/toode\/piesta-mahe-ounaaadikas\/#primaryimage\",\"url\":\"https:\/\/www.piesta.ee\/wp-content\/uploads\/2020\/09\/Piesta-aadikas-salatiga-veeb-1.jpg\",\"contentUrl\":\"https:\/\/www.piesta.ee\/wp-content\/uploads\/2020\/09\/Piesta-aadikas-salatiga-veeb-1.jpg\",\"width\":2000,\"height\":1333},{\"@type\":\"BreadcrumbList\",\"@id\":\"https:\/\/www.piesta.ee\/toode\/piesta-mahe-ounaaadikas\/#breadcrumb\",\"itemListElement\":[{\"@type\":\"ListItem\",\"position\":1,\"name\":\"Home\",\"item\":\"https:\/\/www.piesta.ee\/en\/\"},{\"@type\":\"ListItem\",\"position\":2,\"name\":\"Shop\",\"item\":\"https:\/\/www.piesta.ee\/en\/shop\/\"},{\"@type\":\"ListItem\",\"position\":3,\"name\":\"Piesta mahe \u00f5una\u00e4\u00e4dikas\"}]},{\"@type\":\"WebSite\",\"@id\":\"https:\/\/www.piesta.ee\/#website\",\"url\":\"https:\/\/www.piesta.ee\/\",\"name\":\"Piesta Kuusikaru talu\",\"description\":\"\",\"publisher\":{\"@id\":\"https:\/\/www.piesta.ee\/#organization\"},\"potentialAction\":[{\"@type\":\"SearchAction\",\"target\":{\"@type\":\"EntryPoint\",\"urlTemplate\":\"https:\/\/www.piesta.ee\/?s={search_term_string}\"},\"query-input\":{\"@type\":\"PropertyValueSpecification\",\"valueRequired\":true,\"valueName\":\"search_term_string\"}}],\"inLanguage\":\"en-US\"},{\"@type\":\"Organization\",\"@id\":\"https:\/\/www.piesta.ee\/#organization\",\"name\":\"Piesta Kuusikaru talu\",\"url\":\"https:\/\/www.piesta.ee\/\",\"logo\":{\"@type\":\"ImageObject\",\"inLanguage\":\"en-US\",\"@id\":\"https:\/\/www.piesta.ee\/#\/schema\/logo\/image\/\",\"url\":\"https:\/\/www.piesta.ee\/wp-content\/uploads\/2020\/09\/piesta-logo.png\",\"contentUrl\":\"https:\/\/www.piesta.ee\/wp-content\/uploads\/2020\/09\/piesta-logo.png\",\"width\":572,\"height\":381,\"caption\":\"Piesta Kuusikaru talu\"},\"image\":{\"@id\":\"https:\/\/www.piesta.ee\/#\/schema\/logo\/image\/\"},\"sameAs\":[\"https:\/\/www.facebook.com\/piestakuusikaru\/\",\"http:\/\/instagram.com\/piestakuusikaru\"]}]}<\/script>\n<!-- \/ Yoast SEO plugin. -->","yoast_head_json":{"title":"Piesta mahe \u00f5una\u00e4\u00e4dikas - Piesta Kuusikaru talu","description":"Piesta \u00f5una\u00e4\u00e4dikas on tunnustatud mahetoode. Valmistatud puhtast \u00f5unamahlast, k\u00e4\u00e4ritatud aeglaselt. Past\u00f6riseerimata, sisaldab \u00e4\u00e4dika \"ema\".","robots":{"index":"index","follow":"follow","max-snippet":"max-snippet:-1","max-image-preview":"max-image-preview:large","max-video-preview":"max-video-preview:-1"},"canonical":"https:\/\/www.piesta.ee\/toode\/piesta-mahe-ounaaadikas\/","og_locale":"en_US","og_type":"article","og_title":"Piesta mahe \u00f5una\u00e4\u00e4dikas - Piesta Kuusikaru talu","og_description":"Piesta \u00f5una\u00e4\u00e4dikas on tunnustatud mahetoode. Valmistatud puhtast \u00f5unamahlast, k\u00e4\u00e4ritatud aeglaselt. Past\u00f6riseerimata, sisaldab \u00e4\u00e4dika \"ema\".","og_url":"https:\/\/www.piesta.ee\/toode\/piesta-mahe-ounaaadikas\/","og_site_name":"Piesta Kuusikaru talu","article_publisher":"https:\/\/www.facebook.com\/piestakuusikaru\/","article_modified_time":"2025-10-19T11:07:26+00:00","og_image":[{"width":2000,"height":1333,"url":"https:\/\/www.piesta.ee\/wp-content\/uploads\/2020\/09\/Piesta-aadikas-salatiga-veeb-1.jpg","type":"image\/jpeg"}],"twitter_card":"summary_large_image","twitter_misc":{"Est. reading time":"3 minutes"},"schema":{"@context":"https:\/\/schema.org","@graph":[{"@type":"WebPage","@id":"https:\/\/www.piesta.ee\/toode\/piesta-mahe-ounaaadikas\/","url":"https:\/\/www.piesta.ee\/toode\/piesta-mahe-ounaaadikas\/","name":"Piesta mahe \u00f5una\u00e4\u00e4dikas - Piesta Kuusikaru talu","isPartOf":{"@id":"https:\/\/www.piesta.ee\/#website"},"primaryImageOfPage":{"@id":"https:\/\/www.piesta.ee\/toode\/piesta-mahe-ounaaadikas\/#primaryimage"},"image":{"@id":"https:\/\/www.piesta.ee\/toode\/piesta-mahe-ounaaadikas\/#primaryimage"},"thumbnailUrl":"https:\/\/www.piesta.ee\/wp-content\/uploads\/2020\/09\/Piesta-aadikas-salatiga-veeb-1.jpg","datePublished":"2021-02-09T13:17:16+00:00","dateModified":"2025-10-19T11:07:26+00:00","description":"Piesta \u00f5una\u00e4\u00e4dikas on tunnustatud mahetoode. Valmistatud puhtast \u00f5unamahlast, k\u00e4\u00e4ritatud aeglaselt. Past\u00f6riseerimata, sisaldab \u00e4\u00e4dika \"ema\".","breadcrumb":{"@id":"https:\/\/www.piesta.ee\/toode\/piesta-mahe-ounaaadikas\/#breadcrumb"},"inLanguage":"en-US","potentialAction":[{"@type":"ReadAction","target":["https:\/\/www.piesta.ee\/toode\/piesta-mahe-ounaaadikas\/"]}]},{"@type":"ImageObject","inLanguage":"en-US","@id":"https:\/\/www.piesta.ee\/toode\/piesta-mahe-ounaaadikas\/#primaryimage","url":"https:\/\/www.piesta.ee\/wp-content\/uploads\/2020\/09\/Piesta-aadikas-salatiga-veeb-1.jpg","contentUrl":"https:\/\/www.piesta.ee\/wp-content\/uploads\/2020\/09\/Piesta-aadikas-salatiga-veeb-1.jpg","width":2000,"height":1333},{"@type":"BreadcrumbList","@id":"https:\/\/www.piesta.ee\/toode\/piesta-mahe-ounaaadikas\/#breadcrumb","itemListElement":[{"@type":"ListItem","position":1,"name":"Home","item":"https:\/\/www.piesta.ee\/en\/"},{"@type":"ListItem","position":2,"name":"Shop","item":"https:\/\/www.piesta.ee\/en\/shop\/"},{"@type":"ListItem","position":3,"name":"Piesta mahe \u00f5una\u00e4\u00e4dikas"}]},{"@type":"WebSite","@id":"https:\/\/www.piesta.ee\/#website","url":"https:\/\/www.piesta.ee\/","name":"Piesta Kuusikaru talu","description":"","publisher":{"@id":"https:\/\/www.piesta.ee\/#organization"},"potentialAction":[{"@type":"SearchAction","target":{"@type":"EntryPoint","urlTemplate":"https:\/\/www.piesta.ee\/?s={search_term_string}"},"query-input":{"@type":"PropertyValueSpecification","valueRequired":true,"valueName":"search_term_string"}}],"inLanguage":"en-US"},{"@type":"Organization","@id":"https:\/\/www.piesta.ee\/#organization","name":"Piesta Kuusikaru talu","url":"https:\/\/www.piesta.ee\/","logo":{"@type":"ImageObject","inLanguage":"en-US","@id":"https:\/\/www.piesta.ee\/#\/schema\/logo\/image\/","url":"https:\/\/www.piesta.ee\/wp-content\/uploads\/2020\/09\/piesta-logo.png","contentUrl":"https:\/\/www.piesta.ee\/wp-content\/uploads\/2020\/09\/piesta-logo.png","width":572,"height":381,"caption":"Piesta Kuusikaru talu"},"image":{"@id":"https:\/\/www.piesta.ee\/#\/schema\/logo\/image\/"},"sameAs":["https:\/\/www.facebook.com\/piestakuusikaru\/","http:\/\/instagram.com\/piestakuusikaru"]}]}},"_links":{"self":[{"href":"https:\/\/www.piesta.ee\/en\/wp-json\/wp\/v2\/product\/2097","targetHints":{"allow":["GET"]}}],"collection":[{"href":"https:\/\/www.piesta.ee\/en\/wp-json\/wp\/v2\/product"}],"about":[{"href":"https:\/\/www.piesta.ee\/en\/wp-json\/wp\/v2\/types\/product"}],"replies":[{"embeddable":true,"href":"https:\/\/www.piesta.ee\/en\/wp-json\/wp\/v2\/comments?post=2097"}],"wp:featuredmedia":[{"embeddable":true,"href":"https:\/\/www.piesta.ee\/en\/wp-json\/wp\/v2\/media\/324"}],"wp:attachment":[{"href":"https:\/\/www.piesta.ee\/en\/wp-json\/wp\/v2\/media?parent=2097"}],"wp:term":[{"taxonomy":"product_cat","embeddable":true,"href":"https:\/\/www.piesta.ee\/en\/wp-json\/wp\/v2\/product_cat?post=2097"},{"taxonomy":"product_tag","embeddable":true,"href":"https:\/\/www.piesta.ee\/en\/wp-json\/wp\/v2\/product_tag?post=2097"}],"curies":[{"name":"wp","href":"https:\/\/api.w.org\/{rel}","templated":true}]}}