{"id":2098,"date":"2021-02-09T15:31:18","date_gmt":"2021-02-09T13:31:18","guid":{"rendered":"https:\/\/www.piesta.ee\/?post_type=product&#038;p=2098"},"modified":"2026-03-08T21:41:04","modified_gmt":"2026-03-08T19:41:04","slug":"piesta-ounasiirup-orna-mundiga","status":"publish","type":"product","link":"https:\/\/www.piesta.ee\/en\/toode\/piesta-ounasiirup-orna-mundiga\/","title":{"rendered":"Piesta \u00f5unasiirup \u00f5rna m\u00fcndiga"},"content":{"rendered":"<p>Piesta \u00f5unasiirup \u00f5rna m\u00fcndiga on naturaalne kokteilisiirup, mis sobib erinevate jookide valmistamiseks \u2013 mulliveega segades valmib kerge vaevaga kodune limonaad, muude lisanditega kas \u00f5una-mojito v\u00f5i m\u00f5ni teine segujook. Samuti v\u00f5ib \u00f5unasiirupit kasutada kuuma tee maitsestamiseks.<\/p>\n<p>Lisaks jookidele sobib m\u00fcndiga maitsestatud siirup kastmete valmistamiseks, eriti h\u00e4sti n\u00e4iteks lambaliha juurde<\/p>\n<p>Koostisosad: \u00f5unamahl, rafineerimata roosuhkur, \u00f5una\u00e4\u00e4dikas, m\u00fcnt.<\/p>\n<p>Toitumisalane teave (100g): energiasisaldus 121 kCal,; rasvad 0,13 g,\u00a0 millest k\u00fcllastunud rasvhapped 0,04 g; s\u00fcsivesikud 29,90 g , millest suhkrud 27,07 g,; valgud &lt;0,1 g,; sool &lt;0,16 g.<\/p>\n<p>Hinnale lisandub pandipakendi tasu 0.10\u20ac, mis liidetakse juurde ostukorvis.<\/p>\n","protected":false},"excerpt":{"rendered":"<div><span lang=\"ET\">\u00d5rna m\u00fcndivarjundiga \u00f5unasiirup on laste lemmik, sellest saab ise valmistada m\u00f5nusa koduse limonaadi. P\u00e4rnumaa Maitsete konkursil 2018 parim alkoholivaba jook.<\/span><\/div>\n","protected":false},"featured_media":335,"comment_status":"open","ping_status":"closed","template":"","meta":{"_acf_changed":false},"product_cat":[37,47,48],"product_tag":[],"class_list":{"0":"post-2098","1":"product","2":"type-product","3":"status-publish","4":"has-post-thumbnail","6":"product_cat-joogid","7":"product_cat-lisandid","8":"product_cat-siirup","10":"first","11":"instock","12":"taxable","13":"shipping-taxable","14":"purchasable","15":"product-type-variable","16":"has-default-attributes"},"acf":[],"yoast_head":"<!-- This site is optimized with the Yoast SEO plugin v23.9 - https:\/\/yoast.com\/wordpress\/plugins\/seo\/ -->\n<title>Piesta \u00f5unasiirup \u00f5rna m\u00fcndiga - Piesta Kuusikaru talu<\/title>\n<meta name=\"description\" content=\"Siirup naturaalsest \u00f5unamahlast koos v\u00e4rskendava m\u00fcndiga. Tee ise kodune limonaad lastele, m\u00f5nus suvine mojito v\u00f5i kasuta toiduvalmistamisel.\" \/>\n<meta name=\"robots\" content=\"index, follow, max-snippet:-1, max-image-preview:large, max-video-preview:-1\" \/>\n<link rel=\"canonical\" href=\"https:\/\/www.piesta.ee\/toode\/piesta-ounasiirup-orna-mundiga\/\" \/>\n<meta property=\"og:locale\" content=\"en_US\" \/>\n<meta property=\"og:type\" content=\"article\" \/>\n<meta property=\"og:title\" content=\"Piesta \u00f5unasiirup \u00f5rna m\u00fcndiga - Piesta Kuusikaru talu\" \/>\n<meta property=\"og:description\" content=\"Siirup naturaalsest \u00f5unamahlast koos v\u00e4rskendava m\u00fcndiga. Tee ise kodune limonaad lastele, m\u00f5nus suvine mojito v\u00f5i kasuta toiduvalmistamisel.\" \/>\n<meta property=\"og:url\" content=\"https:\/\/www.piesta.ee\/toode\/piesta-ounasiirup-orna-mundiga\/\" \/>\n<meta property=\"og:site_name\" content=\"Piesta Kuusikaru talu\" \/>\n<meta property=\"article:publisher\" content=\"https:\/\/www.facebook.com\/piestakuusikaru\/\" \/>\n<meta property=\"article:modified_time\" content=\"2026-03-08T19:41:04+00:00\" \/>\n<meta property=\"og:image\" content=\"https:\/\/www.piesta.ee\/wp-content\/uploads\/2020\/09\/Piesta-ounasiirup-limonaadiks.png\" \/>\n\t<meta property=\"og:image:width\" content=\"1276\" \/>\n\t<meta property=\"og:image:height\" content=\"1263\" \/>\n\t<meta property=\"og:image:type\" content=\"image\/png\" \/>\n<meta name=\"twitter:card\" content=\"summary_large_image\" \/>\n<meta name=\"twitter:label1\" content=\"Est. reading time\" \/>\n\t<meta name=\"twitter:data1\" content=\"1 minute\" \/>\n<script type=\"application\/ld+json\" class=\"yoast-schema-graph\">{\"@context\":\"https:\/\/schema.org\",\"@graph\":[{\"@type\":\"WebPage\",\"@id\":\"https:\/\/www.piesta.ee\/toode\/piesta-ounasiirup-orna-mundiga\/\",\"url\":\"https:\/\/www.piesta.ee\/toode\/piesta-ounasiirup-orna-mundiga\/\",\"name\":\"Piesta \u00f5unasiirup \u00f5rna m\u00fcndiga - Piesta Kuusikaru talu\",\"isPartOf\":{\"@id\":\"https:\/\/www.piesta.ee\/#website\"},\"primaryImageOfPage\":{\"@id\":\"https:\/\/www.piesta.ee\/toode\/piesta-ounasiirup-orna-mundiga\/#primaryimage\"},\"image\":{\"@id\":\"https:\/\/www.piesta.ee\/toode\/piesta-ounasiirup-orna-mundiga\/#primaryimage\"},\"thumbnailUrl\":\"https:\/\/www.piesta.ee\/wp-content\/uploads\/2020\/09\/Piesta-ounasiirup-limonaadiks.png\",\"datePublished\":\"2021-02-09T13:31:18+00:00\",\"dateModified\":\"2026-03-08T19:41:04+00:00\",\"description\":\"Siirup naturaalsest \u00f5unamahlast koos v\u00e4rskendava m\u00fcndiga. Tee ise kodune limonaad lastele, m\u00f5nus suvine mojito v\u00f5i kasuta toiduvalmistamisel.\",\"breadcrumb\":{\"@id\":\"https:\/\/www.piesta.ee\/toode\/piesta-ounasiirup-orna-mundiga\/#breadcrumb\"},\"inLanguage\":\"en-US\",\"potentialAction\":[{\"@type\":\"ReadAction\",\"target\":[\"https:\/\/www.piesta.ee\/toode\/piesta-ounasiirup-orna-mundiga\/\"]}]},{\"@type\":\"ImageObject\",\"inLanguage\":\"en-US\",\"@id\":\"https:\/\/www.piesta.ee\/toode\/piesta-ounasiirup-orna-mundiga\/#primaryimage\",\"url\":\"https:\/\/www.piesta.ee\/wp-content\/uploads\/2020\/09\/Piesta-ounasiirup-limonaadiks.png\",\"contentUrl\":\"https:\/\/www.piesta.ee\/wp-content\/uploads\/2020\/09\/Piesta-ounasiirup-limonaadiks.png\",\"width\":1276,\"height\":1263},{\"@type\":\"BreadcrumbList\",\"@id\":\"https:\/\/www.piesta.ee\/toode\/piesta-ounasiirup-orna-mundiga\/#breadcrumb\",\"itemListElement\":[{\"@type\":\"ListItem\",\"position\":1,\"name\":\"Home\",\"item\":\"https:\/\/www.piesta.ee\/en\/\"},{\"@type\":\"ListItem\",\"position\":2,\"name\":\"Shop\",\"item\":\"https:\/\/www.piesta.ee\/en\/shop\/\"},{\"@type\":\"ListItem\",\"position\":3,\"name\":\"Piesta \u00f5unasiirup \u00f5rna m\u00fcndiga\"}]},{\"@type\":\"WebSite\",\"@id\":\"https:\/\/www.piesta.ee\/#website\",\"url\":\"https:\/\/www.piesta.ee\/\",\"name\":\"Piesta Kuusikaru talu\",\"description\":\"\",\"publisher\":{\"@id\":\"https:\/\/www.piesta.ee\/#organization\"},\"potentialAction\":[{\"@type\":\"SearchAction\",\"target\":{\"@type\":\"EntryPoint\",\"urlTemplate\":\"https:\/\/www.piesta.ee\/?s={search_term_string}\"},\"query-input\":{\"@type\":\"PropertyValueSpecification\",\"valueRequired\":true,\"valueName\":\"search_term_string\"}}],\"inLanguage\":\"en-US\"},{\"@type\":\"Organization\",\"@id\":\"https:\/\/www.piesta.ee\/#organization\",\"name\":\"Piesta Kuusikaru talu\",\"url\":\"https:\/\/www.piesta.ee\/\",\"logo\":{\"@type\":\"ImageObject\",\"inLanguage\":\"en-US\",\"@id\":\"https:\/\/www.piesta.ee\/#\/schema\/logo\/image\/\",\"url\":\"https:\/\/www.piesta.ee\/wp-content\/uploads\/2020\/09\/piesta-logo.png\",\"contentUrl\":\"https:\/\/www.piesta.ee\/wp-content\/uploads\/2020\/09\/piesta-logo.png\",\"width\":572,\"height\":381,\"caption\":\"Piesta Kuusikaru talu\"},\"image\":{\"@id\":\"https:\/\/www.piesta.ee\/#\/schema\/logo\/image\/\"},\"sameAs\":[\"https:\/\/www.facebook.com\/piestakuusikaru\/\",\"http:\/\/instagram.com\/piestakuusikaru\"]}]}<\/script>\n<!-- \/ Yoast SEO plugin. -->","yoast_head_json":{"title":"Piesta \u00f5unasiirup \u00f5rna m\u00fcndiga - Piesta Kuusikaru talu","description":"Siirup naturaalsest \u00f5unamahlast koos v\u00e4rskendava m\u00fcndiga. Tee ise kodune limonaad lastele, m\u00f5nus suvine mojito v\u00f5i kasuta toiduvalmistamisel.","robots":{"index":"index","follow":"follow","max-snippet":"max-snippet:-1","max-image-preview":"max-image-preview:large","max-video-preview":"max-video-preview:-1"},"canonical":"https:\/\/www.piesta.ee\/toode\/piesta-ounasiirup-orna-mundiga\/","og_locale":"en_US","og_type":"article","og_title":"Piesta \u00f5unasiirup \u00f5rna m\u00fcndiga - Piesta Kuusikaru talu","og_description":"Siirup naturaalsest \u00f5unamahlast koos v\u00e4rskendava m\u00fcndiga. Tee ise kodune limonaad lastele, m\u00f5nus suvine mojito v\u00f5i kasuta toiduvalmistamisel.","og_url":"https:\/\/www.piesta.ee\/toode\/piesta-ounasiirup-orna-mundiga\/","og_site_name":"Piesta Kuusikaru talu","article_publisher":"https:\/\/www.facebook.com\/piestakuusikaru\/","article_modified_time":"2026-03-08T19:41:04+00:00","og_image":[{"width":1276,"height":1263,"url":"https:\/\/www.piesta.ee\/wp-content\/uploads\/2020\/09\/Piesta-ounasiirup-limonaadiks.png","type":"image\/png"}],"twitter_card":"summary_large_image","twitter_misc":{"Est. reading time":"1 minute"},"schema":{"@context":"https:\/\/schema.org","@graph":[{"@type":"WebPage","@id":"https:\/\/www.piesta.ee\/toode\/piesta-ounasiirup-orna-mundiga\/","url":"https:\/\/www.piesta.ee\/toode\/piesta-ounasiirup-orna-mundiga\/","name":"Piesta \u00f5unasiirup \u00f5rna m\u00fcndiga - Piesta Kuusikaru talu","isPartOf":{"@id":"https:\/\/www.piesta.ee\/#website"},"primaryImageOfPage":{"@id":"https:\/\/www.piesta.ee\/toode\/piesta-ounasiirup-orna-mundiga\/#primaryimage"},"image":{"@id":"https:\/\/www.piesta.ee\/toode\/piesta-ounasiirup-orna-mundiga\/#primaryimage"},"thumbnailUrl":"https:\/\/www.piesta.ee\/wp-content\/uploads\/2020\/09\/Piesta-ounasiirup-limonaadiks.png","datePublished":"2021-02-09T13:31:18+00:00","dateModified":"2026-03-08T19:41:04+00:00","description":"Siirup naturaalsest \u00f5unamahlast koos v\u00e4rskendava m\u00fcndiga. Tee ise kodune limonaad lastele, m\u00f5nus suvine mojito v\u00f5i kasuta toiduvalmistamisel.","breadcrumb":{"@id":"https:\/\/www.piesta.ee\/toode\/piesta-ounasiirup-orna-mundiga\/#breadcrumb"},"inLanguage":"en-US","potentialAction":[{"@type":"ReadAction","target":["https:\/\/www.piesta.ee\/toode\/piesta-ounasiirup-orna-mundiga\/"]}]},{"@type":"ImageObject","inLanguage":"en-US","@id":"https:\/\/www.piesta.ee\/toode\/piesta-ounasiirup-orna-mundiga\/#primaryimage","url":"https:\/\/www.piesta.ee\/wp-content\/uploads\/2020\/09\/Piesta-ounasiirup-limonaadiks.png","contentUrl":"https:\/\/www.piesta.ee\/wp-content\/uploads\/2020\/09\/Piesta-ounasiirup-limonaadiks.png","width":1276,"height":1263},{"@type":"BreadcrumbList","@id":"https:\/\/www.piesta.ee\/toode\/piesta-ounasiirup-orna-mundiga\/#breadcrumb","itemListElement":[{"@type":"ListItem","position":1,"name":"Home","item":"https:\/\/www.piesta.ee\/en\/"},{"@type":"ListItem","position":2,"name":"Shop","item":"https:\/\/www.piesta.ee\/en\/shop\/"},{"@type":"ListItem","position":3,"name":"Piesta \u00f5unasiirup \u00f5rna m\u00fcndiga"}]},{"@type":"WebSite","@id":"https:\/\/www.piesta.ee\/#website","url":"https:\/\/www.piesta.ee\/","name":"Piesta Kuusikaru talu","description":"","publisher":{"@id":"https:\/\/www.piesta.ee\/#organization"},"potentialAction":[{"@type":"SearchAction","target":{"@type":"EntryPoint","urlTemplate":"https:\/\/www.piesta.ee\/?s={search_term_string}"},"query-input":{"@type":"PropertyValueSpecification","valueRequired":true,"valueName":"search_term_string"}}],"inLanguage":"en-US"},{"@type":"Organization","@id":"https:\/\/www.piesta.ee\/#organization","name":"Piesta Kuusikaru talu","url":"https:\/\/www.piesta.ee\/","logo":{"@type":"ImageObject","inLanguage":"en-US","@id":"https:\/\/www.piesta.ee\/#\/schema\/logo\/image\/","url":"https:\/\/www.piesta.ee\/wp-content\/uploads\/2020\/09\/piesta-logo.png","contentUrl":"https:\/\/www.piesta.ee\/wp-content\/uploads\/2020\/09\/piesta-logo.png","width":572,"height":381,"caption":"Piesta Kuusikaru talu"},"image":{"@id":"https:\/\/www.piesta.ee\/#\/schema\/logo\/image\/"},"sameAs":["https:\/\/www.facebook.com\/piestakuusikaru\/","http:\/\/instagram.com\/piestakuusikaru"]}]}},"_links":{"self":[{"href":"https:\/\/www.piesta.ee\/en\/wp-json\/wp\/v2\/product\/2098","targetHints":{"allow":["GET"]}}],"collection":[{"href":"https:\/\/www.piesta.ee\/en\/wp-json\/wp\/v2\/product"}],"about":[{"href":"https:\/\/www.piesta.ee\/en\/wp-json\/wp\/v2\/types\/product"}],"replies":[{"embeddable":true,"href":"https:\/\/www.piesta.ee\/en\/wp-json\/wp\/v2\/comments?post=2098"}],"wp:featuredmedia":[{"embeddable":true,"href":"https:\/\/www.piesta.ee\/en\/wp-json\/wp\/v2\/media\/335"}],"wp:attachment":[{"href":"https:\/\/www.piesta.ee\/en\/wp-json\/wp\/v2\/media?parent=2098"}],"wp:term":[{"taxonomy":"product_cat","embeddable":true,"href":"https:\/\/www.piesta.ee\/en\/wp-json\/wp\/v2\/product_cat?post=2098"},{"taxonomy":"product_tag","embeddable":true,"href":"https:\/\/www.piesta.ee\/en\/wp-json\/wp\/v2\/product_tag?post=2098"}],"curies":[{"name":"wp","href":"https:\/\/api.w.org\/{rel}","templated":true}]}}