{"id":2132,"date":"2021-02-17T11:39:01","date_gmt":"2021-02-17T09:39:01","guid":{"rendered":"https:\/\/www.piesta.ee\/?post_type=product&#038;p=2132"},"modified":"2026-03-08T21:28:56","modified_gmt":"2026-03-08T19:28:56","slug":"piesta-must","status":"publish","type":"product","link":"https:\/\/www.piesta.ee\/en\/toode\/piesta-must\/","title":{"rendered":"Piesta MUST &#8211; parim talutoode"},"content":{"rendered":"<p>Piesta MUST oli 2021. aastal Eesti parim talutoode ning teenis 2023. aastal parimate Eesti jookide konkursil kuldm\u00e4rgise.<\/p>\n<p>Tervislik ja maitsev Eesti mahetoode. Ehe mustaso\u0303stramahl annab organismile nii vajaliku C-vitamiini laengu. Mahedatest marjadest ku\u0308lmpressitud ja alles pudelis pasto\u0308riseeritud, mis ta\u0308hendab, et mahla vahetult kuumutatud ei ole. Paras portsjon 100 ml pudelis, mis suletuna sa\u0308ilib toatemperatuuril, seega ei pea ka k\u00e4heda kurgu v\u00f5i nohuse ninaga k\u00fclma jooki tarbima.<\/p>\n<p>Et oma tervist hoida, tuleb p\u00f6\u00f6rata t\u00e4helepanu immuuns\u00fcsteemi t\u00f6\u00f6korras hoidmisele. Oleme ju enamasti k\u00f5ik kuulnud, kuidas seda teha &#8211; tuleb s\u00fc\u00fca korralikult, magada h\u00e4sti, veeta aega \u00f5ues, teha sporti, hoida vaim virge&#8230; aga see k\u00f5ik pole alati lihtne. Kui pinge v\u00f5i v\u00e4simus v\u00f5imust v\u00f5tab, on abiks C-vitamiin. Miks? Sest aitab organismil v\u00f5idelda ja vastu pidada. N\u00e4iteks, kui pead veel \u00f5htul t\u00f6\u00f6asju tegema v\u00f5i pingeliseks eksamiks \u00f5ppima. Sama lugu on hetk enne haigestumist &#8211; sel momendil, kui tunned, et enesetunne hakkab halvenema, aitab C-vitamiini laeng organismil vaenlastega paremini toime tulla.\u00a0Meie soovitus sel puhul on Piesta MUST &#8211; v\u00e4ike, aga tubli.<\/p>\n<h2>Parim talutoode<\/h2>\n<p>Piesta MUST ei ole ainult kasulik, vaid hinnatud ka oma rikkaliku ja s\u00fcgava maitse poolest, mille kinnituseks on erinevatel konkurssidel v\u00f5idetud tunnustused. 2021. aastal valiti Piesta MUST <a href=\"https:\/\/www.piesta.ee\/2021\/10\/15\/parimad-talutooted-soomaalt\/\" target=\"_blank\" rel=\"noopener\">Eesti talutoodete konkursil parimaks<\/a> alkoholivabaks joogiks ning \u00fchtlasi kogu konkursi \u00fcldv\u00f5itjaks. Eesti parim talutoode kannab austavat tiitlit <a href=\"https:\/\/maaleht.delfi.ee\/artikkel\/94866315\/parim-eesti-talutoit-2021-on-mustasostrajook-piesta-must\" target=\"_blank\" rel=\"noopener\">Parim Talutoit 2021<\/a>.<\/p>\n<p>Samuti on Piesta MUST teeninud joogiasjatundjate tunnustuse, mille kinnituseks\u00a0 <a href=\"https:\/\/omamaitse.delfi.ee\/artikkel\/120101892\/eile-toimus-eesti-joogifestival-valiti-valja-parimad-kodumaised-joogid-mida-tasub-kindlasti-proovida\" target=\"_blank\" rel=\"noopener\">Parimad Eesti Joogid 2022 &#8211; h\u00f5bem\u00e4rgis<\/a> ning 2023. aastal samal konkursil saavutatud kuldm\u00e4rgis.<\/p>\n<p>Maitsev ja kasulik Piesta MUST on ilus kingitus. Sulle endale ja sinu l\u00e4hedastele. Teie terviseks!<\/p>\n","protected":false},"excerpt":{"rendered":"<p>Piesta MUST on Eesti parim talutoode 2021. Tervislik ja maitsev mahetoode. C-vitamiini allikas, toetab immuuns\u00fcsteemi. Ilus kingitus.<\/p>\n","protected":false},"featured_media":2605,"comment_status":"open","ping_status":"closed","template":"","meta":{"_acf_changed":false},"product_cat":[37,40,46],"product_tag":[],"class_list":{"0":"post-2132","1":"product","2":"type-product","3":"status-publish","4":"has-post-thumbnail","6":"product_cat-joogid","7":"product_cat-mahetoode","8":"product_cat-mahl","10":"first","11":"instock","12":"taxable","13":"shipping-taxable","14":"purchasable","15":"product-type-variable"},"acf":[],"yoast_head":"<!-- This site is optimized with the Yoast SEO plugin v23.9 - https:\/\/yoast.com\/wordpress\/plugins\/seo\/ -->\n<title>Piesta MUST - parim talutoode - Piesta Kuusikaru talu<\/title>\n<meta name=\"description\" content=\"Piesta MUST on Eesti parim talutoode 2021. Tervislik ja maitsev mahetoode. C-vitamiini allikas, toetab immuuns\u00fcsteemi. Ilus kingitus.\" \/>\n<meta name=\"robots\" content=\"index, follow, max-snippet:-1, max-image-preview:large, max-video-preview:-1\" \/>\n<link rel=\"canonical\" href=\"https:\/\/www.piesta.ee\/toode\/piesta-must\/\" \/>\n<meta property=\"og:locale\" content=\"en_US\" \/>\n<meta property=\"og:type\" content=\"article\" \/>\n<meta property=\"og:title\" content=\"Piesta MUST - parim talutoode - Piesta Kuusikaru talu\" \/>\n<meta property=\"og:description\" content=\"Piesta MUST on Eesti parim talutoode 2021. Tervislik ja maitsev mahetoode. C-vitamiini allikas, toetab immuuns\u00fcsteemi. Ilus kingitus.\" \/>\n<meta property=\"og:url\" content=\"https:\/\/www.piesta.ee\/toode\/piesta-must\/\" \/>\n<meta property=\"og:site_name\" content=\"Piesta Kuusikaru talu\" \/>\n<meta property=\"article:publisher\" content=\"https:\/\/www.facebook.com\/piestakuusikaru\/\" \/>\n<meta property=\"article:modified_time\" content=\"2026-03-08T19:28:56+00:00\" \/>\n<meta property=\"og:image\" content=\"https:\/\/www.piesta.ee\/wp-content\/uploads\/2021\/02\/Piesta-MUST-peos-ls.jpg\" \/>\n\t<meta property=\"og:image:width\" content=\"2000\" \/>\n\t<meta property=\"og:image:height\" content=\"1333\" \/>\n\t<meta property=\"og:image:type\" content=\"image\/jpeg\" \/>\n<meta name=\"twitter:card\" content=\"summary_large_image\" \/>\n<meta name=\"twitter:label1\" content=\"Est. reading time\" \/>\n\t<meta name=\"twitter:data1\" content=\"2 minutes\" \/>\n<script type=\"application\/ld+json\" class=\"yoast-schema-graph\">{\"@context\":\"https:\/\/schema.org\",\"@graph\":[{\"@type\":\"WebPage\",\"@id\":\"https:\/\/www.piesta.ee\/toode\/piesta-must\/\",\"url\":\"https:\/\/www.piesta.ee\/toode\/piesta-must\/\",\"name\":\"Piesta MUST - parim talutoode - Piesta Kuusikaru talu\",\"isPartOf\":{\"@id\":\"https:\/\/www.piesta.ee\/#website\"},\"primaryImageOfPage\":{\"@id\":\"https:\/\/www.piesta.ee\/toode\/piesta-must\/#primaryimage\"},\"image\":{\"@id\":\"https:\/\/www.piesta.ee\/toode\/piesta-must\/#primaryimage\"},\"thumbnailUrl\":\"https:\/\/www.piesta.ee\/wp-content\/uploads\/2021\/02\/Piesta-MUST-peos-ls.jpg\",\"datePublished\":\"2021-02-17T09:39:01+00:00\",\"dateModified\":\"2026-03-08T19:28:56+00:00\",\"description\":\"Piesta MUST on Eesti parim talutoode 2021. Tervislik ja maitsev mahetoode. C-vitamiini allikas, toetab immuuns\u00fcsteemi. Ilus kingitus.\",\"breadcrumb\":{\"@id\":\"https:\/\/www.piesta.ee\/toode\/piesta-must\/#breadcrumb\"},\"inLanguage\":\"en-US\",\"potentialAction\":[{\"@type\":\"ReadAction\",\"target\":[\"https:\/\/www.piesta.ee\/toode\/piesta-must\/\"]}]},{\"@type\":\"ImageObject\",\"inLanguage\":\"en-US\",\"@id\":\"https:\/\/www.piesta.ee\/toode\/piesta-must\/#primaryimage\",\"url\":\"https:\/\/www.piesta.ee\/wp-content\/uploads\/2021\/02\/Piesta-MUST-peos-ls.jpg\",\"contentUrl\":\"https:\/\/www.piesta.ee\/wp-content\/uploads\/2021\/02\/Piesta-MUST-peos-ls.jpg\",\"width\":2000,\"height\":1333,\"caption\":\"Piesta MUST\"},{\"@type\":\"BreadcrumbList\",\"@id\":\"https:\/\/www.piesta.ee\/toode\/piesta-must\/#breadcrumb\",\"itemListElement\":[{\"@type\":\"ListItem\",\"position\":1,\"name\":\"Home\",\"item\":\"https:\/\/www.piesta.ee\/en\/\"},{\"@type\":\"ListItem\",\"position\":2,\"name\":\"Shop\",\"item\":\"https:\/\/www.piesta.ee\/en\/shop\/\"},{\"@type\":\"ListItem\",\"position\":3,\"name\":\"Piesta MUST &#8211; parim talutoode\"}]},{\"@type\":\"WebSite\",\"@id\":\"https:\/\/www.piesta.ee\/#website\",\"url\":\"https:\/\/www.piesta.ee\/\",\"name\":\"Piesta Kuusikaru talu\",\"description\":\"\",\"publisher\":{\"@id\":\"https:\/\/www.piesta.ee\/#organization\"},\"potentialAction\":[{\"@type\":\"SearchAction\",\"target\":{\"@type\":\"EntryPoint\",\"urlTemplate\":\"https:\/\/www.piesta.ee\/?s={search_term_string}\"},\"query-input\":{\"@type\":\"PropertyValueSpecification\",\"valueRequired\":true,\"valueName\":\"search_term_string\"}}],\"inLanguage\":\"en-US\"},{\"@type\":\"Organization\",\"@id\":\"https:\/\/www.piesta.ee\/#organization\",\"name\":\"Piesta Kuusikaru talu\",\"url\":\"https:\/\/www.piesta.ee\/\",\"logo\":{\"@type\":\"ImageObject\",\"inLanguage\":\"en-US\",\"@id\":\"https:\/\/www.piesta.ee\/#\/schema\/logo\/image\/\",\"url\":\"https:\/\/www.piesta.ee\/wp-content\/uploads\/2020\/09\/piesta-logo.png\",\"contentUrl\":\"https:\/\/www.piesta.ee\/wp-content\/uploads\/2020\/09\/piesta-logo.png\",\"width\":572,\"height\":381,\"caption\":\"Piesta Kuusikaru talu\"},\"image\":{\"@id\":\"https:\/\/www.piesta.ee\/#\/schema\/logo\/image\/\"},\"sameAs\":[\"https:\/\/www.facebook.com\/piestakuusikaru\/\",\"http:\/\/instagram.com\/piestakuusikaru\"]}]}<\/script>\n<!-- \/ Yoast SEO plugin. -->","yoast_head_json":{"title":"Piesta MUST - parim talutoode - Piesta Kuusikaru talu","description":"Piesta MUST on Eesti parim talutoode 2021. Tervislik ja maitsev mahetoode. C-vitamiini allikas, toetab immuuns\u00fcsteemi. Ilus kingitus.","robots":{"index":"index","follow":"follow","max-snippet":"max-snippet:-1","max-image-preview":"max-image-preview:large","max-video-preview":"max-video-preview:-1"},"canonical":"https:\/\/www.piesta.ee\/toode\/piesta-must\/","og_locale":"en_US","og_type":"article","og_title":"Piesta MUST - parim talutoode - Piesta Kuusikaru talu","og_description":"Piesta MUST on Eesti parim talutoode 2021. Tervislik ja maitsev mahetoode. C-vitamiini allikas, toetab immuuns\u00fcsteemi. Ilus kingitus.","og_url":"https:\/\/www.piesta.ee\/toode\/piesta-must\/","og_site_name":"Piesta Kuusikaru talu","article_publisher":"https:\/\/www.facebook.com\/piestakuusikaru\/","article_modified_time":"2026-03-08T19:28:56+00:00","og_image":[{"width":2000,"height":1333,"url":"https:\/\/www.piesta.ee\/wp-content\/uploads\/2021\/02\/Piesta-MUST-peos-ls.jpg","type":"image\/jpeg"}],"twitter_card":"summary_large_image","twitter_misc":{"Est. reading time":"2 minutes"},"schema":{"@context":"https:\/\/schema.org","@graph":[{"@type":"WebPage","@id":"https:\/\/www.piesta.ee\/toode\/piesta-must\/","url":"https:\/\/www.piesta.ee\/toode\/piesta-must\/","name":"Piesta MUST - parim talutoode - Piesta Kuusikaru talu","isPartOf":{"@id":"https:\/\/www.piesta.ee\/#website"},"primaryImageOfPage":{"@id":"https:\/\/www.piesta.ee\/toode\/piesta-must\/#primaryimage"},"image":{"@id":"https:\/\/www.piesta.ee\/toode\/piesta-must\/#primaryimage"},"thumbnailUrl":"https:\/\/www.piesta.ee\/wp-content\/uploads\/2021\/02\/Piesta-MUST-peos-ls.jpg","datePublished":"2021-02-17T09:39:01+00:00","dateModified":"2026-03-08T19:28:56+00:00","description":"Piesta MUST on Eesti parim talutoode 2021. Tervislik ja maitsev mahetoode. C-vitamiini allikas, toetab immuuns\u00fcsteemi. Ilus kingitus.","breadcrumb":{"@id":"https:\/\/www.piesta.ee\/toode\/piesta-must\/#breadcrumb"},"inLanguage":"en-US","potentialAction":[{"@type":"ReadAction","target":["https:\/\/www.piesta.ee\/toode\/piesta-must\/"]}]},{"@type":"ImageObject","inLanguage":"en-US","@id":"https:\/\/www.piesta.ee\/toode\/piesta-must\/#primaryimage","url":"https:\/\/www.piesta.ee\/wp-content\/uploads\/2021\/02\/Piesta-MUST-peos-ls.jpg","contentUrl":"https:\/\/www.piesta.ee\/wp-content\/uploads\/2021\/02\/Piesta-MUST-peos-ls.jpg","width":2000,"height":1333,"caption":"Piesta MUST"},{"@type":"BreadcrumbList","@id":"https:\/\/www.piesta.ee\/toode\/piesta-must\/#breadcrumb","itemListElement":[{"@type":"ListItem","position":1,"name":"Home","item":"https:\/\/www.piesta.ee\/en\/"},{"@type":"ListItem","position":2,"name":"Shop","item":"https:\/\/www.piesta.ee\/en\/shop\/"},{"@type":"ListItem","position":3,"name":"Piesta MUST &#8211; parim talutoode"}]},{"@type":"WebSite","@id":"https:\/\/www.piesta.ee\/#website","url":"https:\/\/www.piesta.ee\/","name":"Piesta Kuusikaru talu","description":"","publisher":{"@id":"https:\/\/www.piesta.ee\/#organization"},"potentialAction":[{"@type":"SearchAction","target":{"@type":"EntryPoint","urlTemplate":"https:\/\/www.piesta.ee\/?s={search_term_string}"},"query-input":{"@type":"PropertyValueSpecification","valueRequired":true,"valueName":"search_term_string"}}],"inLanguage":"en-US"},{"@type":"Organization","@id":"https:\/\/www.piesta.ee\/#organization","name":"Piesta Kuusikaru talu","url":"https:\/\/www.piesta.ee\/","logo":{"@type":"ImageObject","inLanguage":"en-US","@id":"https:\/\/www.piesta.ee\/#\/schema\/logo\/image\/","url":"https:\/\/www.piesta.ee\/wp-content\/uploads\/2020\/09\/piesta-logo.png","contentUrl":"https:\/\/www.piesta.ee\/wp-content\/uploads\/2020\/09\/piesta-logo.png","width":572,"height":381,"caption":"Piesta Kuusikaru talu"},"image":{"@id":"https:\/\/www.piesta.ee\/#\/schema\/logo\/image\/"},"sameAs":["https:\/\/www.facebook.com\/piestakuusikaru\/","http:\/\/instagram.com\/piestakuusikaru"]}]}},"_links":{"self":[{"href":"https:\/\/www.piesta.ee\/en\/wp-json\/wp\/v2\/product\/2132","targetHints":{"allow":["GET"]}}],"collection":[{"href":"https:\/\/www.piesta.ee\/en\/wp-json\/wp\/v2\/product"}],"about":[{"href":"https:\/\/www.piesta.ee\/en\/wp-json\/wp\/v2\/types\/product"}],"replies":[{"embeddable":true,"href":"https:\/\/www.piesta.ee\/en\/wp-json\/wp\/v2\/comments?post=2132"}],"wp:featuredmedia":[{"embeddable":true,"href":"https:\/\/www.piesta.ee\/en\/wp-json\/wp\/v2\/media\/2605"}],"wp:attachment":[{"href":"https:\/\/www.piesta.ee\/en\/wp-json\/wp\/v2\/media?parent=2132"}],"wp:term":[{"taxonomy":"product_cat","embeddable":true,"href":"https:\/\/www.piesta.ee\/en\/wp-json\/wp\/v2\/product_cat?post=2132"},{"taxonomy":"product_tag","embeddable":true,"href":"https:\/\/www.piesta.ee\/en\/wp-json\/wp\/v2\/product_tag?post=2132"}],"curies":[{"name":"wp","href":"https:\/\/api.w.org\/{rel}","templated":true}]}}