{"id":2324,"date":"2021-11-09T00:06:44","date_gmt":"2021-11-08T22:06:44","guid":{"rendered":"https:\/\/www.piesta.ee\/?post_type=product&#038;p=2324"},"modified":"2026-01-25T10:27:03","modified_gmt":"2026-01-25T08:27:03","slug":"piesta-johvikas","status":"publish","type":"product","link":"https:\/\/www.piesta.ee\/en\/toode\/piesta-johvikas\/","title":{"rendered":"Piesta J\u00d5HVIKAS"},"content":{"rendered":"<p data-start=\"95\" data-end=\"133\"><strong>Puhas j\u00f5hvikamahl \u2013 naturaalne ja maitsek\u00fcllane<\/strong><\/p>\n<p data-start=\"135\" data-end=\"440\">Piesta J\u00d5HVIKAS on 100% j\u00f5hvikamahl, valmistatud Eesti mahej\u00f5hvikatest. K\u00fclmpressitud mahl past\u00f6riseeritakse alles p\u00e4rast pudelisse villimist, mist\u00f5ttu on selles s\u00e4ilinud j\u00f5hvika v\u00e4rske hapukas maitse ja mitmed head omadused. Suletuna s\u00e4ilib toatemperatuuril &#8211; nii on see ideaalne valik ka k\u00fclmetuse korral, kui kurk on hell ja midagi k\u00fclma juua ei taha.<\/p>\n<p data-start=\"442\" data-end=\"471\"><strong data-start=\"442\" data-end=\"469\">V\u00e4ike pudel, suur sisu<\/strong><\/p>\n<p data-start=\"473\" data-end=\"732\">Mugav 100 ml pudel mahub kergesti kotti v\u00f5i taskusse. Hoia Piesta J\u00d5HVIKAS k\u00e4ep\u00e4rast hommikuseks \u00e4ratuseks, matkale kaasa v\u00f5tmiseks, tervise hoidmiseks v\u00f5i m\u00f5nel s\u00fcgistalviselt hallil p\u00e4eval elule v\u00e4rvi lisamiseks. Joo v\u00e4ikeste lonksudena puhtalt v\u00f5i sega meelep\u00e4rase joogiga \u2013 marjane hapukus lisab s\u00e4rtsu nii veele, smuutile kui ka teele.<\/p>\n<p data-start=\"734\" data-end=\"768\"><strong data-start=\"734\" data-end=\"766\">Miks eelistada j\u00f5hvikamahla?<\/strong><\/p>\n<p data-start=\"770\" data-end=\"983\">J\u00f5hvikat on sajandeid hinnatud tema kasulike omaduste poolest. T\u00e4nap\u00e4eval on teadlased\u00a0 uurinud j\u00f5hvikas sisalduvaid ainulaadseid \u00fchendeid, mis v\u00f5ivad aidata kaasa p\u00f5iep\u00f5letiku ennetamisele. NB! Samas tuleb olla t\u00e4helepanelik mao- ja maksavaevuste korral ning t\u00f5siste tervisemurede korral eelnevalt veenduda, et j\u00f5hvikas ei oleks vastun\u00e4idustatud.<\/p>\n<p data-start=\"770\" data-end=\"983\">J\u00f5hvikad on rikkalikud antioks\u00fcdantide, sealhulgas flavonoidide ja vitamiinide allikad, mis aitavad organismi tasakaalus hoida.\u00a0J\u00f5hvikates leiduvad ka pol\u00fcfenoolid, mis aitavad kaitsta vereringes\u00fcsteemi ning toetavad seedimisprotsesse. Kui soovid rohkem teada, saad Plantose veebilehelt lugeda, <a href=\"https:\/\/www.plantos.ee\/antioksudandid-tervise-tugisambad\/\" target=\"_blank\" rel=\"noopener\">milleks antioks\u00fcdandid t\u00e4psemalt kasulikud on<\/a>.<\/p>\n<p data-start=\"985\" data-end=\"1134\">Piesta J\u00d5HVIKAS on suurep\u00e4rane valik neile, kes hindavad looduslikke ja puhtaid maitseid \u2013 ilma lisatud suhkruta, v\u00e4rvaineteta ja s\u00e4ilitusaineteta. Proovi ka erinevatest kokteilides ning kasuta loovalt toiduvalmistamisel.<\/p>\n<p>&nbsp;<\/p>\n","protected":false},"excerpt":{"rendered":"<p>Eesti rabade v\u00f5imsaimast marjast valmistatud Piesta J\u00f5hvikas on puhas j\u00f5hvikamahl, k\u00fclmpressitud mahedatest marjadest, ilma lisatud suhkruta ja \u00fchegi lisandita.<\/p>\n","protected":false},"featured_media":2413,"comment_status":"open","ping_status":"closed","template":"","meta":{"_acf_changed":false},"product_cat":[40,46],"product_tag":[],"class_list":{"0":"post-2324","1":"product","2":"type-product","3":"status-publish","4":"has-post-thumbnail","6":"product_cat-mahetoode","7":"product_cat-mahl","9":"first","10":"instock","11":"taxable","12":"shipping-taxable","13":"purchasable","14":"product-type-variable","15":"has-default-attributes"},"acf":[],"yoast_head":"<!-- This site is optimized with the Yoast SEO plugin v23.9 - https:\/\/yoast.com\/wordpress\/plugins\/seo\/ -->\n<title>Piesta J\u00d5HVIKAS - Piesta Kuusikaru talu<\/title>\n<meta name=\"description\" content=\"Piesta J\u00f5hvikas \u2013 100% mahe k\u00fclmpressitud j\u00f5hvikamahl, ilma lisatud suhkruta ja \u00fchegi lisandita. Puhas marjane maitse ja mitmed head omadused.\" \/>\n<meta name=\"robots\" content=\"index, follow, max-snippet:-1, max-image-preview:large, max-video-preview:-1\" \/>\n<link rel=\"canonical\" href=\"https:\/\/www.piesta.ee\/toode\/piesta-johvikas\/\" \/>\n<meta property=\"og:locale\" content=\"en_US\" \/>\n<meta property=\"og:type\" content=\"article\" \/>\n<meta property=\"og:title\" content=\"Piesta J\u00d5HVIKAS - Piesta Kuusikaru talu\" \/>\n<meta property=\"og:description\" content=\"Piesta J\u00f5hvikas \u2013 100% mahe k\u00fclmpressitud j\u00f5hvikamahl, ilma lisatud suhkruta ja \u00fchegi lisandita. Puhas marjane maitse ja mitmed head omadused.\" \/>\n<meta property=\"og:url\" content=\"https:\/\/www.piesta.ee\/toode\/piesta-johvikas\/\" \/>\n<meta property=\"og:site_name\" content=\"Piesta Kuusikaru talu\" \/>\n<meta property=\"article:publisher\" content=\"https:\/\/www.facebook.com\/piestakuusikaru\/\" \/>\n<meta property=\"article:modified_time\" content=\"2026-01-25T08:27:03+00:00\" \/>\n<meta property=\"og:image\" content=\"https:\/\/www.piesta.ee\/wp-content\/uploads\/2021\/11\/Piesta-johvikas-peos-ls.jpg\" \/>\n\t<meta property=\"og:image:width\" content=\"2000\" \/>\n\t<meta property=\"og:image:height\" content=\"1333\" \/>\n\t<meta property=\"og:image:type\" content=\"image\/jpeg\" \/>\n<meta name=\"twitter:card\" content=\"summary_large_image\" \/>\n<meta name=\"twitter:label1\" content=\"Est. reading time\" \/>\n\t<meta name=\"twitter:data1\" content=\"2 minutes\" \/>\n<script type=\"application\/ld+json\" class=\"yoast-schema-graph\">{\"@context\":\"https:\/\/schema.org\",\"@graph\":[{\"@type\":\"WebPage\",\"@id\":\"https:\/\/www.piesta.ee\/toode\/piesta-johvikas\/\",\"url\":\"https:\/\/www.piesta.ee\/toode\/piesta-johvikas\/\",\"name\":\"Piesta J\u00d5HVIKAS - Piesta Kuusikaru talu\",\"isPartOf\":{\"@id\":\"https:\/\/www.piesta.ee\/#website\"},\"primaryImageOfPage\":{\"@id\":\"https:\/\/www.piesta.ee\/toode\/piesta-johvikas\/#primaryimage\"},\"image\":{\"@id\":\"https:\/\/www.piesta.ee\/toode\/piesta-johvikas\/#primaryimage\"},\"thumbnailUrl\":\"https:\/\/www.piesta.ee\/wp-content\/uploads\/2021\/11\/Piesta-johvikas-peos-ls.jpg\",\"datePublished\":\"2021-11-08T22:06:44+00:00\",\"dateModified\":\"2026-01-25T08:27:03+00:00\",\"description\":\"Piesta J\u00f5hvikas \u2013 100% mahe k\u00fclmpressitud j\u00f5hvikamahl, ilma lisatud suhkruta ja \u00fchegi lisandita. Puhas marjane maitse ja mitmed head omadused.\",\"breadcrumb\":{\"@id\":\"https:\/\/www.piesta.ee\/toode\/piesta-johvikas\/#breadcrumb\"},\"inLanguage\":\"en-US\",\"potentialAction\":[{\"@type\":\"ReadAction\",\"target\":[\"https:\/\/www.piesta.ee\/toode\/piesta-johvikas\/\"]}]},{\"@type\":\"ImageObject\",\"inLanguage\":\"en-US\",\"@id\":\"https:\/\/www.piesta.ee\/toode\/piesta-johvikas\/#primaryimage\",\"url\":\"https:\/\/www.piesta.ee\/wp-content\/uploads\/2021\/11\/Piesta-johvikas-peos-ls.jpg\",\"contentUrl\":\"https:\/\/www.piesta.ee\/wp-content\/uploads\/2021\/11\/Piesta-johvikas-peos-ls.jpg\",\"width\":2000,\"height\":1333,\"caption\":\"Piesta j\u00f5hvikas terviseshot\"},{\"@type\":\"BreadcrumbList\",\"@id\":\"https:\/\/www.piesta.ee\/toode\/piesta-johvikas\/#breadcrumb\",\"itemListElement\":[{\"@type\":\"ListItem\",\"position\":1,\"name\":\"Home\",\"item\":\"https:\/\/www.piesta.ee\/en\/\"},{\"@type\":\"ListItem\",\"position\":2,\"name\":\"Shop\",\"item\":\"https:\/\/www.piesta.ee\/en\/shop\/\"},{\"@type\":\"ListItem\",\"position\":3,\"name\":\"Piesta J\u00d5HVIKAS\"}]},{\"@type\":\"WebSite\",\"@id\":\"https:\/\/www.piesta.ee\/#website\",\"url\":\"https:\/\/www.piesta.ee\/\",\"name\":\"Piesta Kuusikaru talu\",\"description\":\"\",\"publisher\":{\"@id\":\"https:\/\/www.piesta.ee\/#organization\"},\"potentialAction\":[{\"@type\":\"SearchAction\",\"target\":{\"@type\":\"EntryPoint\",\"urlTemplate\":\"https:\/\/www.piesta.ee\/?s={search_term_string}\"},\"query-input\":{\"@type\":\"PropertyValueSpecification\",\"valueRequired\":true,\"valueName\":\"search_term_string\"}}],\"inLanguage\":\"en-US\"},{\"@type\":\"Organization\",\"@id\":\"https:\/\/www.piesta.ee\/#organization\",\"name\":\"Piesta Kuusikaru talu\",\"url\":\"https:\/\/www.piesta.ee\/\",\"logo\":{\"@type\":\"ImageObject\",\"inLanguage\":\"en-US\",\"@id\":\"https:\/\/www.piesta.ee\/#\/schema\/logo\/image\/\",\"url\":\"https:\/\/www.piesta.ee\/wp-content\/uploads\/2020\/09\/piesta-logo.png\",\"contentUrl\":\"https:\/\/www.piesta.ee\/wp-content\/uploads\/2020\/09\/piesta-logo.png\",\"width\":572,\"height\":381,\"caption\":\"Piesta Kuusikaru talu\"},\"image\":{\"@id\":\"https:\/\/www.piesta.ee\/#\/schema\/logo\/image\/\"},\"sameAs\":[\"https:\/\/www.facebook.com\/piestakuusikaru\/\",\"http:\/\/instagram.com\/piestakuusikaru\"]}]}<\/script>\n<!-- \/ Yoast SEO plugin. -->","yoast_head_json":{"title":"Piesta J\u00d5HVIKAS - Piesta Kuusikaru talu","description":"Piesta J\u00f5hvikas \u2013 100% mahe k\u00fclmpressitud j\u00f5hvikamahl, ilma lisatud suhkruta ja \u00fchegi lisandita. Puhas marjane maitse ja mitmed head omadused.","robots":{"index":"index","follow":"follow","max-snippet":"max-snippet:-1","max-image-preview":"max-image-preview:large","max-video-preview":"max-video-preview:-1"},"canonical":"https:\/\/www.piesta.ee\/toode\/piesta-johvikas\/","og_locale":"en_US","og_type":"article","og_title":"Piesta J\u00d5HVIKAS - Piesta Kuusikaru talu","og_description":"Piesta J\u00f5hvikas \u2013 100% mahe k\u00fclmpressitud j\u00f5hvikamahl, ilma lisatud suhkruta ja \u00fchegi lisandita. Puhas marjane maitse ja mitmed head omadused.","og_url":"https:\/\/www.piesta.ee\/toode\/piesta-johvikas\/","og_site_name":"Piesta Kuusikaru talu","article_publisher":"https:\/\/www.facebook.com\/piestakuusikaru\/","article_modified_time":"2026-01-25T08:27:03+00:00","og_image":[{"width":2000,"height":1333,"url":"https:\/\/www.piesta.ee\/wp-content\/uploads\/2021\/11\/Piesta-johvikas-peos-ls.jpg","type":"image\/jpeg"}],"twitter_card":"summary_large_image","twitter_misc":{"Est. reading time":"2 minutes"},"schema":{"@context":"https:\/\/schema.org","@graph":[{"@type":"WebPage","@id":"https:\/\/www.piesta.ee\/toode\/piesta-johvikas\/","url":"https:\/\/www.piesta.ee\/toode\/piesta-johvikas\/","name":"Piesta J\u00d5HVIKAS - Piesta Kuusikaru talu","isPartOf":{"@id":"https:\/\/www.piesta.ee\/#website"},"primaryImageOfPage":{"@id":"https:\/\/www.piesta.ee\/toode\/piesta-johvikas\/#primaryimage"},"image":{"@id":"https:\/\/www.piesta.ee\/toode\/piesta-johvikas\/#primaryimage"},"thumbnailUrl":"https:\/\/www.piesta.ee\/wp-content\/uploads\/2021\/11\/Piesta-johvikas-peos-ls.jpg","datePublished":"2021-11-08T22:06:44+00:00","dateModified":"2026-01-25T08:27:03+00:00","description":"Piesta J\u00f5hvikas \u2013 100% mahe k\u00fclmpressitud j\u00f5hvikamahl, ilma lisatud suhkruta ja \u00fchegi lisandita. Puhas marjane maitse ja mitmed head omadused.","breadcrumb":{"@id":"https:\/\/www.piesta.ee\/toode\/piesta-johvikas\/#breadcrumb"},"inLanguage":"en-US","potentialAction":[{"@type":"ReadAction","target":["https:\/\/www.piesta.ee\/toode\/piesta-johvikas\/"]}]},{"@type":"ImageObject","inLanguage":"en-US","@id":"https:\/\/www.piesta.ee\/toode\/piesta-johvikas\/#primaryimage","url":"https:\/\/www.piesta.ee\/wp-content\/uploads\/2021\/11\/Piesta-johvikas-peos-ls.jpg","contentUrl":"https:\/\/www.piesta.ee\/wp-content\/uploads\/2021\/11\/Piesta-johvikas-peos-ls.jpg","width":2000,"height":1333,"caption":"Piesta j\u00f5hvikas terviseshot"},{"@type":"BreadcrumbList","@id":"https:\/\/www.piesta.ee\/toode\/piesta-johvikas\/#breadcrumb","itemListElement":[{"@type":"ListItem","position":1,"name":"Home","item":"https:\/\/www.piesta.ee\/en\/"},{"@type":"ListItem","position":2,"name":"Shop","item":"https:\/\/www.piesta.ee\/en\/shop\/"},{"@type":"ListItem","position":3,"name":"Piesta J\u00d5HVIKAS"}]},{"@type":"WebSite","@id":"https:\/\/www.piesta.ee\/#website","url":"https:\/\/www.piesta.ee\/","name":"Piesta Kuusikaru talu","description":"","publisher":{"@id":"https:\/\/www.piesta.ee\/#organization"},"potentialAction":[{"@type":"SearchAction","target":{"@type":"EntryPoint","urlTemplate":"https:\/\/www.piesta.ee\/?s={search_term_string}"},"query-input":{"@type":"PropertyValueSpecification","valueRequired":true,"valueName":"search_term_string"}}],"inLanguage":"en-US"},{"@type":"Organization","@id":"https:\/\/www.piesta.ee\/#organization","name":"Piesta Kuusikaru talu","url":"https:\/\/www.piesta.ee\/","logo":{"@type":"ImageObject","inLanguage":"en-US","@id":"https:\/\/www.piesta.ee\/#\/schema\/logo\/image\/","url":"https:\/\/www.piesta.ee\/wp-content\/uploads\/2020\/09\/piesta-logo.png","contentUrl":"https:\/\/www.piesta.ee\/wp-content\/uploads\/2020\/09\/piesta-logo.png","width":572,"height":381,"caption":"Piesta Kuusikaru talu"},"image":{"@id":"https:\/\/www.piesta.ee\/#\/schema\/logo\/image\/"},"sameAs":["https:\/\/www.facebook.com\/piestakuusikaru\/","http:\/\/instagram.com\/piestakuusikaru"]}]}},"_links":{"self":[{"href":"https:\/\/www.piesta.ee\/en\/wp-json\/wp\/v2\/product\/2324","targetHints":{"allow":["GET"]}}],"collection":[{"href":"https:\/\/www.piesta.ee\/en\/wp-json\/wp\/v2\/product"}],"about":[{"href":"https:\/\/www.piesta.ee\/en\/wp-json\/wp\/v2\/types\/product"}],"replies":[{"embeddable":true,"href":"https:\/\/www.piesta.ee\/en\/wp-json\/wp\/v2\/comments?post=2324"}],"wp:featuredmedia":[{"embeddable":true,"href":"https:\/\/www.piesta.ee\/en\/wp-json\/wp\/v2\/media\/2413"}],"wp:attachment":[{"href":"https:\/\/www.piesta.ee\/en\/wp-json\/wp\/v2\/media?parent=2324"}],"wp:term":[{"taxonomy":"product_cat","embeddable":true,"href":"https:\/\/www.piesta.ee\/en\/wp-json\/wp\/v2\/product_cat?post=2324"},{"taxonomy":"product_tag","embeddable":true,"href":"https:\/\/www.piesta.ee\/en\/wp-json\/wp\/v2\/product_tag?post=2324"}],"curies":[{"name":"wp","href":"https:\/\/api.w.org\/{rel}","templated":true}]}}