{"id":2482,"date":"2022-05-20T17:34:30","date_gmt":"2022-05-20T14:34:30","guid":{"rendered":"https:\/\/www.piesta.ee\/?post_type=product&#038;p=2482"},"modified":"2024-11-26T00:04:53","modified_gmt":"2024-11-25T22:04:53","slug":"piesta-ounajaatee-ingveriga","status":"publish","type":"product","link":"https:\/\/www.piesta.ee\/en\/toode\/piesta-ounajaatee-ingveriga\/","title":{"rendered":"Piesta \u00f5unaj\u00e4\u00e4tee ingveriga"},"content":{"rendered":"<p>Piesta \u00f5unaj\u00e4\u00e4tee on m\u00f5nus mullivaba karastusjook, mis nagu nimigi \u00fctleb, on k\u00f5ige maitsvam j\u00e4\u00e4k\u00fclmalt. Erinevalt klassikalisest j\u00e4\u00e4teest on siin musta tee asemel Eesti oma taimetee, mis koos \u00f5unamahlaga pakub soojal suvep\u00e4eval m\u00f5nusat jahutust. J\u00e4relmaitses on \u00f5ige pisut tunda ingverit.<\/p>\n","protected":false},"excerpt":{"rendered":"<p>\u00d5unaj\u00e4\u00e4tee on mullivaba karastusjook Eesti taimeteest ja \u00f5unamahlast, millele ingver lisab v\u00e4ikese maitsen\u00fcansi. V\u00e4ga v\u00e4rskendav jook, eriti m\u00f5nus koos j\u00e4\u00e4ga serveerituna.<\/p>\n<p>Hinnale lisandub pandipakendi tasu 0.10\u20ac, mis liidetakse juurde ostukorvis.<\/p>\n","protected":false},"featured_media":2491,"comment_status":"open","ping_status":"closed","template":"","meta":{"_acf_changed":false},"product_cat":[37,41],"product_tag":[],"class_list":{"0":"post-2482","1":"product","2":"type-product","3":"status-publish","4":"has-post-thumbnail","6":"product_cat-joogid","7":"product_cat-karastusjook","9":"first","10":"instock","11":"taxable","12":"shipping-taxable","13":"purchasable","14":"product-type-variable"},"acf":[],"yoast_head":"<!-- This site is optimized with the Yoast SEO plugin v23.9 - https:\/\/yoast.com\/wordpress\/plugins\/seo\/ -->\n<title>Piesta \u00f5unaj\u00e4\u00e4tee ingveriga - Piesta Kuusikaru talu<\/title>\n<meta name=\"description\" content=\"Piesta \u00f5unaj\u00e4\u00e4tee on m\u00f5nus mullivaba karastusjook. Klassikalise j\u00e4\u00e4tee Eesti versioonis kohtuvad \u00f5unamahl ja kohalik taimetee, lisandiks on kerge ingver.\" \/>\n<meta name=\"robots\" content=\"index, follow, max-snippet:-1, max-image-preview:large, max-video-preview:-1\" \/>\n<link rel=\"canonical\" href=\"https:\/\/www.piesta.ee\/toode\/piesta-ounajaatee-ingveriga\/\" \/>\n<meta property=\"og:locale\" content=\"en_US\" \/>\n<meta property=\"og:type\" content=\"article\" \/>\n<meta property=\"og:title\" content=\"Piesta \u00f5unaj\u00e4\u00e4tee ingveriga - Piesta Kuusikaru talu\" \/>\n<meta property=\"og:description\" content=\"Piesta \u00f5unaj\u00e4\u00e4tee on m\u00f5nus mullivaba karastusjook. Klassikalise j\u00e4\u00e4tee Eesti versioonis kohtuvad \u00f5unamahl ja kohalik taimetee, lisandiks on kerge ingver.\" \/>\n<meta property=\"og:url\" content=\"https:\/\/www.piesta.ee\/toode\/piesta-ounajaatee-ingveriga\/\" \/>\n<meta property=\"og:site_name\" content=\"Piesta Kuusikaru talu\" \/>\n<meta property=\"article:publisher\" content=\"https:\/\/www.facebook.com\/piestakuusikaru\/\" \/>\n<meta property=\"article:modified_time\" content=\"2024-11-25T22:04:53+00:00\" \/>\n<meta property=\"og:image\" content=\"https:\/\/www.piesta.ee\/wp-content\/uploads\/2022\/05\/Ja\u0308a\u0308tee-7-Piesta-ingver-ja-aroonia.jpg\" \/>\n\t<meta property=\"og:image:width\" content=\"2000\" \/>\n\t<meta property=\"og:image:height\" content=\"1333\" \/>\n\t<meta property=\"og:image:type\" content=\"image\/jpeg\" \/>\n<meta name=\"twitter:card\" content=\"summary_large_image\" \/>\n<meta name=\"twitter:label1\" content=\"Est. reading time\" \/>\n\t<meta name=\"twitter:data1\" content=\"1 minute\" \/>\n<script type=\"application\/ld+json\" class=\"yoast-schema-graph\">{\"@context\":\"https:\/\/schema.org\",\"@graph\":[{\"@type\":\"WebPage\",\"@id\":\"https:\/\/www.piesta.ee\/toode\/piesta-ounajaatee-ingveriga\/\",\"url\":\"https:\/\/www.piesta.ee\/toode\/piesta-ounajaatee-ingveriga\/\",\"name\":\"Piesta \u00f5unaj\u00e4\u00e4tee ingveriga - Piesta Kuusikaru talu\",\"isPartOf\":{\"@id\":\"https:\/\/www.piesta.ee\/#website\"},\"primaryImageOfPage\":{\"@id\":\"https:\/\/www.piesta.ee\/toode\/piesta-ounajaatee-ingveriga\/#primaryimage\"},\"image\":{\"@id\":\"https:\/\/www.piesta.ee\/toode\/piesta-ounajaatee-ingveriga\/#primaryimage\"},\"thumbnailUrl\":\"https:\/\/www.piesta.ee\/wp-content\/uploads\/2022\/05\/Ja\u0308a\u0308tee-7-Piesta-ingver-ja-aroonia.jpg\",\"datePublished\":\"2022-05-20T14:34:30+00:00\",\"dateModified\":\"2024-11-25T22:04:53+00:00\",\"description\":\"Piesta \u00f5unaj\u00e4\u00e4tee on m\u00f5nus mullivaba karastusjook. Klassikalise j\u00e4\u00e4tee Eesti versioonis kohtuvad \u00f5unamahl ja kohalik taimetee, lisandiks on kerge ingver.\",\"breadcrumb\":{\"@id\":\"https:\/\/www.piesta.ee\/toode\/piesta-ounajaatee-ingveriga\/#breadcrumb\"},\"inLanguage\":\"en-US\",\"potentialAction\":[{\"@type\":\"ReadAction\",\"target\":[\"https:\/\/www.piesta.ee\/toode\/piesta-ounajaatee-ingveriga\/\"]}]},{\"@type\":\"ImageObject\",\"inLanguage\":\"en-US\",\"@id\":\"https:\/\/www.piesta.ee\/toode\/piesta-ounajaatee-ingveriga\/#primaryimage\",\"url\":\"https:\/\/www.piesta.ee\/wp-content\/uploads\/2022\/05\/Ja\u0308a\u0308tee-7-Piesta-ingver-ja-aroonia.jpg\",\"contentUrl\":\"https:\/\/www.piesta.ee\/wp-content\/uploads\/2022\/05\/Ja\u0308a\u0308tee-7-Piesta-ingver-ja-aroonia.jpg\",\"width\":2000,\"height\":1333,\"caption\":\"Piesta \u00f5unaj\u00e4\u00e4teed ingveri ja arooniaga\"},{\"@type\":\"BreadcrumbList\",\"@id\":\"https:\/\/www.piesta.ee\/toode\/piesta-ounajaatee-ingveriga\/#breadcrumb\",\"itemListElement\":[{\"@type\":\"ListItem\",\"position\":1,\"name\":\"Home\",\"item\":\"https:\/\/www.piesta.ee\/en\/\"},{\"@type\":\"ListItem\",\"position\":2,\"name\":\"Shop\",\"item\":\"https:\/\/www.piesta.ee\/en\/shop\/\"},{\"@type\":\"ListItem\",\"position\":3,\"name\":\"Piesta \u00f5unaj\u00e4\u00e4tee ingveriga\"}]},{\"@type\":\"WebSite\",\"@id\":\"https:\/\/www.piesta.ee\/#website\",\"url\":\"https:\/\/www.piesta.ee\/\",\"name\":\"Piesta Kuusikaru talu\",\"description\":\"\",\"publisher\":{\"@id\":\"https:\/\/www.piesta.ee\/#organization\"},\"potentialAction\":[{\"@type\":\"SearchAction\",\"target\":{\"@type\":\"EntryPoint\",\"urlTemplate\":\"https:\/\/www.piesta.ee\/?s={search_term_string}\"},\"query-input\":{\"@type\":\"PropertyValueSpecification\",\"valueRequired\":true,\"valueName\":\"search_term_string\"}}],\"inLanguage\":\"en-US\"},{\"@type\":\"Organization\",\"@id\":\"https:\/\/www.piesta.ee\/#organization\",\"name\":\"Piesta Kuusikaru talu\",\"url\":\"https:\/\/www.piesta.ee\/\",\"logo\":{\"@type\":\"ImageObject\",\"inLanguage\":\"en-US\",\"@id\":\"https:\/\/www.piesta.ee\/#\/schema\/logo\/image\/\",\"url\":\"https:\/\/www.piesta.ee\/wp-content\/uploads\/2020\/09\/piesta-logo.png\",\"contentUrl\":\"https:\/\/www.piesta.ee\/wp-content\/uploads\/2020\/09\/piesta-logo.png\",\"width\":572,\"height\":381,\"caption\":\"Piesta Kuusikaru talu\"},\"image\":{\"@id\":\"https:\/\/www.piesta.ee\/#\/schema\/logo\/image\/\"},\"sameAs\":[\"https:\/\/www.facebook.com\/piestakuusikaru\/\",\"http:\/\/instagram.com\/piestakuusikaru\"]}]}<\/script>\n<!-- \/ Yoast SEO plugin. -->","yoast_head_json":{"title":"Piesta \u00f5unaj\u00e4\u00e4tee ingveriga - Piesta Kuusikaru talu","description":"Piesta \u00f5unaj\u00e4\u00e4tee on m\u00f5nus mullivaba karastusjook. Klassikalise j\u00e4\u00e4tee Eesti versioonis kohtuvad \u00f5unamahl ja kohalik taimetee, lisandiks on kerge ingver.","robots":{"index":"index","follow":"follow","max-snippet":"max-snippet:-1","max-image-preview":"max-image-preview:large","max-video-preview":"max-video-preview:-1"},"canonical":"https:\/\/www.piesta.ee\/toode\/piesta-ounajaatee-ingveriga\/","og_locale":"en_US","og_type":"article","og_title":"Piesta \u00f5unaj\u00e4\u00e4tee ingveriga - Piesta Kuusikaru talu","og_description":"Piesta \u00f5unaj\u00e4\u00e4tee on m\u00f5nus mullivaba karastusjook. Klassikalise j\u00e4\u00e4tee Eesti versioonis kohtuvad \u00f5unamahl ja kohalik taimetee, lisandiks on kerge ingver.","og_url":"https:\/\/www.piesta.ee\/toode\/piesta-ounajaatee-ingveriga\/","og_site_name":"Piesta Kuusikaru talu","article_publisher":"https:\/\/www.facebook.com\/piestakuusikaru\/","article_modified_time":"2024-11-25T22:04:53+00:00","og_image":[{"width":2000,"height":1333,"url":"https:\/\/www.piesta.ee\/wp-content\/uploads\/2022\/05\/Ja\u0308a\u0308tee-7-Piesta-ingver-ja-aroonia.jpg","type":"image\/jpeg"}],"twitter_card":"summary_large_image","twitter_misc":{"Est. reading time":"1 minute"},"schema":{"@context":"https:\/\/schema.org","@graph":[{"@type":"WebPage","@id":"https:\/\/www.piesta.ee\/toode\/piesta-ounajaatee-ingveriga\/","url":"https:\/\/www.piesta.ee\/toode\/piesta-ounajaatee-ingveriga\/","name":"Piesta \u00f5unaj\u00e4\u00e4tee ingveriga - Piesta Kuusikaru talu","isPartOf":{"@id":"https:\/\/www.piesta.ee\/#website"},"primaryImageOfPage":{"@id":"https:\/\/www.piesta.ee\/toode\/piesta-ounajaatee-ingveriga\/#primaryimage"},"image":{"@id":"https:\/\/www.piesta.ee\/toode\/piesta-ounajaatee-ingveriga\/#primaryimage"},"thumbnailUrl":"https:\/\/www.piesta.ee\/wp-content\/uploads\/2022\/05\/Ja\u0308a\u0308tee-7-Piesta-ingver-ja-aroonia.jpg","datePublished":"2022-05-20T14:34:30+00:00","dateModified":"2024-11-25T22:04:53+00:00","description":"Piesta \u00f5unaj\u00e4\u00e4tee on m\u00f5nus mullivaba karastusjook. Klassikalise j\u00e4\u00e4tee Eesti versioonis kohtuvad \u00f5unamahl ja kohalik taimetee, lisandiks on kerge ingver.","breadcrumb":{"@id":"https:\/\/www.piesta.ee\/toode\/piesta-ounajaatee-ingveriga\/#breadcrumb"},"inLanguage":"en-US","potentialAction":[{"@type":"ReadAction","target":["https:\/\/www.piesta.ee\/toode\/piesta-ounajaatee-ingveriga\/"]}]},{"@type":"ImageObject","inLanguage":"en-US","@id":"https:\/\/www.piesta.ee\/toode\/piesta-ounajaatee-ingveriga\/#primaryimage","url":"https:\/\/www.piesta.ee\/wp-content\/uploads\/2022\/05\/Ja\u0308a\u0308tee-7-Piesta-ingver-ja-aroonia.jpg","contentUrl":"https:\/\/www.piesta.ee\/wp-content\/uploads\/2022\/05\/Ja\u0308a\u0308tee-7-Piesta-ingver-ja-aroonia.jpg","width":2000,"height":1333,"caption":"Piesta \u00f5unaj\u00e4\u00e4teed ingveri ja arooniaga"},{"@type":"BreadcrumbList","@id":"https:\/\/www.piesta.ee\/toode\/piesta-ounajaatee-ingveriga\/#breadcrumb","itemListElement":[{"@type":"ListItem","position":1,"name":"Home","item":"https:\/\/www.piesta.ee\/en\/"},{"@type":"ListItem","position":2,"name":"Shop","item":"https:\/\/www.piesta.ee\/en\/shop\/"},{"@type":"ListItem","position":3,"name":"Piesta \u00f5unaj\u00e4\u00e4tee ingveriga"}]},{"@type":"WebSite","@id":"https:\/\/www.piesta.ee\/#website","url":"https:\/\/www.piesta.ee\/","name":"Piesta Kuusikaru talu","description":"","publisher":{"@id":"https:\/\/www.piesta.ee\/#organization"},"potentialAction":[{"@type":"SearchAction","target":{"@type":"EntryPoint","urlTemplate":"https:\/\/www.piesta.ee\/?s={search_term_string}"},"query-input":{"@type":"PropertyValueSpecification","valueRequired":true,"valueName":"search_term_string"}}],"inLanguage":"en-US"},{"@type":"Organization","@id":"https:\/\/www.piesta.ee\/#organization","name":"Piesta Kuusikaru talu","url":"https:\/\/www.piesta.ee\/","logo":{"@type":"ImageObject","inLanguage":"en-US","@id":"https:\/\/www.piesta.ee\/#\/schema\/logo\/image\/","url":"https:\/\/www.piesta.ee\/wp-content\/uploads\/2020\/09\/piesta-logo.png","contentUrl":"https:\/\/www.piesta.ee\/wp-content\/uploads\/2020\/09\/piesta-logo.png","width":572,"height":381,"caption":"Piesta Kuusikaru talu"},"image":{"@id":"https:\/\/www.piesta.ee\/#\/schema\/logo\/image\/"},"sameAs":["https:\/\/www.facebook.com\/piestakuusikaru\/","http:\/\/instagram.com\/piestakuusikaru"]}]}},"_links":{"self":[{"href":"https:\/\/www.piesta.ee\/en\/wp-json\/wp\/v2\/product\/2482","targetHints":{"allow":["GET"]}}],"collection":[{"href":"https:\/\/www.piesta.ee\/en\/wp-json\/wp\/v2\/product"}],"about":[{"href":"https:\/\/www.piesta.ee\/en\/wp-json\/wp\/v2\/types\/product"}],"replies":[{"embeddable":true,"href":"https:\/\/www.piesta.ee\/en\/wp-json\/wp\/v2\/comments?post=2482"}],"wp:featuredmedia":[{"embeddable":true,"href":"https:\/\/www.piesta.ee\/en\/wp-json\/wp\/v2\/media\/2491"}],"wp:attachment":[{"href":"https:\/\/www.piesta.ee\/en\/wp-json\/wp\/v2\/media?parent=2482"}],"wp:term":[{"taxonomy":"product_cat","embeddable":true,"href":"https:\/\/www.piesta.ee\/en\/wp-json\/wp\/v2\/product_cat?post=2482"},{"taxonomy":"product_tag","embeddable":true,"href":"https:\/\/www.piesta.ee\/en\/wp-json\/wp\/v2\/product_tag?post=2482"}],"curies":[{"name":"wp","href":"https:\/\/api.w.org\/{rel}","templated":true}]}}