{"id":2519,"date":"2022-07-08T17:35:05","date_gmt":"2022-07-08T14:35:05","guid":{"rendered":"https:\/\/www.piesta.ee\/?post_type=product&#038;p=2519"},"modified":"2026-03-21T20:55:08","modified_gmt":"2026-03-21T18:55:08","slug":"piesta-salatikaste","status":"publish","type":"product","link":"https:\/\/www.piesta.ee\/en\/toode\/piesta-salatikaste\/","title":{"rendered":"Piesta salatikaste"},"content":{"rendered":"<h2>Piesta salatikaste \u2013 mahe, tervislik ja maitsev lisand salatitele<\/h2>\n<p>Piesta mahe salatikaste on m\u00f5nusalt magus-hapu maitsega, meenutades oma maitsebuketilt palsami\u00e4\u00e4dikat. Sobib suurep\u00e4raselt lisandiks v\u00e4rskele salatile, samuti n\u00e4iteks <a href=\"https:\/\/nami-nami.ee\/retsept\/3606\/mozzarella_tomatisalat\" target=\"_blank\" rel=\"noopener\">Capri salati<\/a> juurde, ning lisab huvitava n\u00fcansi ka magustoitudele, n\u00e4iteks puuviljasalatile v\u00f5i j\u00e4\u00e4tisele.<\/p>\n<p>Piesta salatikaste on mahetoode, mis koosneb vaid kahest komponendist &#8211; mahe\u00f5unamahl ja mahe \u00f5una\u00e4\u00e4dikas. See t\u00e4hendab, et iga tilk kastet on puhas ja tervislik, tuues esile \u00f5una v\u00e4rskuse, paraja happesuse ja kerge magususe.\u00a0 See vastupandamatu kooslus muudab toorsalati maitsvamaks ning t\u00e4nu \u00f5una\u00e4\u00e4dikas sisalduvatele kasulikele bakteritele m\u00f5jub \u00fchtlasi h\u00e4sti seedimisele. Kuigi tehnoloogiliselt ei ole tegemist <em>balsamico<\/em> ehk palsami\u00e4\u00e4dikaga, on maitse piisavalt sarnane, et Piesta salatikastet just selle kuulsa Itaalia p\u00e4ritolu lisandiga v\u00f5rrelda.<\/p>\n<h2>Kuidas kasutada?<\/h2>\n<p>Piesta salatikastet on lihtne kasutada \u2013 nirista v\u00e4rskele rohelisele salatile ja naudi! Maitsva toidu valmistamine muutub t\u00e4nu Piesta salatikastmele lihtsamaks ja kiiremaks, kuna pole vaja t\u00e4iendavat maitsestamist ega erinevaid lisandeid.<\/p>\n<p>Kui aga naudid toiduvalmistamist ja eelistad oma retsepte ise luua, saab Piesta salatikaste olla \u00fcks olulistest komponentidest. Lisa salatikastmele n\u00e4iteks oliivi\u00f5li, soola, pipart ja \u00fcrte, et valmistada klassikaline vinegrett, mis sobib mitmetesse roogadesse.<\/p>\n<p>Parima maitseelamuse saamiseks sega kaste salatisse v\u00e4hemalt pool tundi enne serveerimist. See on oluline, et kaste j\u00f5uaks imenduda ning v\u00e4rskele salatile vajalikku s\u00e4rtsu anda. Samas v\u00f5ib salatikastme pudeli muidugi ka lauale panna, et s\u00f6\u00f6jad saaksid soovi korral oma portsjonile kastet lisada ning maitse endale meelep\u00e4raseks timmida. T\u00e4nu mugavale dosaatorile saad pudelist valada t\u00e4pselt vajaliku koguse kastet otse taldrikule.<\/p>\n<p>Professionaalide vihje: Kas teadsid, et Piesta salatikastet saab kasutada ka kokteilides? Jah, see on suurep\u00e4rane kokteilisiirup neile, kes hindavad puhtaid maitseid. Soovitus v\u00f5ib esmapilgul tunduda veider, kuna salatikaste sisaldab \u00f5una\u00e4\u00e4dikat, kuid kes on kursis joogi\u00e4\u00e4dikate pika ajalooga, enam ei \u00fcllatu. Tegemist on maitsek\u00fcllase lisandiga, mis sobib paljudesse kokteilidesse<\/p>\n<p><strong>Proovi Piesta salatikastet \u2013 lisa see ostukorvi ja muuda oma salatid veelgi maitsvamaks!<\/strong><\/p>\n<p>Koostisosad: <a href=\"https:\/\/www.piesta.ee\/toode\/maheounamahl\/\" target=\"_blank\" rel=\"noopener\">mahe\u00f5unamahl<\/a>, <a href=\"https:\/\/www.piesta.ee\/toode\/piesta-mahe-ounaaadikas\/\" target=\"_blank\" rel=\"noopener\">mahe \u00f5una\u00e4\u00e4dikas<\/a>.<\/p>\n","protected":false},"excerpt":{"rendered":"<div><span lang=\"ET\">Piesta salatikaste on suurep\u00e4rane lisand v\u00e4rskele salatile. M\u00f5nusalt magus-hapu maitsega kaste meenutab oma maitsebuketilt palsami\u00e4\u00e4dikat.<\/span><\/div>\n<div>Netokogus: 250 ml<\/div>\n","protected":false},"featured_media":2591,"comment_status":"open","ping_status":"closed","template":"","meta":{"_acf_changed":false},"product_cat":[47,40],"product_tag":[],"class_list":{"0":"post-2519","1":"product","2":"type-product","3":"status-publish","4":"has-post-thumbnail","6":"product_cat-lisandid","7":"product_cat-mahetoode","9":"first","10":"instock","11":"taxable","12":"shipping-taxable","13":"purchasable","14":"product-type-simple"},"acf":[],"yoast_head":"<!-- This site is optimized with the Yoast SEO plugin v23.9 - https:\/\/yoast.com\/wordpress\/plugins\/seo\/ -->\n<title>Piesta salatikaste - Piesta Kuusikaru talu<\/title>\n<meta name=\"description\" content=\"Piesta salatikaste maitseb nagu palsami\u00e4\u00e4dikas. Suurep\u00e4rane lisand v\u00e4rskele salatile. \u00dchtlasi sobib salatikaste h\u00e4sti kokteilidesse.\" \/>\n<meta name=\"robots\" content=\"index, follow, max-snippet:-1, max-image-preview:large, max-video-preview:-1\" \/>\n<link rel=\"canonical\" href=\"https:\/\/www.piesta.ee\/toode\/piesta-salatikaste\/\" \/>\n<meta property=\"og:locale\" content=\"en_US\" \/>\n<meta property=\"og:type\" content=\"article\" \/>\n<meta property=\"og:title\" content=\"Piesta salatikaste - Piesta Kuusikaru talu\" \/>\n<meta property=\"og:description\" content=\"Piesta salatikaste maitseb nagu palsami\u00e4\u00e4dikas. Suurep\u00e4rane lisand v\u00e4rskele salatile. \u00dchtlasi sobib salatikaste h\u00e4sti kokteilidesse.\" \/>\n<meta property=\"og:url\" content=\"https:\/\/www.piesta.ee\/toode\/piesta-salatikaste\/\" \/>\n<meta property=\"og:site_name\" content=\"Piesta Kuusikaru talu\" \/>\n<meta property=\"article:publisher\" content=\"https:\/\/www.facebook.com\/piestakuusikaru\/\" \/>\n<meta property=\"article:modified_time\" content=\"2026-03-21T18:55:08+00:00\" \/>\n<meta property=\"og:image\" content=\"https:\/\/www.piesta.ee\/wp-content\/uploads\/2022\/07\/Piesta-salatikaste-5-laual-salatiga.jpg\" \/>\n\t<meta property=\"og:image:width\" content=\"2000\" \/>\n\t<meta property=\"og:image:height\" content=\"1333\" \/>\n\t<meta property=\"og:image:type\" content=\"image\/jpeg\" \/>\n<meta name=\"twitter:card\" content=\"summary_large_image\" \/>\n<meta name=\"twitter:label1\" content=\"Est. reading time\" \/>\n\t<meta name=\"twitter:data1\" content=\"2 minutes\" \/>\n<script type=\"application\/ld+json\" class=\"yoast-schema-graph\">{\"@context\":\"https:\/\/schema.org\",\"@graph\":[{\"@type\":\"WebPage\",\"@id\":\"https:\/\/www.piesta.ee\/toode\/piesta-salatikaste\/\",\"url\":\"https:\/\/www.piesta.ee\/toode\/piesta-salatikaste\/\",\"name\":\"Piesta salatikaste - Piesta Kuusikaru talu\",\"isPartOf\":{\"@id\":\"https:\/\/www.piesta.ee\/#website\"},\"primaryImageOfPage\":{\"@id\":\"https:\/\/www.piesta.ee\/toode\/piesta-salatikaste\/#primaryimage\"},\"image\":{\"@id\":\"https:\/\/www.piesta.ee\/toode\/piesta-salatikaste\/#primaryimage\"},\"thumbnailUrl\":\"https:\/\/www.piesta.ee\/wp-content\/uploads\/2022\/07\/Piesta-salatikaste-5-laual-salatiga.jpg\",\"datePublished\":\"2022-07-08T14:35:05+00:00\",\"dateModified\":\"2026-03-21T18:55:08+00:00\",\"description\":\"Piesta salatikaste maitseb nagu palsami\u00e4\u00e4dikas. Suurep\u00e4rane lisand v\u00e4rskele salatile. \u00dchtlasi sobib salatikaste h\u00e4sti kokteilidesse.\",\"breadcrumb\":{\"@id\":\"https:\/\/www.piesta.ee\/toode\/piesta-salatikaste\/#breadcrumb\"},\"inLanguage\":\"en-US\",\"potentialAction\":[{\"@type\":\"ReadAction\",\"target\":[\"https:\/\/www.piesta.ee\/toode\/piesta-salatikaste\/\"]}]},{\"@type\":\"ImageObject\",\"inLanguage\":\"en-US\",\"@id\":\"https:\/\/www.piesta.ee\/toode\/piesta-salatikaste\/#primaryimage\",\"url\":\"https:\/\/www.piesta.ee\/wp-content\/uploads\/2022\/07\/Piesta-salatikaste-5-laual-salatiga.jpg\",\"contentUrl\":\"https:\/\/www.piesta.ee\/wp-content\/uploads\/2022\/07\/Piesta-salatikaste-5-laual-salatiga.jpg\",\"width\":2000,\"height\":1333,\"caption\":\"Piesta salatikastme pudel koos salatiga laual\"},{\"@type\":\"BreadcrumbList\",\"@id\":\"https:\/\/www.piesta.ee\/toode\/piesta-salatikaste\/#breadcrumb\",\"itemListElement\":[{\"@type\":\"ListItem\",\"position\":1,\"name\":\"Home\",\"item\":\"https:\/\/www.piesta.ee\/en\/\"},{\"@type\":\"ListItem\",\"position\":2,\"name\":\"Shop\",\"item\":\"https:\/\/www.piesta.ee\/en\/shop\/\"},{\"@type\":\"ListItem\",\"position\":3,\"name\":\"Piesta salatikaste\"}]},{\"@type\":\"WebSite\",\"@id\":\"https:\/\/www.piesta.ee\/#website\",\"url\":\"https:\/\/www.piesta.ee\/\",\"name\":\"Piesta Kuusikaru talu\",\"description\":\"\",\"publisher\":{\"@id\":\"https:\/\/www.piesta.ee\/#organization\"},\"potentialAction\":[{\"@type\":\"SearchAction\",\"target\":{\"@type\":\"EntryPoint\",\"urlTemplate\":\"https:\/\/www.piesta.ee\/?s={search_term_string}\"},\"query-input\":{\"@type\":\"PropertyValueSpecification\",\"valueRequired\":true,\"valueName\":\"search_term_string\"}}],\"inLanguage\":\"en-US\"},{\"@type\":\"Organization\",\"@id\":\"https:\/\/www.piesta.ee\/#organization\",\"name\":\"Piesta Kuusikaru talu\",\"url\":\"https:\/\/www.piesta.ee\/\",\"logo\":{\"@type\":\"ImageObject\",\"inLanguage\":\"en-US\",\"@id\":\"https:\/\/www.piesta.ee\/#\/schema\/logo\/image\/\",\"url\":\"https:\/\/www.piesta.ee\/wp-content\/uploads\/2020\/09\/piesta-logo.png\",\"contentUrl\":\"https:\/\/www.piesta.ee\/wp-content\/uploads\/2020\/09\/piesta-logo.png\",\"width\":572,\"height\":381,\"caption\":\"Piesta Kuusikaru talu\"},\"image\":{\"@id\":\"https:\/\/www.piesta.ee\/#\/schema\/logo\/image\/\"},\"sameAs\":[\"https:\/\/www.facebook.com\/piestakuusikaru\/\",\"http:\/\/instagram.com\/piestakuusikaru\"]}]}<\/script>\n<!-- \/ Yoast SEO plugin. -->","yoast_head_json":{"title":"Piesta salatikaste - Piesta Kuusikaru talu","description":"Piesta salatikaste maitseb nagu palsami\u00e4\u00e4dikas. Suurep\u00e4rane lisand v\u00e4rskele salatile. \u00dchtlasi sobib salatikaste h\u00e4sti kokteilidesse.","robots":{"index":"index","follow":"follow","max-snippet":"max-snippet:-1","max-image-preview":"max-image-preview:large","max-video-preview":"max-video-preview:-1"},"canonical":"https:\/\/www.piesta.ee\/toode\/piesta-salatikaste\/","og_locale":"en_US","og_type":"article","og_title":"Piesta salatikaste - Piesta Kuusikaru talu","og_description":"Piesta salatikaste maitseb nagu palsami\u00e4\u00e4dikas. Suurep\u00e4rane lisand v\u00e4rskele salatile. \u00dchtlasi sobib salatikaste h\u00e4sti kokteilidesse.","og_url":"https:\/\/www.piesta.ee\/toode\/piesta-salatikaste\/","og_site_name":"Piesta Kuusikaru talu","article_publisher":"https:\/\/www.facebook.com\/piestakuusikaru\/","article_modified_time":"2026-03-21T18:55:08+00:00","og_image":[{"width":2000,"height":1333,"url":"https:\/\/www.piesta.ee\/wp-content\/uploads\/2022\/07\/Piesta-salatikaste-5-laual-salatiga.jpg","type":"image\/jpeg"}],"twitter_card":"summary_large_image","twitter_misc":{"Est. reading time":"2 minutes"},"schema":{"@context":"https:\/\/schema.org","@graph":[{"@type":"WebPage","@id":"https:\/\/www.piesta.ee\/toode\/piesta-salatikaste\/","url":"https:\/\/www.piesta.ee\/toode\/piesta-salatikaste\/","name":"Piesta salatikaste - Piesta Kuusikaru talu","isPartOf":{"@id":"https:\/\/www.piesta.ee\/#website"},"primaryImageOfPage":{"@id":"https:\/\/www.piesta.ee\/toode\/piesta-salatikaste\/#primaryimage"},"image":{"@id":"https:\/\/www.piesta.ee\/toode\/piesta-salatikaste\/#primaryimage"},"thumbnailUrl":"https:\/\/www.piesta.ee\/wp-content\/uploads\/2022\/07\/Piesta-salatikaste-5-laual-salatiga.jpg","datePublished":"2022-07-08T14:35:05+00:00","dateModified":"2026-03-21T18:55:08+00:00","description":"Piesta salatikaste maitseb nagu palsami\u00e4\u00e4dikas. Suurep\u00e4rane lisand v\u00e4rskele salatile. \u00dchtlasi sobib salatikaste h\u00e4sti kokteilidesse.","breadcrumb":{"@id":"https:\/\/www.piesta.ee\/toode\/piesta-salatikaste\/#breadcrumb"},"inLanguage":"en-US","potentialAction":[{"@type":"ReadAction","target":["https:\/\/www.piesta.ee\/toode\/piesta-salatikaste\/"]}]},{"@type":"ImageObject","inLanguage":"en-US","@id":"https:\/\/www.piesta.ee\/toode\/piesta-salatikaste\/#primaryimage","url":"https:\/\/www.piesta.ee\/wp-content\/uploads\/2022\/07\/Piesta-salatikaste-5-laual-salatiga.jpg","contentUrl":"https:\/\/www.piesta.ee\/wp-content\/uploads\/2022\/07\/Piesta-salatikaste-5-laual-salatiga.jpg","width":2000,"height":1333,"caption":"Piesta salatikastme pudel koos salatiga laual"},{"@type":"BreadcrumbList","@id":"https:\/\/www.piesta.ee\/toode\/piesta-salatikaste\/#breadcrumb","itemListElement":[{"@type":"ListItem","position":1,"name":"Home","item":"https:\/\/www.piesta.ee\/en\/"},{"@type":"ListItem","position":2,"name":"Shop","item":"https:\/\/www.piesta.ee\/en\/shop\/"},{"@type":"ListItem","position":3,"name":"Piesta salatikaste"}]},{"@type":"WebSite","@id":"https:\/\/www.piesta.ee\/#website","url":"https:\/\/www.piesta.ee\/","name":"Piesta Kuusikaru talu","description":"","publisher":{"@id":"https:\/\/www.piesta.ee\/#organization"},"potentialAction":[{"@type":"SearchAction","target":{"@type":"EntryPoint","urlTemplate":"https:\/\/www.piesta.ee\/?s={search_term_string}"},"query-input":{"@type":"PropertyValueSpecification","valueRequired":true,"valueName":"search_term_string"}}],"inLanguage":"en-US"},{"@type":"Organization","@id":"https:\/\/www.piesta.ee\/#organization","name":"Piesta Kuusikaru talu","url":"https:\/\/www.piesta.ee\/","logo":{"@type":"ImageObject","inLanguage":"en-US","@id":"https:\/\/www.piesta.ee\/#\/schema\/logo\/image\/","url":"https:\/\/www.piesta.ee\/wp-content\/uploads\/2020\/09\/piesta-logo.png","contentUrl":"https:\/\/www.piesta.ee\/wp-content\/uploads\/2020\/09\/piesta-logo.png","width":572,"height":381,"caption":"Piesta Kuusikaru talu"},"image":{"@id":"https:\/\/www.piesta.ee\/#\/schema\/logo\/image\/"},"sameAs":["https:\/\/www.facebook.com\/piestakuusikaru\/","http:\/\/instagram.com\/piestakuusikaru"]}]}},"_links":{"self":[{"href":"https:\/\/www.piesta.ee\/en\/wp-json\/wp\/v2\/product\/2519","targetHints":{"allow":["GET"]}}],"collection":[{"href":"https:\/\/www.piesta.ee\/en\/wp-json\/wp\/v2\/product"}],"about":[{"href":"https:\/\/www.piesta.ee\/en\/wp-json\/wp\/v2\/types\/product"}],"replies":[{"embeddable":true,"href":"https:\/\/www.piesta.ee\/en\/wp-json\/wp\/v2\/comments?post=2519"}],"wp:featuredmedia":[{"embeddable":true,"href":"https:\/\/www.piesta.ee\/en\/wp-json\/wp\/v2\/media\/2591"}],"wp:attachment":[{"href":"https:\/\/www.piesta.ee\/en\/wp-json\/wp\/v2\/media?parent=2519"}],"wp:term":[{"taxonomy":"product_cat","embeddable":true,"href":"https:\/\/www.piesta.ee\/en\/wp-json\/wp\/v2\/product_cat?post=2519"},{"taxonomy":"product_tag","embeddable":true,"href":"https:\/\/www.piesta.ee\/en\/wp-json\/wp\/v2\/product_tag?post=2519"}],"curies":[{"name":"wp","href":"https:\/\/api.w.org\/{rel}","templated":true}]}}