{"id":3655,"date":"2024-11-19T13:12:39","date_gmt":"2024-11-19T11:12:39","guid":{"rendered":"https:\/\/www.piesta.ee\/?post_type=product&#038;p=3655"},"modified":"2024-12-29T18:20:15","modified_gmt":"2024-12-29T16:20:15","slug":"kinkekomplekt-jouluroom","status":"publish","type":"product","link":"https:\/\/www.piesta.ee\/en\/toode\/kinkekomplekt-jouluroom\/","title":{"rendered":"Kinkekomplekt &#8220;J\u00f5ulur\u00f5\u00f5msad maitsed&#8221;"},"content":{"rendered":"<h2>Piesta kinkekomplekt &#8220;J\u00f5ulur\u00f5\u00f5msad maitsed&#8221;<\/h2>\n<p>&nbsp;<\/p>\n<p><span style=\"font-family: -apple-system, BlinkMacSystemFont, 'Segoe UI', Roboto, 'Helvetica Neue', Arial, sans-serif, 'Apple Color Emoji', 'Segoe UI Emoji', 'Segoe UI Symbol'; font-size: 1rem;\">See kinkekomplekt toob kindlasti j\u00f5ulur\u00f5\u00f5mu neile, kes hindavad m\u00f5nusaid ja mitmek\u00fclgseid Eesti maitseid.\u00a0<\/span><span style=\"font-family: -apple-system, BlinkMacSystemFont, 'Segoe UI', Roboto, 'Helvetica Neue', Arial, sans-serif, 'Apple Color Emoji', 'Segoe UI Emoji', 'Segoe UI Symbol'; font-size: 1rem;\">P\u00fchadele annavad erilise s\u00e4ra:\u00a0<\/span><\/p>\n<ul>\n<li><a href=\"https:\/\/www.piesta.ee\/toode\/piesta-ounamarmelaad\/\" target=\"_blank\" rel=\"noopener\">Piesta \u00f5unamarmelaad<\/a> &#8211; <span style=\"font-family: -apple-system, BlinkMacSystemFont, 'Segoe UI', Roboto, 'Helvetica Neue', Arial, sans-serif, 'Apple Color Emoji', 'Segoe UI Emoji', 'Segoe UI Symbol'; font-size: 1rem;\">ideaalne t\u00e4iendus klassikalisele j\u00f5ulumen\u00fc\u00fcle, <\/span>sobib verivorsti ja maksapasteedi, juustude ja pardilihaga<\/li>\n<li>\u00f5unaaiamesi &#8211; <a href=\"https:\/\/meemeistrid.ee\/\" target=\"_blank\" rel=\"noopener\">Meemeistrite<\/a> usinaste mesilaste poolt Piesta mahe\u00f5unaaiast kogutud mesi on pehme ja koduse maitsega<\/li>\n<li><a href=\"https:\/\/www.piesta.ee\/toode\/piesta-must\/\" target=\"_blank\" rel=\"noopener\">Piesta MUST<\/a> &#8211; mustas\u00f5strashot hoiab k\u00fclmal ajal tervist ning on v\u00e4rvikas t\u00e4iendus nii vaniljej\u00e4\u00e4tisele kui ka erinevatesse segujookidesse<\/li>\n<li><a href=\"https:\/\/www.piesta.ee\/toode\/piesta-ounasiirup-orna-mundiga\/\" target=\"_blank\" rel=\"noopener\">Piesta \u00f5unasiirup \u00f5rna m\u00fcndiga<\/a> &#8211; annab m\u00f5nusa meki jookidele alates kodulimonaadist kuni \u00f5una<em>mojito<\/em>&#8216;ni, aga tasub proovida ka lambaliha kastmeks<\/li>\n<\/ul>\n<p>Kingitus on k\u00e4sitsi pakitud musta kartongkarpi ning seotud kauni vasekarva atlaspaelaga. T\u00e4itematerjaliks on naturaalne puiduvill.<\/p>\n<p><strong>Kellele kinkida?<\/strong> Ideaalne kingitus peredele. Samuti neile, kes traditsioonilistele j\u00f5ulumaitsetele v\u00e4rsket vaheldust soovivad.<\/p>\n<p>Kui soovid, et saadame paki otse kingisaajale, anna oma m\u00f5ttest teada ostukorvi m\u00e4rkuste lahtris.<\/p>\n<p><strong>Valmista l\u00e4hedastele j\u00f5ulur\u00f5\u00f5mu Piesta h\u00f5rkude maitsetega!<\/strong><\/p>\n<p>&nbsp;<\/p>\n","protected":false},"excerpt":{"rendered":"<p>Loo j\u00f5ulur\u00f5\u00f5mu Piesta m\u00f5nusate maitsetega \u2013 komplekti kuuluvad \u00f5unamarmelaad, mesi, mustas\u00f5strashot ja \u00f5unasiirup. Kena kingitus perele v\u00f5i s\u00f5pradele.<\/p>\n<p>&nbsp;<\/p>\n","protected":false},"featured_media":3657,"comment_status":"open","ping_status":"closed","template":"","meta":{"_acf_changed":false},"product_cat":[68],"product_tag":[],"class_list":{"0":"post-3655","1":"product","2":"type-product","3":"status-publish","4":"has-post-thumbnail","6":"product_cat-kingitused","8":"first","9":"outofstock","10":"taxable","11":"shipping-taxable","12":"purchasable","13":"product-type-simple"},"acf":[],"yoast_head":"<!-- This site is optimized with the Yoast SEO plugin v23.9 - https:\/\/yoast.com\/wordpress\/plugins\/seo\/ -->\n<title>Kinkekomplekt &quot;J\u00f5ulur\u00f5\u00f5msad maitsed&quot; - Piesta Kuusikaru talu<\/title>\n<meta name=\"description\" content=\"Loo j\u00f5ulur\u00f5\u00f5mu Piesta m\u00f5nusate maitsetega \u2013 \u00f5unamarmelaad, mesi, mustas\u00f5strashot ja \u00f5unasiirup. Sobiv kinkekomplekt perele v\u00f5i s\u00f5pradele.\" \/>\n<meta name=\"robots\" content=\"index, follow, max-snippet:-1, max-image-preview:large, max-video-preview:-1\" \/>\n<link rel=\"canonical\" href=\"https:\/\/www.piesta.ee\/toode\/kinkekomplekt-jouluroom\/\" \/>\n<meta property=\"og:locale\" content=\"en_US\" \/>\n<meta property=\"og:type\" content=\"article\" \/>\n<meta property=\"og:title\" content=\"Kinkekomplekt &quot;J\u00f5ulur\u00f5\u00f5msad maitsed&quot; - Piesta Kuusikaru talu\" \/>\n<meta property=\"og:description\" content=\"Loo j\u00f5ulur\u00f5\u00f5mu Piesta m\u00f5nusate maitsetega \u2013 \u00f5unamarmelaad, mesi, mustas\u00f5strashot ja \u00f5unasiirup. Sobiv kinkekomplekt perele v\u00f5i s\u00f5pradele.\" \/>\n<meta property=\"og:url\" content=\"https:\/\/www.piesta.ee\/toode\/kinkekomplekt-jouluroom\/\" \/>\n<meta property=\"og:site_name\" content=\"Piesta Kuusikaru talu\" \/>\n<meta property=\"article:publisher\" content=\"https:\/\/www.facebook.com\/piestakuusikaru\/\" \/>\n<meta property=\"article:modified_time\" content=\"2024-12-29T16:20:15+00:00\" \/>\n<meta property=\"og:image\" content=\"https:\/\/www.piesta.ee\/wp-content\/uploads\/2024\/11\/Piesta-kingitused-jouluroom.jpg\" \/>\n\t<meta property=\"og:image:width\" content=\"2000\" \/>\n\t<meta property=\"og:image:height\" content=\"2000\" \/>\n\t<meta property=\"og:image:type\" content=\"image\/jpeg\" \/>\n<meta name=\"twitter:card\" content=\"summary_large_image\" \/>\n<meta name=\"twitter:label1\" content=\"Est. reading time\" \/>\n\t<meta name=\"twitter:data1\" content=\"1 minute\" \/>\n<script type=\"application\/ld+json\" class=\"yoast-schema-graph\">{\"@context\":\"https:\/\/schema.org\",\"@graph\":[{\"@type\":\"WebPage\",\"@id\":\"https:\/\/www.piesta.ee\/toode\/kinkekomplekt-jouluroom\/\",\"url\":\"https:\/\/www.piesta.ee\/toode\/kinkekomplekt-jouluroom\/\",\"name\":\"Kinkekomplekt \\\"J\u00f5ulur\u00f5\u00f5msad maitsed\\\" - Piesta Kuusikaru talu\",\"isPartOf\":{\"@id\":\"https:\/\/www.piesta.ee\/#website\"},\"primaryImageOfPage\":{\"@id\":\"https:\/\/www.piesta.ee\/toode\/kinkekomplekt-jouluroom\/#primaryimage\"},\"image\":{\"@id\":\"https:\/\/www.piesta.ee\/toode\/kinkekomplekt-jouluroom\/#primaryimage\"},\"thumbnailUrl\":\"https:\/\/www.piesta.ee\/wp-content\/uploads\/2024\/11\/Piesta-kingitused-jouluroom.jpg\",\"datePublished\":\"2024-11-19T11:12:39+00:00\",\"dateModified\":\"2024-12-29T16:20:15+00:00\",\"description\":\"Loo j\u00f5ulur\u00f5\u00f5mu Piesta m\u00f5nusate maitsetega \u2013 \u00f5unamarmelaad, mesi, mustas\u00f5strashot ja \u00f5unasiirup. Sobiv kinkekomplekt perele v\u00f5i s\u00f5pradele.\",\"breadcrumb\":{\"@id\":\"https:\/\/www.piesta.ee\/toode\/kinkekomplekt-jouluroom\/#breadcrumb\"},\"inLanguage\":\"en-US\",\"potentialAction\":[{\"@type\":\"ReadAction\",\"target\":[\"https:\/\/www.piesta.ee\/toode\/kinkekomplekt-jouluroom\/\"]}]},{\"@type\":\"ImageObject\",\"inLanguage\":\"en-US\",\"@id\":\"https:\/\/www.piesta.ee\/toode\/kinkekomplekt-jouluroom\/#primaryimage\",\"url\":\"https:\/\/www.piesta.ee\/wp-content\/uploads\/2024\/11\/Piesta-kingitused-jouluroom.jpg\",\"contentUrl\":\"https:\/\/www.piesta.ee\/wp-content\/uploads\/2024\/11\/Piesta-kingitused-jouluroom.jpg\",\"width\":2000,\"height\":2000,\"caption\":\"Piesta kinkekomplekt j\u00f5ulur\u00f5\u00f5msad maitsed\"},{\"@type\":\"BreadcrumbList\",\"@id\":\"https:\/\/www.piesta.ee\/toode\/kinkekomplekt-jouluroom\/#breadcrumb\",\"itemListElement\":[{\"@type\":\"ListItem\",\"position\":1,\"name\":\"Home\",\"item\":\"https:\/\/www.piesta.ee\/en\/\"},{\"@type\":\"ListItem\",\"position\":2,\"name\":\"Shop\",\"item\":\"https:\/\/www.piesta.ee\/en\/shop\/\"},{\"@type\":\"ListItem\",\"position\":3,\"name\":\"Kinkekomplekt &#8220;J\u00f5ulur\u00f5\u00f5msad maitsed&#8221;\"}]},{\"@type\":\"WebSite\",\"@id\":\"https:\/\/www.piesta.ee\/#website\",\"url\":\"https:\/\/www.piesta.ee\/\",\"name\":\"Piesta Kuusikaru talu\",\"description\":\"\",\"publisher\":{\"@id\":\"https:\/\/www.piesta.ee\/#organization\"},\"potentialAction\":[{\"@type\":\"SearchAction\",\"target\":{\"@type\":\"EntryPoint\",\"urlTemplate\":\"https:\/\/www.piesta.ee\/?s={search_term_string}\"},\"query-input\":{\"@type\":\"PropertyValueSpecification\",\"valueRequired\":true,\"valueName\":\"search_term_string\"}}],\"inLanguage\":\"en-US\"},{\"@type\":\"Organization\",\"@id\":\"https:\/\/www.piesta.ee\/#organization\",\"name\":\"Piesta Kuusikaru talu\",\"url\":\"https:\/\/www.piesta.ee\/\",\"logo\":{\"@type\":\"ImageObject\",\"inLanguage\":\"en-US\",\"@id\":\"https:\/\/www.piesta.ee\/#\/schema\/logo\/image\/\",\"url\":\"https:\/\/www.piesta.ee\/wp-content\/uploads\/2020\/09\/piesta-logo.png\",\"contentUrl\":\"https:\/\/www.piesta.ee\/wp-content\/uploads\/2020\/09\/piesta-logo.png\",\"width\":572,\"height\":381,\"caption\":\"Piesta Kuusikaru talu\"},\"image\":{\"@id\":\"https:\/\/www.piesta.ee\/#\/schema\/logo\/image\/\"},\"sameAs\":[\"https:\/\/www.facebook.com\/piestakuusikaru\/\",\"http:\/\/instagram.com\/piestakuusikaru\"]}]}<\/script>\n<!-- \/ Yoast SEO plugin. -->","yoast_head_json":{"title":"Kinkekomplekt \"J\u00f5ulur\u00f5\u00f5msad maitsed\" - Piesta Kuusikaru talu","description":"Loo j\u00f5ulur\u00f5\u00f5mu Piesta m\u00f5nusate maitsetega \u2013 \u00f5unamarmelaad, mesi, mustas\u00f5strashot ja \u00f5unasiirup. Sobiv kinkekomplekt perele v\u00f5i s\u00f5pradele.","robots":{"index":"index","follow":"follow","max-snippet":"max-snippet:-1","max-image-preview":"max-image-preview:large","max-video-preview":"max-video-preview:-1"},"canonical":"https:\/\/www.piesta.ee\/toode\/kinkekomplekt-jouluroom\/","og_locale":"en_US","og_type":"article","og_title":"Kinkekomplekt \"J\u00f5ulur\u00f5\u00f5msad maitsed\" - Piesta Kuusikaru talu","og_description":"Loo j\u00f5ulur\u00f5\u00f5mu Piesta m\u00f5nusate maitsetega \u2013 \u00f5unamarmelaad, mesi, mustas\u00f5strashot ja \u00f5unasiirup. Sobiv kinkekomplekt perele v\u00f5i s\u00f5pradele.","og_url":"https:\/\/www.piesta.ee\/toode\/kinkekomplekt-jouluroom\/","og_site_name":"Piesta Kuusikaru talu","article_publisher":"https:\/\/www.facebook.com\/piestakuusikaru\/","article_modified_time":"2024-12-29T16:20:15+00:00","og_image":[{"width":2000,"height":2000,"url":"https:\/\/www.piesta.ee\/wp-content\/uploads\/2024\/11\/Piesta-kingitused-jouluroom.jpg","type":"image\/jpeg"}],"twitter_card":"summary_large_image","twitter_misc":{"Est. reading time":"1 minute"},"schema":{"@context":"https:\/\/schema.org","@graph":[{"@type":"WebPage","@id":"https:\/\/www.piesta.ee\/toode\/kinkekomplekt-jouluroom\/","url":"https:\/\/www.piesta.ee\/toode\/kinkekomplekt-jouluroom\/","name":"Kinkekomplekt \"J\u00f5ulur\u00f5\u00f5msad maitsed\" - Piesta Kuusikaru talu","isPartOf":{"@id":"https:\/\/www.piesta.ee\/#website"},"primaryImageOfPage":{"@id":"https:\/\/www.piesta.ee\/toode\/kinkekomplekt-jouluroom\/#primaryimage"},"image":{"@id":"https:\/\/www.piesta.ee\/toode\/kinkekomplekt-jouluroom\/#primaryimage"},"thumbnailUrl":"https:\/\/www.piesta.ee\/wp-content\/uploads\/2024\/11\/Piesta-kingitused-jouluroom.jpg","datePublished":"2024-11-19T11:12:39+00:00","dateModified":"2024-12-29T16:20:15+00:00","description":"Loo j\u00f5ulur\u00f5\u00f5mu Piesta m\u00f5nusate maitsetega \u2013 \u00f5unamarmelaad, mesi, mustas\u00f5strashot ja \u00f5unasiirup. Sobiv kinkekomplekt perele v\u00f5i s\u00f5pradele.","breadcrumb":{"@id":"https:\/\/www.piesta.ee\/toode\/kinkekomplekt-jouluroom\/#breadcrumb"},"inLanguage":"en-US","potentialAction":[{"@type":"ReadAction","target":["https:\/\/www.piesta.ee\/toode\/kinkekomplekt-jouluroom\/"]}]},{"@type":"ImageObject","inLanguage":"en-US","@id":"https:\/\/www.piesta.ee\/toode\/kinkekomplekt-jouluroom\/#primaryimage","url":"https:\/\/www.piesta.ee\/wp-content\/uploads\/2024\/11\/Piesta-kingitused-jouluroom.jpg","contentUrl":"https:\/\/www.piesta.ee\/wp-content\/uploads\/2024\/11\/Piesta-kingitused-jouluroom.jpg","width":2000,"height":2000,"caption":"Piesta kinkekomplekt j\u00f5ulur\u00f5\u00f5msad maitsed"},{"@type":"BreadcrumbList","@id":"https:\/\/www.piesta.ee\/toode\/kinkekomplekt-jouluroom\/#breadcrumb","itemListElement":[{"@type":"ListItem","position":1,"name":"Home","item":"https:\/\/www.piesta.ee\/en\/"},{"@type":"ListItem","position":2,"name":"Shop","item":"https:\/\/www.piesta.ee\/en\/shop\/"},{"@type":"ListItem","position":3,"name":"Kinkekomplekt &#8220;J\u00f5ulur\u00f5\u00f5msad maitsed&#8221;"}]},{"@type":"WebSite","@id":"https:\/\/www.piesta.ee\/#website","url":"https:\/\/www.piesta.ee\/","name":"Piesta Kuusikaru talu","description":"","publisher":{"@id":"https:\/\/www.piesta.ee\/#organization"},"potentialAction":[{"@type":"SearchAction","target":{"@type":"EntryPoint","urlTemplate":"https:\/\/www.piesta.ee\/?s={search_term_string}"},"query-input":{"@type":"PropertyValueSpecification","valueRequired":true,"valueName":"search_term_string"}}],"inLanguage":"en-US"},{"@type":"Organization","@id":"https:\/\/www.piesta.ee\/#organization","name":"Piesta Kuusikaru talu","url":"https:\/\/www.piesta.ee\/","logo":{"@type":"ImageObject","inLanguage":"en-US","@id":"https:\/\/www.piesta.ee\/#\/schema\/logo\/image\/","url":"https:\/\/www.piesta.ee\/wp-content\/uploads\/2020\/09\/piesta-logo.png","contentUrl":"https:\/\/www.piesta.ee\/wp-content\/uploads\/2020\/09\/piesta-logo.png","width":572,"height":381,"caption":"Piesta Kuusikaru talu"},"image":{"@id":"https:\/\/www.piesta.ee\/#\/schema\/logo\/image\/"},"sameAs":["https:\/\/www.facebook.com\/piestakuusikaru\/","http:\/\/instagram.com\/piestakuusikaru"]}]}},"_links":{"self":[{"href":"https:\/\/www.piesta.ee\/en\/wp-json\/wp\/v2\/product\/3655","targetHints":{"allow":["GET"]}}],"collection":[{"href":"https:\/\/www.piesta.ee\/en\/wp-json\/wp\/v2\/product"}],"about":[{"href":"https:\/\/www.piesta.ee\/en\/wp-json\/wp\/v2\/types\/product"}],"replies":[{"embeddable":true,"href":"https:\/\/www.piesta.ee\/en\/wp-json\/wp\/v2\/comments?post=3655"}],"wp:featuredmedia":[{"embeddable":true,"href":"https:\/\/www.piesta.ee\/en\/wp-json\/wp\/v2\/media\/3657"}],"wp:attachment":[{"href":"https:\/\/www.piesta.ee\/en\/wp-json\/wp\/v2\/media?parent=3655"}],"wp:term":[{"taxonomy":"product_cat","embeddable":true,"href":"https:\/\/www.piesta.ee\/en\/wp-json\/wp\/v2\/product_cat?post=3655"},{"taxonomy":"product_tag","embeddable":true,"href":"https:\/\/www.piesta.ee\/en\/wp-json\/wp\/v2\/product_tag?post=3655"}],"curies":[{"name":"wp","href":"https:\/\/api.w.org\/{rel}","templated":true}]}}