{"id":3666,"date":"2024-11-25T11:55:31","date_gmt":"2024-11-25T09:55:31","guid":{"rendered":"https:\/\/www.piesta.ee\/?post_type=product&#038;p=3666"},"modified":"2026-02-15T21:21:30","modified_gmt":"2026-02-15T19:21:30","slug":"kinkekomplekt-puhas-klassika","status":"publish","type":"product","link":"https:\/\/www.piesta.ee\/en\/toode\/kinkekomplekt-puhas-klassika\/","title":{"rendered":"Kinkekomplekt &#8220;Puhas klassika&#8221;"},"content":{"rendered":"<h2>Piesta kinkekomplekt &#8220;Puhas klassika&#8221;<\/h2>\n<p>&nbsp;<\/p>\n<p><span style=\"font-family: -apple-system, BlinkMacSystemFont, 'Segoe UI', Roboto, 'Helvetica Neue', Arial, sans-serif, 'Apple Color Emoji', 'Segoe UI Emoji', 'Segoe UI Symbol'; font-size: 1rem;\">Klassikaline kinkekomplekt on kindla peale minek &#8211; siit leiad valiku Piesta k\u00f5ige armastatumaid tooteid, mida on lihtne kasutada. Need on ajatud lemmikud, mis sobivad igaks p\u00fchadehetkeks:\u00a0<\/span><\/p>\n<ul>\n<li><a href=\"https:\/\/www.piesta.ee\/toode\/piesta-ounamarmelaad\/\" target=\"_blank\" rel=\"noopener\">Piesta \u00f5unamarmelaad<\/a> &#8211; suurep\u00e4rane lisand verivorsti k\u00f5rvale v\u00f5i k\u00fclmlauale. Sobib paljude juustude ja ka maksapasteedi juurde.<\/li>\n<li><a href=\"https:\/\/www.piesta.ee\/toode\/piesta-must\/\" target=\"_blank\" rel=\"noopener\">Piesta MUST<\/a> &#8211; mustas\u00f5strashot hoiab k\u00fclmal ajal tervist, aga seda v\u00f5ib kasutada ka v\u00e4rvi lisamiseks n\u00e4iteks vaniljej\u00e4\u00e4tisele<\/li>\n<li><a href=\"https:\/\/www.piesta.ee\/toode\/maheounamahl\/\" target=\"_blank\" rel=\"noopener\">Piesta mahe\u00f5unamahl<\/a> &#8211; v\u00e4rskendav vahepala j\u00f5ulutoitude vahele v\u00f5i klassikalise ahjuprae marinaadi komponent<\/li>\n<li><a href=\"https:\/\/www.piesta.ee\/toode\/piesta-ounastroop\/\" target=\"_blank\" rel=\"noopener\">Piesta \u00f5unastroop<\/a> &#8211; l\u00e4bi aegade \u00fcks lemmikumaid Piesta tooteid, mis sobib nii soolaste kui magusate roogade lisandiks<\/li>\n<\/ul>\n<p>Komplekt on pakitud musta kartongkarpi, kaunistuseks vasekarva atlaspael. Kinkekarbi t\u00e4idisena on kasutusel puiduvill.<\/p>\n<p><strong>Kellele sobib?<\/strong> Lihtne ja universaalne valik heale tuttavale, kolleegile v\u00f5i ka n\u00e4iteks vanavanematele. Kena k\u00fclakost p\u00fchade ajal.<\/p>\n<p>Lisa soovi korral kaart j\u00f5ulusoovi ja\/v\u00f5i saaja nimega &#8211; kirjuta oma soov ostukorvi m\u00e4rkuste lahtrisse ning lisame kingitusele k\u00e4sitsi kirjutatud kaardi.<\/p>\n<p><strong>Kingi lihtsalt h\u00e4id maitseid!<\/strong><\/p>\n<p>&nbsp;<\/p>\n","protected":false},"excerpt":{"rendered":"<p>Puhas klassika on ajatu kingitus, mis sisaldab m\u00f5nusaid Eesti maitseid. Hea valik r\u00f5\u00f5mustab nii kinkijat kui kingisaajat.<\/p>\n<p>&nbsp;<\/p>\n","protected":false},"featured_media":3888,"comment_status":"open","ping_status":"closed","template":"","meta":{"_acf_changed":false},"product_cat":[68],"product_tag":[],"class_list":{"0":"post-3666","1":"product","2":"type-product","3":"status-publish","4":"has-post-thumbnail","6":"product_cat-kingitused","8":"first","9":"outofstock","10":"taxable","11":"shipping-taxable","12":"purchasable","13":"product-type-simple"},"acf":[],"yoast_head":"<!-- This site is optimized with the Yoast SEO plugin v23.9 - https:\/\/yoast.com\/wordpress\/plugins\/seo\/ -->\n<title>Kinkekomplekt &quot;Puhas klassika&quot; - Piesta Kuusikaru talu<\/title>\n<meta name=\"description\" content=\"Klassikaline kinkekomplekt koosneb puhastest Eesti maitsetest. Lihtne ja hea valik. Kindla peale minek, mis r\u00f5\u00f5mustab nii kinkijat kui ka kingisaajat.\" \/>\n<meta name=\"robots\" content=\"index, follow, max-snippet:-1, max-image-preview:large, max-video-preview:-1\" \/>\n<link rel=\"canonical\" href=\"https:\/\/www.piesta.ee\/toode\/kinkekomplekt-puhas-klassika\/\" \/>\n<meta property=\"og:locale\" content=\"en_US\" \/>\n<meta property=\"og:type\" content=\"article\" \/>\n<meta property=\"og:title\" content=\"Kinkekomplekt &quot;Puhas klassika&quot; - Piesta Kuusikaru talu\" \/>\n<meta property=\"og:description\" content=\"Klassikaline kinkekomplekt koosneb puhastest Eesti maitsetest. Lihtne ja hea valik. Kindla peale minek, mis r\u00f5\u00f5mustab nii kinkijat kui ka kingisaajat.\" \/>\n<meta property=\"og:url\" content=\"https:\/\/www.piesta.ee\/toode\/kinkekomplekt-puhas-klassika\/\" \/>\n<meta property=\"og:site_name\" content=\"Piesta Kuusikaru talu\" \/>\n<meta property=\"article:publisher\" content=\"https:\/\/www.facebook.com\/piestakuusikaru\/\" \/>\n<meta property=\"article:modified_time\" content=\"2026-02-15T19:21:30+00:00\" \/>\n<meta property=\"og:image\" content=\"https:\/\/www.piesta.ee\/wp-content\/uploads\/2024\/11\/Piesta-2025-puhas-klassika.jpg\" \/>\n\t<meta property=\"og:image:width\" content=\"2000\" \/>\n\t<meta property=\"og:image:height\" content=\"2000\" \/>\n\t<meta property=\"og:image:type\" content=\"image\/jpeg\" \/>\n<meta name=\"twitter:card\" content=\"summary_large_image\" \/>\n<meta name=\"twitter:label1\" content=\"Est. reading time\" \/>\n\t<meta name=\"twitter:data1\" content=\"1 minute\" \/>\n<script type=\"application\/ld+json\" class=\"yoast-schema-graph\">{\"@context\":\"https:\/\/schema.org\",\"@graph\":[{\"@type\":\"WebPage\",\"@id\":\"https:\/\/www.piesta.ee\/toode\/kinkekomplekt-puhas-klassika\/\",\"url\":\"https:\/\/www.piesta.ee\/toode\/kinkekomplekt-puhas-klassika\/\",\"name\":\"Kinkekomplekt \\\"Puhas klassika\\\" - Piesta Kuusikaru talu\",\"isPartOf\":{\"@id\":\"https:\/\/www.piesta.ee\/#website\"},\"primaryImageOfPage\":{\"@id\":\"https:\/\/www.piesta.ee\/toode\/kinkekomplekt-puhas-klassika\/#primaryimage\"},\"image\":{\"@id\":\"https:\/\/www.piesta.ee\/toode\/kinkekomplekt-puhas-klassika\/#primaryimage\"},\"thumbnailUrl\":\"https:\/\/www.piesta.ee\/wp-content\/uploads\/2024\/11\/Piesta-2025-puhas-klassika.jpg\",\"datePublished\":\"2024-11-25T09:55:31+00:00\",\"dateModified\":\"2026-02-15T19:21:30+00:00\",\"description\":\"Klassikaline kinkekomplekt koosneb puhastest Eesti maitsetest. Lihtne ja hea valik. Kindla peale minek, mis r\u00f5\u00f5mustab nii kinkijat kui ka kingisaajat.\",\"breadcrumb\":{\"@id\":\"https:\/\/www.piesta.ee\/toode\/kinkekomplekt-puhas-klassika\/#breadcrumb\"},\"inLanguage\":\"en-US\",\"potentialAction\":[{\"@type\":\"ReadAction\",\"target\":[\"https:\/\/www.piesta.ee\/toode\/kinkekomplekt-puhas-klassika\/\"]}]},{\"@type\":\"ImageObject\",\"inLanguage\":\"en-US\",\"@id\":\"https:\/\/www.piesta.ee\/toode\/kinkekomplekt-puhas-klassika\/#primaryimage\",\"url\":\"https:\/\/www.piesta.ee\/wp-content\/uploads\/2024\/11\/Piesta-2025-puhas-klassika.jpg\",\"contentUrl\":\"https:\/\/www.piesta.ee\/wp-content\/uploads\/2024\/11\/Piesta-2025-puhas-klassika.jpg\",\"width\":2000,\"height\":2000,\"caption\":\"Piesta j\u00f5ulupakk \\\"Puhas klassika\\\". Tooted: Piesta MUST, \u00f5unamarmelaad, mahe\u00f5unamahl 20cl ja \u00f5unastroop.\"},{\"@type\":\"BreadcrumbList\",\"@id\":\"https:\/\/www.piesta.ee\/toode\/kinkekomplekt-puhas-klassika\/#breadcrumb\",\"itemListElement\":[{\"@type\":\"ListItem\",\"position\":1,\"name\":\"Home\",\"item\":\"https:\/\/www.piesta.ee\/en\/\"},{\"@type\":\"ListItem\",\"position\":2,\"name\":\"Shop\",\"item\":\"https:\/\/www.piesta.ee\/en\/shop\/\"},{\"@type\":\"ListItem\",\"position\":3,\"name\":\"Kinkekomplekt &#8220;Puhas klassika&#8221;\"}]},{\"@type\":\"WebSite\",\"@id\":\"https:\/\/www.piesta.ee\/#website\",\"url\":\"https:\/\/www.piesta.ee\/\",\"name\":\"Piesta Kuusikaru talu\",\"description\":\"\",\"publisher\":{\"@id\":\"https:\/\/www.piesta.ee\/#organization\"},\"potentialAction\":[{\"@type\":\"SearchAction\",\"target\":{\"@type\":\"EntryPoint\",\"urlTemplate\":\"https:\/\/www.piesta.ee\/?s={search_term_string}\"},\"query-input\":{\"@type\":\"PropertyValueSpecification\",\"valueRequired\":true,\"valueName\":\"search_term_string\"}}],\"inLanguage\":\"en-US\"},{\"@type\":\"Organization\",\"@id\":\"https:\/\/www.piesta.ee\/#organization\",\"name\":\"Piesta Kuusikaru talu\",\"url\":\"https:\/\/www.piesta.ee\/\",\"logo\":{\"@type\":\"ImageObject\",\"inLanguage\":\"en-US\",\"@id\":\"https:\/\/www.piesta.ee\/#\/schema\/logo\/image\/\",\"url\":\"https:\/\/www.piesta.ee\/wp-content\/uploads\/2020\/09\/piesta-logo.png\",\"contentUrl\":\"https:\/\/www.piesta.ee\/wp-content\/uploads\/2020\/09\/piesta-logo.png\",\"width\":572,\"height\":381,\"caption\":\"Piesta Kuusikaru talu\"},\"image\":{\"@id\":\"https:\/\/www.piesta.ee\/#\/schema\/logo\/image\/\"},\"sameAs\":[\"https:\/\/www.facebook.com\/piestakuusikaru\/\",\"http:\/\/instagram.com\/piestakuusikaru\"]}]}<\/script>\n<!-- \/ Yoast SEO plugin. -->","yoast_head_json":{"title":"Kinkekomplekt \"Puhas klassika\" - Piesta Kuusikaru talu","description":"Klassikaline kinkekomplekt koosneb puhastest Eesti maitsetest. Lihtne ja hea valik. Kindla peale minek, mis r\u00f5\u00f5mustab nii kinkijat kui ka kingisaajat.","robots":{"index":"index","follow":"follow","max-snippet":"max-snippet:-1","max-image-preview":"max-image-preview:large","max-video-preview":"max-video-preview:-1"},"canonical":"https:\/\/www.piesta.ee\/toode\/kinkekomplekt-puhas-klassika\/","og_locale":"en_US","og_type":"article","og_title":"Kinkekomplekt \"Puhas klassika\" - Piesta Kuusikaru talu","og_description":"Klassikaline kinkekomplekt koosneb puhastest Eesti maitsetest. Lihtne ja hea valik. Kindla peale minek, mis r\u00f5\u00f5mustab nii kinkijat kui ka kingisaajat.","og_url":"https:\/\/www.piesta.ee\/toode\/kinkekomplekt-puhas-klassika\/","og_site_name":"Piesta Kuusikaru talu","article_publisher":"https:\/\/www.facebook.com\/piestakuusikaru\/","article_modified_time":"2026-02-15T19:21:30+00:00","og_image":[{"width":2000,"height":2000,"url":"https:\/\/www.piesta.ee\/wp-content\/uploads\/2024\/11\/Piesta-2025-puhas-klassika.jpg","type":"image\/jpeg"}],"twitter_card":"summary_large_image","twitter_misc":{"Est. reading time":"1 minute"},"schema":{"@context":"https:\/\/schema.org","@graph":[{"@type":"WebPage","@id":"https:\/\/www.piesta.ee\/toode\/kinkekomplekt-puhas-klassika\/","url":"https:\/\/www.piesta.ee\/toode\/kinkekomplekt-puhas-klassika\/","name":"Kinkekomplekt \"Puhas klassika\" - Piesta Kuusikaru talu","isPartOf":{"@id":"https:\/\/www.piesta.ee\/#website"},"primaryImageOfPage":{"@id":"https:\/\/www.piesta.ee\/toode\/kinkekomplekt-puhas-klassika\/#primaryimage"},"image":{"@id":"https:\/\/www.piesta.ee\/toode\/kinkekomplekt-puhas-klassika\/#primaryimage"},"thumbnailUrl":"https:\/\/www.piesta.ee\/wp-content\/uploads\/2024\/11\/Piesta-2025-puhas-klassika.jpg","datePublished":"2024-11-25T09:55:31+00:00","dateModified":"2026-02-15T19:21:30+00:00","description":"Klassikaline kinkekomplekt koosneb puhastest Eesti maitsetest. Lihtne ja hea valik. Kindla peale minek, mis r\u00f5\u00f5mustab nii kinkijat kui ka kingisaajat.","breadcrumb":{"@id":"https:\/\/www.piesta.ee\/toode\/kinkekomplekt-puhas-klassika\/#breadcrumb"},"inLanguage":"en-US","potentialAction":[{"@type":"ReadAction","target":["https:\/\/www.piesta.ee\/toode\/kinkekomplekt-puhas-klassika\/"]}]},{"@type":"ImageObject","inLanguage":"en-US","@id":"https:\/\/www.piesta.ee\/toode\/kinkekomplekt-puhas-klassika\/#primaryimage","url":"https:\/\/www.piesta.ee\/wp-content\/uploads\/2024\/11\/Piesta-2025-puhas-klassika.jpg","contentUrl":"https:\/\/www.piesta.ee\/wp-content\/uploads\/2024\/11\/Piesta-2025-puhas-klassika.jpg","width":2000,"height":2000,"caption":"Piesta j\u00f5ulupakk \"Puhas klassika\". Tooted: Piesta MUST, \u00f5unamarmelaad, mahe\u00f5unamahl 20cl ja \u00f5unastroop."},{"@type":"BreadcrumbList","@id":"https:\/\/www.piesta.ee\/toode\/kinkekomplekt-puhas-klassika\/#breadcrumb","itemListElement":[{"@type":"ListItem","position":1,"name":"Home","item":"https:\/\/www.piesta.ee\/en\/"},{"@type":"ListItem","position":2,"name":"Shop","item":"https:\/\/www.piesta.ee\/en\/shop\/"},{"@type":"ListItem","position":3,"name":"Kinkekomplekt &#8220;Puhas klassika&#8221;"}]},{"@type":"WebSite","@id":"https:\/\/www.piesta.ee\/#website","url":"https:\/\/www.piesta.ee\/","name":"Piesta Kuusikaru talu","description":"","publisher":{"@id":"https:\/\/www.piesta.ee\/#organization"},"potentialAction":[{"@type":"SearchAction","target":{"@type":"EntryPoint","urlTemplate":"https:\/\/www.piesta.ee\/?s={search_term_string}"},"query-input":{"@type":"PropertyValueSpecification","valueRequired":true,"valueName":"search_term_string"}}],"inLanguage":"en-US"},{"@type":"Organization","@id":"https:\/\/www.piesta.ee\/#organization","name":"Piesta Kuusikaru talu","url":"https:\/\/www.piesta.ee\/","logo":{"@type":"ImageObject","inLanguage":"en-US","@id":"https:\/\/www.piesta.ee\/#\/schema\/logo\/image\/","url":"https:\/\/www.piesta.ee\/wp-content\/uploads\/2020\/09\/piesta-logo.png","contentUrl":"https:\/\/www.piesta.ee\/wp-content\/uploads\/2020\/09\/piesta-logo.png","width":572,"height":381,"caption":"Piesta Kuusikaru talu"},"image":{"@id":"https:\/\/www.piesta.ee\/#\/schema\/logo\/image\/"},"sameAs":["https:\/\/www.facebook.com\/piestakuusikaru\/","http:\/\/instagram.com\/piestakuusikaru"]}]}},"_links":{"self":[{"href":"https:\/\/www.piesta.ee\/en\/wp-json\/wp\/v2\/product\/3666","targetHints":{"allow":["GET"]}}],"collection":[{"href":"https:\/\/www.piesta.ee\/en\/wp-json\/wp\/v2\/product"}],"about":[{"href":"https:\/\/www.piesta.ee\/en\/wp-json\/wp\/v2\/types\/product"}],"replies":[{"embeddable":true,"href":"https:\/\/www.piesta.ee\/en\/wp-json\/wp\/v2\/comments?post=3666"}],"wp:featuredmedia":[{"embeddable":true,"href":"https:\/\/www.piesta.ee\/en\/wp-json\/wp\/v2\/media\/3888"}],"wp:attachment":[{"href":"https:\/\/www.piesta.ee\/en\/wp-json\/wp\/v2\/media?parent=3666"}],"wp:term":[{"taxonomy":"product_cat","embeddable":true,"href":"https:\/\/www.piesta.ee\/en\/wp-json\/wp\/v2\/product_cat?post=3666"},{"taxonomy":"product_tag","embeddable":true,"href":"https:\/\/www.piesta.ee\/en\/wp-json\/wp\/v2\/product_tag?post=3666"}],"curies":[{"name":"wp","href":"https:\/\/api.w.org\/{rel}","templated":true}]}}