{"id":3673,"date":"2024-11-25T20:57:23","date_gmt":"2024-11-25T18:57:23","guid":{"rendered":"https:\/\/www.piesta.ee\/?post_type=product&#038;p=3673"},"modified":"2026-02-15T21:20:03","modified_gmt":"2026-02-15T19:20:03","slug":"kinkekomplekt-rikkalik-valik","status":"publish","type":"product","link":"https:\/\/www.piesta.ee\/en\/toode\/kinkekomplekt-rikkalik-valik\/","title":{"rendered":"Kinkekomplekt &#8220;Rikkalik j\u00f5uluvalik&#8221;"},"content":{"rendered":"<h2>Piesta kinkekomplekt &#8220;Rikkalik j\u00f5uluvalik&#8221;<\/h2>\n<p>&nbsp;<\/p>\n<p><span style=\"font-family: -apple-system, BlinkMacSystemFont, 'Segoe UI', Roboto, 'Helvetica Neue', Arial, sans-serif, 'Apple Color Emoji', 'Segoe UI Emoji', 'Segoe UI Symbol'; font-size: 1rem;\">Esinduslik kingitus erilistele inimestele. See rikkalik komplekt sisaldab eripalgelisi maitseid, mis pakuvad elamusi nii p\u00fchadelaual kui ka argip\u00e4eval:<\/span><\/p>\n<ul>\n<li><a href=\"https:\/\/www.piesta.ee\/toode\/piesta-must\/\" target=\"_blank\" rel=\"noopener\">Piesta MUST<\/a> &#8211; hoiab k\u00fclmal ajal tervist, aga sobib h\u00e4sti ka kokteilidesse aktsenti lisama<\/li>\n<li><a href=\"https:\/\/www.piesta.ee\/toode\/piesta-ounasiirup-orna-mundiga\/\" target=\"_blank\" rel=\"noopener\">Piesta \u00f5unasiirup \u00f5rna m\u00fcndiga<\/a> &#8211; v\u00e4rskendav siirup, mida saab kasutada jookides, magustoitudes v\u00f5i isegi lambaliha kastmeks<\/li>\n<li><a href=\"https:\/\/www.piesta.ee\/toode\/piesta-vurtsikas-ounajook\/\" target=\"_blank\" rel=\"noopener\">Piesta v\u00fcrtsikas \u00f5unajook<\/a> &#8211; klassikaliste j\u00f5uluv\u00fcrtsidega rikastatud \u00f5unajook maitseb h\u00e4sti nii soojalt kui k\u00fclmalt serveerituna<\/li>\n<li><a href=\"https:\/\/www.piesta.ee\/toode\/piesta-ounastroop\/\" target=\"_blank\" rel=\"noopener\">Piesta \u00f5unastroop<\/a> &#8211; mitmete auhindadega p\u00e4rjatud toode, mis sobib nii soolaste kui magusate roogade maitsestamiseks<\/li>\n<li><a href=\"https:\/\/www.piesta.ee\/toode\/piesta-ounamarmelaad\/\" target=\"_blank\" rel=\"noopener\">Piesta \u00f5unamarmelaad<\/a> &#8211; suurep\u00e4rane lisand peolaual, t\u00e4iustades j\u00f5ulutoite alates verivorstist kuni juustudeni<\/li>\n<\/ul>\n<p>Kingitus on pakitud soliidsesse musta kartongkarpi, t\u00e4idiseks puiduvill ning kinnituseks kaunis vasekarva atlaspael.<\/p>\n<p><strong>Kellele kinkida?<\/strong> Mitmekesine esinduslik komplekt sobib koost\u00f6\u00f6partneritele v\u00f5i pereringis jagamiseks.<\/p>\n<p>Lisa kingitusele oma s\u00f5num personaalsel p\u00fchadekaardil. Anna sellest soovist teada ostukorvi m\u00e4rkuste lahtris.<\/p>\n<p><strong>Et j\u00f5ulud oleksid helged ja rikkalikud!<\/strong><\/p>\n<p>&nbsp;<\/p>\n","protected":false},"excerpt":{"rendered":"<p>&#8220;Rikkalik j\u00f5uluvalik&#8221; on esinduslik kinkekomplekt, mis sobib nii \u00e4rikingituseks kui ka s\u00f5prade v\u00f5i perekonna r\u00f5\u00f5mustamiseks.<\/p>\n<p>&nbsp;<\/p>\n","protected":false},"featured_media":3890,"comment_status":"open","ping_status":"closed","template":"","meta":{"_acf_changed":false},"product_cat":[68],"product_tag":[],"class_list":{"0":"post-3673","1":"product","2":"type-product","3":"status-publish","4":"has-post-thumbnail","6":"product_cat-kingitused","8":"first","9":"outofstock","10":"taxable","11":"shipping-taxable","12":"purchasable","13":"product-type-simple"},"acf":[],"yoast_head":"<!-- This site is optimized with the Yoast SEO plugin v23.9 - https:\/\/yoast.com\/wordpress\/plugins\/seo\/ -->\n<title>Kinkekomplekt &quot;Rikkalik j\u00f5uluvalik&quot; - Piesta Kuusikaru talu<\/title>\n<meta name=\"description\" content=\"&quot;Rikkalik j\u00f5uluvalik&quot; on esinduslik kinkekomplekt, mis sobib nii \u00e4rikingituseks kui ka s\u00f5pradele v\u00f5i pereliikmetele kinkimiseks\" \/>\n<meta name=\"robots\" content=\"index, follow, max-snippet:-1, max-image-preview:large, max-video-preview:-1\" \/>\n<link rel=\"canonical\" href=\"https:\/\/www.piesta.ee\/toode\/kinkekomplekt-rikkalik-valik\/\" \/>\n<meta property=\"og:locale\" content=\"en_US\" \/>\n<meta property=\"og:type\" content=\"article\" \/>\n<meta property=\"og:title\" content=\"Kinkekomplekt &quot;Rikkalik j\u00f5uluvalik&quot; - Piesta Kuusikaru talu\" \/>\n<meta property=\"og:description\" content=\"&quot;Rikkalik j\u00f5uluvalik&quot; on esinduslik kinkekomplekt, mis sobib nii \u00e4rikingituseks kui ka s\u00f5pradele v\u00f5i pereliikmetele kinkimiseks\" \/>\n<meta property=\"og:url\" content=\"https:\/\/www.piesta.ee\/toode\/kinkekomplekt-rikkalik-valik\/\" \/>\n<meta property=\"og:site_name\" content=\"Piesta Kuusikaru talu\" \/>\n<meta property=\"article:publisher\" content=\"https:\/\/www.facebook.com\/piestakuusikaru\/\" \/>\n<meta property=\"article:modified_time\" content=\"2026-02-15T19:20:03+00:00\" \/>\n<meta property=\"og:image\" content=\"https:\/\/www.piesta.ee\/wp-content\/uploads\/2024\/11\/Piesta-2025-rikkalik-jouluvalik.jpg\" \/>\n\t<meta property=\"og:image:width\" content=\"2000\" \/>\n\t<meta property=\"og:image:height\" content=\"2000\" \/>\n\t<meta property=\"og:image:type\" content=\"image\/jpeg\" \/>\n<meta name=\"twitter:card\" content=\"summary_large_image\" \/>\n<meta name=\"twitter:label1\" content=\"Est. reading time\" \/>\n\t<meta name=\"twitter:data1\" content=\"1 minute\" \/>\n<script type=\"application\/ld+json\" class=\"yoast-schema-graph\">{\"@context\":\"https:\/\/schema.org\",\"@graph\":[{\"@type\":\"WebPage\",\"@id\":\"https:\/\/www.piesta.ee\/toode\/kinkekomplekt-rikkalik-valik\/\",\"url\":\"https:\/\/www.piesta.ee\/toode\/kinkekomplekt-rikkalik-valik\/\",\"name\":\"Kinkekomplekt \\\"Rikkalik j\u00f5uluvalik\\\" - Piesta Kuusikaru talu\",\"isPartOf\":{\"@id\":\"https:\/\/www.piesta.ee\/#website\"},\"primaryImageOfPage\":{\"@id\":\"https:\/\/www.piesta.ee\/toode\/kinkekomplekt-rikkalik-valik\/#primaryimage\"},\"image\":{\"@id\":\"https:\/\/www.piesta.ee\/toode\/kinkekomplekt-rikkalik-valik\/#primaryimage\"},\"thumbnailUrl\":\"https:\/\/www.piesta.ee\/wp-content\/uploads\/2024\/11\/Piesta-2025-rikkalik-jouluvalik.jpg\",\"datePublished\":\"2024-11-25T18:57:23+00:00\",\"dateModified\":\"2026-02-15T19:20:03+00:00\",\"description\":\"\\\"Rikkalik j\u00f5uluvalik\\\" on esinduslik kinkekomplekt, mis sobib nii \u00e4rikingituseks kui ka s\u00f5pradele v\u00f5i pereliikmetele kinkimiseks\",\"breadcrumb\":{\"@id\":\"https:\/\/www.piesta.ee\/toode\/kinkekomplekt-rikkalik-valik\/#breadcrumb\"},\"inLanguage\":\"en-US\",\"potentialAction\":[{\"@type\":\"ReadAction\",\"target\":[\"https:\/\/www.piesta.ee\/toode\/kinkekomplekt-rikkalik-valik\/\"]}]},{\"@type\":\"ImageObject\",\"inLanguage\":\"en-US\",\"@id\":\"https:\/\/www.piesta.ee\/toode\/kinkekomplekt-rikkalik-valik\/#primaryimage\",\"url\":\"https:\/\/www.piesta.ee\/wp-content\/uploads\/2024\/11\/Piesta-2025-rikkalik-jouluvalik.jpg\",\"contentUrl\":\"https:\/\/www.piesta.ee\/wp-content\/uploads\/2024\/11\/Piesta-2025-rikkalik-jouluvalik.jpg\",\"width\":2000,\"height\":2000,\"caption\":\"Piesta kinkekomplekt \\\"Rikkalik j\u00f5uluvalik\\\": Piesta MUST, v\u00fcrtsikas \u00f5unajook, \u00f5unasiirup \u00f5rna m\u00fcndiga 20cl, \u00f5unastroop ja \u00f5unamarmelaad\"},{\"@type\":\"BreadcrumbList\",\"@id\":\"https:\/\/www.piesta.ee\/toode\/kinkekomplekt-rikkalik-valik\/#breadcrumb\",\"itemListElement\":[{\"@type\":\"ListItem\",\"position\":1,\"name\":\"Home\",\"item\":\"https:\/\/www.piesta.ee\/en\/\"},{\"@type\":\"ListItem\",\"position\":2,\"name\":\"Shop\",\"item\":\"https:\/\/www.piesta.ee\/en\/shop\/\"},{\"@type\":\"ListItem\",\"position\":3,\"name\":\"Kinkekomplekt &#8220;Rikkalik j\u00f5uluvalik&#8221;\"}]},{\"@type\":\"WebSite\",\"@id\":\"https:\/\/www.piesta.ee\/#website\",\"url\":\"https:\/\/www.piesta.ee\/\",\"name\":\"Piesta Kuusikaru talu\",\"description\":\"\",\"publisher\":{\"@id\":\"https:\/\/www.piesta.ee\/#organization\"},\"potentialAction\":[{\"@type\":\"SearchAction\",\"target\":{\"@type\":\"EntryPoint\",\"urlTemplate\":\"https:\/\/www.piesta.ee\/?s={search_term_string}\"},\"query-input\":{\"@type\":\"PropertyValueSpecification\",\"valueRequired\":true,\"valueName\":\"search_term_string\"}}],\"inLanguage\":\"en-US\"},{\"@type\":\"Organization\",\"@id\":\"https:\/\/www.piesta.ee\/#organization\",\"name\":\"Piesta Kuusikaru talu\",\"url\":\"https:\/\/www.piesta.ee\/\",\"logo\":{\"@type\":\"ImageObject\",\"inLanguage\":\"en-US\",\"@id\":\"https:\/\/www.piesta.ee\/#\/schema\/logo\/image\/\",\"url\":\"https:\/\/www.piesta.ee\/wp-content\/uploads\/2020\/09\/piesta-logo.png\",\"contentUrl\":\"https:\/\/www.piesta.ee\/wp-content\/uploads\/2020\/09\/piesta-logo.png\",\"width\":572,\"height\":381,\"caption\":\"Piesta Kuusikaru talu\"},\"image\":{\"@id\":\"https:\/\/www.piesta.ee\/#\/schema\/logo\/image\/\"},\"sameAs\":[\"https:\/\/www.facebook.com\/piestakuusikaru\/\",\"http:\/\/instagram.com\/piestakuusikaru\"]}]}<\/script>\n<!-- \/ Yoast SEO plugin. -->","yoast_head_json":{"title":"Kinkekomplekt \"Rikkalik j\u00f5uluvalik\" - Piesta Kuusikaru talu","description":"\"Rikkalik j\u00f5uluvalik\" on esinduslik kinkekomplekt, mis sobib nii \u00e4rikingituseks kui ka s\u00f5pradele v\u00f5i pereliikmetele kinkimiseks","robots":{"index":"index","follow":"follow","max-snippet":"max-snippet:-1","max-image-preview":"max-image-preview:large","max-video-preview":"max-video-preview:-1"},"canonical":"https:\/\/www.piesta.ee\/toode\/kinkekomplekt-rikkalik-valik\/","og_locale":"en_US","og_type":"article","og_title":"Kinkekomplekt \"Rikkalik j\u00f5uluvalik\" - Piesta Kuusikaru talu","og_description":"\"Rikkalik j\u00f5uluvalik\" on esinduslik kinkekomplekt, mis sobib nii \u00e4rikingituseks kui ka s\u00f5pradele v\u00f5i pereliikmetele kinkimiseks","og_url":"https:\/\/www.piesta.ee\/toode\/kinkekomplekt-rikkalik-valik\/","og_site_name":"Piesta Kuusikaru talu","article_publisher":"https:\/\/www.facebook.com\/piestakuusikaru\/","article_modified_time":"2026-02-15T19:20:03+00:00","og_image":[{"width":2000,"height":2000,"url":"https:\/\/www.piesta.ee\/wp-content\/uploads\/2024\/11\/Piesta-2025-rikkalik-jouluvalik.jpg","type":"image\/jpeg"}],"twitter_card":"summary_large_image","twitter_misc":{"Est. reading time":"1 minute"},"schema":{"@context":"https:\/\/schema.org","@graph":[{"@type":"WebPage","@id":"https:\/\/www.piesta.ee\/toode\/kinkekomplekt-rikkalik-valik\/","url":"https:\/\/www.piesta.ee\/toode\/kinkekomplekt-rikkalik-valik\/","name":"Kinkekomplekt \"Rikkalik j\u00f5uluvalik\" - Piesta Kuusikaru talu","isPartOf":{"@id":"https:\/\/www.piesta.ee\/#website"},"primaryImageOfPage":{"@id":"https:\/\/www.piesta.ee\/toode\/kinkekomplekt-rikkalik-valik\/#primaryimage"},"image":{"@id":"https:\/\/www.piesta.ee\/toode\/kinkekomplekt-rikkalik-valik\/#primaryimage"},"thumbnailUrl":"https:\/\/www.piesta.ee\/wp-content\/uploads\/2024\/11\/Piesta-2025-rikkalik-jouluvalik.jpg","datePublished":"2024-11-25T18:57:23+00:00","dateModified":"2026-02-15T19:20:03+00:00","description":"\"Rikkalik j\u00f5uluvalik\" on esinduslik kinkekomplekt, mis sobib nii \u00e4rikingituseks kui ka s\u00f5pradele v\u00f5i pereliikmetele kinkimiseks","breadcrumb":{"@id":"https:\/\/www.piesta.ee\/toode\/kinkekomplekt-rikkalik-valik\/#breadcrumb"},"inLanguage":"en-US","potentialAction":[{"@type":"ReadAction","target":["https:\/\/www.piesta.ee\/toode\/kinkekomplekt-rikkalik-valik\/"]}]},{"@type":"ImageObject","inLanguage":"en-US","@id":"https:\/\/www.piesta.ee\/toode\/kinkekomplekt-rikkalik-valik\/#primaryimage","url":"https:\/\/www.piesta.ee\/wp-content\/uploads\/2024\/11\/Piesta-2025-rikkalik-jouluvalik.jpg","contentUrl":"https:\/\/www.piesta.ee\/wp-content\/uploads\/2024\/11\/Piesta-2025-rikkalik-jouluvalik.jpg","width":2000,"height":2000,"caption":"Piesta kinkekomplekt \"Rikkalik j\u00f5uluvalik\": Piesta MUST, v\u00fcrtsikas \u00f5unajook, \u00f5unasiirup \u00f5rna m\u00fcndiga 20cl, \u00f5unastroop ja \u00f5unamarmelaad"},{"@type":"BreadcrumbList","@id":"https:\/\/www.piesta.ee\/toode\/kinkekomplekt-rikkalik-valik\/#breadcrumb","itemListElement":[{"@type":"ListItem","position":1,"name":"Home","item":"https:\/\/www.piesta.ee\/en\/"},{"@type":"ListItem","position":2,"name":"Shop","item":"https:\/\/www.piesta.ee\/en\/shop\/"},{"@type":"ListItem","position":3,"name":"Kinkekomplekt &#8220;Rikkalik j\u00f5uluvalik&#8221;"}]},{"@type":"WebSite","@id":"https:\/\/www.piesta.ee\/#website","url":"https:\/\/www.piesta.ee\/","name":"Piesta Kuusikaru talu","description":"","publisher":{"@id":"https:\/\/www.piesta.ee\/#organization"},"potentialAction":[{"@type":"SearchAction","target":{"@type":"EntryPoint","urlTemplate":"https:\/\/www.piesta.ee\/?s={search_term_string}"},"query-input":{"@type":"PropertyValueSpecification","valueRequired":true,"valueName":"search_term_string"}}],"inLanguage":"en-US"},{"@type":"Organization","@id":"https:\/\/www.piesta.ee\/#organization","name":"Piesta Kuusikaru talu","url":"https:\/\/www.piesta.ee\/","logo":{"@type":"ImageObject","inLanguage":"en-US","@id":"https:\/\/www.piesta.ee\/#\/schema\/logo\/image\/","url":"https:\/\/www.piesta.ee\/wp-content\/uploads\/2020\/09\/piesta-logo.png","contentUrl":"https:\/\/www.piesta.ee\/wp-content\/uploads\/2020\/09\/piesta-logo.png","width":572,"height":381,"caption":"Piesta Kuusikaru talu"},"image":{"@id":"https:\/\/www.piesta.ee\/#\/schema\/logo\/image\/"},"sameAs":["https:\/\/www.facebook.com\/piestakuusikaru\/","http:\/\/instagram.com\/piestakuusikaru"]}]}},"_links":{"self":[{"href":"https:\/\/www.piesta.ee\/en\/wp-json\/wp\/v2\/product\/3673","targetHints":{"allow":["GET"]}}],"collection":[{"href":"https:\/\/www.piesta.ee\/en\/wp-json\/wp\/v2\/product"}],"about":[{"href":"https:\/\/www.piesta.ee\/en\/wp-json\/wp\/v2\/types\/product"}],"replies":[{"embeddable":true,"href":"https:\/\/www.piesta.ee\/en\/wp-json\/wp\/v2\/comments?post=3673"}],"wp:featuredmedia":[{"embeddable":true,"href":"https:\/\/www.piesta.ee\/en\/wp-json\/wp\/v2\/media\/3890"}],"wp:attachment":[{"href":"https:\/\/www.piesta.ee\/en\/wp-json\/wp\/v2\/media?parent=3673"}],"wp:term":[{"taxonomy":"product_cat","embeddable":true,"href":"https:\/\/www.piesta.ee\/en\/wp-json\/wp\/v2\/product_cat?post=3673"},{"taxonomy":"product_tag","embeddable":true,"href":"https:\/\/www.piesta.ee\/en\/wp-json\/wp\/v2\/product_tag?post=3673"}],"curies":[{"name":"wp","href":"https:\/\/api.w.org\/{rel}","templated":true}]}}