{"id":4023,"date":"2026-03-08T21:20:16","date_gmt":"2026-03-08T19:20:16","guid":{"rendered":"https:\/\/www.piesta.ee\/?post_type=product&#038;p=4023"},"modified":"2026-03-08T21:44:09","modified_gmt":"2026-03-08T19:44:09","slug":"maheounamahl-vaakumpakendis","status":"publish","type":"product","link":"https:\/\/www.piesta.ee\/en\/toode\/maheounamahl-vaakumpakendis\/","title":{"rendered":"Mahe\u00f5unamahl vaakumpakendis"},"content":{"rendered":"<h2>Piesta mahe\u00f5unamahl vaakumpakendis \u2013 mugav perepakend igap\u00e4evaseks nautimiseks<\/h2>\n<p>Piesta mahe\u00f5unamahl vaakumpakendis on pressitud Eesti mahe\u00f5untest ja valmistatud 100% t\u00e4ismahlana, ei ole lisatud suhkrut ega s\u00e4ilitusaineid.<\/p>\n<p>\u00d5unamahl on kogu Piesta \u00f5unatoodete pere alguspunkt. Mahl oli \u00fcldse esimene Piesta nime kandnud toode ja paljud teised Piesta tooted omakorda saavad alguse \u00f5unamahlast.<\/p>\n<h2>Miks valida \u00f5unamahl vaakumpakendis<\/h2>\n<p>Piesta mahe\u00f5unamahl on loomulikult magushapu ja v\u00e4rskendava maitsega. Vaakumpakend on praktiline valik neile, kes joovad mahla sagedamini v\u00f5i kasutavad seda ka toiduvalmistamisel. Pakendi eelis on, et mahl s\u00e4ilib toatemperatuuril ka p\u00e4rast avamist ning seda saab mugavalt klaasi valada just nii palju, kui parasjagu vaja<\/p>\n<h2>Mahe\u00f5unamahl Eesti \u00f5untest<\/h2>\n<p>Mahe\u00f5unamahla valmistame nii Piesta enda kui teiste toredate Eesti \u00f5unakasvatajate mahedalt kasvatatud \u00f5untest. \u00d5unad pressitakse mahlaks ning mahl past\u00f6riseeritakse, et seda saaks s\u00e4ilitada toatemperatuuril. Tegemist on 100% t\u00e4ismahlaga \u2013 ilma lisatud suhkru ja s\u00e4ilitusaineteta.<\/p>\n<p>T\u00e4ismahl on toitev jook ning toitumisspetsialistid tuletavad meelde, et 100% mahl on sisuliselt vedel toit ja annab rohkesti energiat. Lihtsalt janu kustutamise eesm\u00e4rgil soovitame juua pigem puhast vett. Kes soovib, v\u00f5ib \u00f5unamahla veega lahjendada \u2013 tasub arvestada, et sel juhul muutub mahla maitse veidi hapukamaks.<\/p>\n<h2>Kuidas \u00f5unamahla kasutada<\/h2>\n<p>\u00d5unamahl sobib suurep\u00e4raselt kokteilidesse ja ka toiduvalmistamisel kasutamiseks, lisades toidule \u00f5una naturaalset magusust ja happesust.<\/p>\n<p>\u2022 <strong>Joogina:<\/strong> naudi toasoojalt v\u00f5i jahutatult.<br \/>\n\u2022 <strong>Igap\u00e4evasel toiduvalmistamisel:<\/strong> lisa smuutidesse, kastmetesse ja marinaadidesse v\u00f5i kasuta magustoitudes.<br \/>\n\u2022 <strong>Magustoitudes ja kokteilides:<\/strong> \u00f5unamahl lisab loomulikku magusust ja v\u00e4rsket hapukust.<\/p>\n<p>Inspiratsiooni toiduvalmistamiseks leiab n\u00e4iteks <a href=\"https:\/\/l.facebook.com\/l.php?u=https%3A%2F%2Fnami-nami.ee%2Fotsi%2F%3Frecipe_page%3D1%26news_page%3D1%26string%3D%26type%3D%26occasion%3D%26country%3D%26method%3D%26ingredients[0]%3D2714%26fbclid%3DIwZXh0bgNhZW0CMTAAAR1TnbJJP4_YOmRjrUA6sK240IezokjaoW9snpd6onlp_LrzA_-XHqDLKf4_aem_6veSlYqeb6HuP6a7SNoVnQ&amp;h=AT1Ymz66mWZQ7mvbQUgdrq2i96zg8bTZvG7hBqeIYbHbeTNQQRrKyNP4l2MTcTgMCZpKx7O3eWAdDMHVfKfJKuofLq-xTBAXwOvw6XbD9sbw-jWzKceCzOoD4dfSwkCT7WEi_cpQ\" target=\"_blank\" rel=\"noopener\">Nami-Nami<\/a> mahukast retseptikogust<\/p>\n<h2>Koostis<\/h2>\n<p>100% mahe\u00f5unamahl.<\/p>\n<h2>Korduma kippuvad k\u00fcsimused \u00f5unamahla kohta<\/h2>\n<p data-section-id=\"1a6m8uz\" data-start=\"292\" data-end=\"345\"><strong>Kas Piesta mahe\u00f5unamahlale on lisatud suhkrut?<\/strong><\/p>\n<p data-start=\"346\" data-end=\"489\">Ei. Piesta mahe\u00f5unamahl on 100% t\u00e4ismahl, millele ei ole lisatud suhkrut, vett ega s\u00e4ilitusaineid. Magusus tuleb ainult \u00f5untest endist.<\/p>\n<p data-section-id=\"1a3q3tp\" data-start=\"687\" data-end=\"728\"><strong>Kas \u00f5unamahl s\u00e4ilib toatemperatuuril?<\/strong><\/p>\n<p data-start=\"729\" data-end=\"872\">Jah. Vaakumpakendi erip\u00e4ra on, et selles pakendis s\u00e4ilib past\u00f6riseeritud mahl toatemperatuuril ka p\u00e4rast avamist. Kes eelistab k\u00fclma mahla, v\u00f5ib mahlapakki muidugi ka k\u00fclmkapis hoida.<\/p>\n<p data-section-id=\"1mlp36i\" data-start=\"874\" data-end=\"914\"><strong>Kas \u00f5unamahla v\u00f5ib veega lahjendada?<\/strong><\/p>\n<p data-start=\"915\" data-end=\"1043\">V\u00f5ib k\u00fcll. See on maitse asi &#8211; osad inimesed eelistavad \u00f5unamahla juua puhtalt, teised lahjendavad seda veega. Lahjendamisel muutub maitse veidi hapukamaks.<\/p>\n<p data-section-id=\"ksmzl1\" data-start=\"1045\" data-end=\"1099\"><strong>Kas \u00f5unamahla saab kasutada ka toiduvalmistamisel?<\/strong><\/p>\n<p data-start=\"1100\" data-end=\"1256\">Jah. \u00d5unamahl sobib h\u00e4sti smuutidesse, kastmetesse ja marinaadidesse ning annab ka magustoitudele loomuliku \u00f5unamaitse. \u00d5unamahla kasutatakse sageli ka kokteilides.<\/p>\n<p>&nbsp;<\/p>\n<p>&nbsp;<\/p>\n","protected":false},"excerpt":{"rendered":"<p>Piesta mahe\u00f5unamahl maitseb v\u00e4rskelt ja ehedalt, sest on pressitud Eesti mahe\u00f5untest.<\/p>\n<p>Mahl on past\u00f6riseeritud, et seda saaks s\u00e4ilitada toatemperatuuril.<\/p>\n<p>Vaakumpakendi eelis on, et seda v\u00f5ib hoida toatemperatuuril ka p\u00e4rast avamist ning mahla v\u00f5ib tarbida v\u00e4hehaaval pikema aja jooksul.<\/p>\n","protected":false},"featured_media":4025,"comment_status":"open","ping_status":"closed","template":"","meta":{"_acf_changed":false},"product_cat":[37,40,46],"product_tag":[],"class_list":{"0":"post-4023","1":"product","2":"type-product","3":"status-publish","4":"has-post-thumbnail","6":"product_cat-joogid","7":"product_cat-mahetoode","8":"product_cat-mahl","10":"first","11":"instock","12":"taxable","13":"shipping-taxable","14":"purchasable","15":"product-type-variable","16":"has-default-attributes"},"acf":[],"yoast_head":"<!-- This site is optimized with the Yoast SEO plugin v23.9 - https:\/\/yoast.com\/wordpress\/plugins\/seo\/ -->\n<title>Mahe\u00f5unamahl vaakumpakendis - Piesta Kuusikaru talu<\/title>\n<meta name=\"description\" content=\"Piesta mahe\u00f5unamahl on pressitud Eesti mahe\u00f5untest. Vaakumpakendis, ilma lisatud suhkruta. Suur perepakend s\u00e4ilib toatemperatuuril ka p\u00e4rast avamist.\" \/>\n<meta name=\"robots\" content=\"index, follow, max-snippet:-1, max-image-preview:large, max-video-preview:-1\" \/>\n<link rel=\"canonical\" href=\"https:\/\/www.piesta.ee\/toode\/maheounamahl-vaakumpakendis\/\" \/>\n<meta property=\"og:locale\" content=\"en_US\" \/>\n<meta property=\"og:type\" content=\"article\" \/>\n<meta property=\"og:title\" content=\"Mahe\u00f5unamahl vaakumpakendis - Piesta Kuusikaru talu\" \/>\n<meta property=\"og:description\" content=\"Piesta mahe\u00f5unamahl on pressitud Eesti mahe\u00f5untest. Vaakumpakendis, ilma lisatud suhkruta. Suur perepakend s\u00e4ilib toatemperatuuril ka p\u00e4rast avamist.\" \/>\n<meta property=\"og:url\" content=\"https:\/\/www.piesta.ee\/toode\/maheounamahl-vaakumpakendis\/\" \/>\n<meta property=\"og:site_name\" content=\"Piesta Kuusikaru talu\" \/>\n<meta property=\"article:publisher\" content=\"https:\/\/www.facebook.com\/piestakuusikaru\/\" \/>\n<meta property=\"article:modified_time\" content=\"2026-03-08T19:44:09+00:00\" \/>\n<meta property=\"og:image\" content=\"https:\/\/www.piesta.ee\/wp-content\/uploads\/2026\/03\/Piesta-maheounamahla-valamine-vaakumpakendist.png\" \/>\n\t<meta property=\"og:image:width\" content=\"1334\" \/>\n\t<meta property=\"og:image:height\" content=\"1072\" \/>\n\t<meta property=\"og:image:type\" content=\"image\/png\" \/>\n<meta name=\"twitter:card\" content=\"summary_large_image\" \/>\n<meta name=\"twitter:label1\" content=\"Est. reading time\" \/>\n\t<meta name=\"twitter:data1\" content=\"3 minutes\" \/>\n<script type=\"application\/ld+json\" class=\"yoast-schema-graph\">{\"@context\":\"https:\/\/schema.org\",\"@graph\":[{\"@type\":\"WebPage\",\"@id\":\"https:\/\/www.piesta.ee\/toode\/maheounamahl-vaakumpakendis\/\",\"url\":\"https:\/\/www.piesta.ee\/toode\/maheounamahl-vaakumpakendis\/\",\"name\":\"Mahe\u00f5unamahl vaakumpakendis - Piesta Kuusikaru talu\",\"isPartOf\":{\"@id\":\"https:\/\/www.piesta.ee\/#website\"},\"primaryImageOfPage\":{\"@id\":\"https:\/\/www.piesta.ee\/toode\/maheounamahl-vaakumpakendis\/#primaryimage\"},\"image\":{\"@id\":\"https:\/\/www.piesta.ee\/toode\/maheounamahl-vaakumpakendis\/#primaryimage\"},\"thumbnailUrl\":\"https:\/\/www.piesta.ee\/wp-content\/uploads\/2026\/03\/Piesta-maheounamahla-valamine-vaakumpakendist.png\",\"datePublished\":\"2026-03-08T19:20:16+00:00\",\"dateModified\":\"2026-03-08T19:44:09+00:00\",\"description\":\"Piesta mahe\u00f5unamahl on pressitud Eesti mahe\u00f5untest. Vaakumpakendis, ilma lisatud suhkruta. Suur perepakend s\u00e4ilib toatemperatuuril ka p\u00e4rast avamist.\",\"breadcrumb\":{\"@id\":\"https:\/\/www.piesta.ee\/toode\/maheounamahl-vaakumpakendis\/#breadcrumb\"},\"inLanguage\":\"en-US\",\"potentialAction\":[{\"@type\":\"ReadAction\",\"target\":[\"https:\/\/www.piesta.ee\/toode\/maheounamahl-vaakumpakendis\/\"]}]},{\"@type\":\"ImageObject\",\"inLanguage\":\"en-US\",\"@id\":\"https:\/\/www.piesta.ee\/toode\/maheounamahl-vaakumpakendis\/#primaryimage\",\"url\":\"https:\/\/www.piesta.ee\/wp-content\/uploads\/2026\/03\/Piesta-maheounamahla-valamine-vaakumpakendist.png\",\"contentUrl\":\"https:\/\/www.piesta.ee\/wp-content\/uploads\/2026\/03\/Piesta-maheounamahla-valamine-vaakumpakendist.png\",\"width\":1334,\"height\":1072,\"caption\":\"Mahla valamine vaakumpakendist klaasi\"},{\"@type\":\"BreadcrumbList\",\"@id\":\"https:\/\/www.piesta.ee\/toode\/maheounamahl-vaakumpakendis\/#breadcrumb\",\"itemListElement\":[{\"@type\":\"ListItem\",\"position\":1,\"name\":\"Home\",\"item\":\"https:\/\/www.piesta.ee\/en\/\"},{\"@type\":\"ListItem\",\"position\":2,\"name\":\"Shop\",\"item\":\"https:\/\/www.piesta.ee\/en\/shop\/\"},{\"@type\":\"ListItem\",\"position\":3,\"name\":\"Mahe\u00f5unamahl vaakumpakendis\"}]},{\"@type\":\"WebSite\",\"@id\":\"https:\/\/www.piesta.ee\/#website\",\"url\":\"https:\/\/www.piesta.ee\/\",\"name\":\"Piesta Kuusikaru talu\",\"description\":\"\",\"publisher\":{\"@id\":\"https:\/\/www.piesta.ee\/#organization\"},\"potentialAction\":[{\"@type\":\"SearchAction\",\"target\":{\"@type\":\"EntryPoint\",\"urlTemplate\":\"https:\/\/www.piesta.ee\/?s={search_term_string}\"},\"query-input\":{\"@type\":\"PropertyValueSpecification\",\"valueRequired\":true,\"valueName\":\"search_term_string\"}}],\"inLanguage\":\"en-US\"},{\"@type\":\"Organization\",\"@id\":\"https:\/\/www.piesta.ee\/#organization\",\"name\":\"Piesta Kuusikaru talu\",\"url\":\"https:\/\/www.piesta.ee\/\",\"logo\":{\"@type\":\"ImageObject\",\"inLanguage\":\"en-US\",\"@id\":\"https:\/\/www.piesta.ee\/#\/schema\/logo\/image\/\",\"url\":\"https:\/\/www.piesta.ee\/wp-content\/uploads\/2020\/09\/piesta-logo.png\",\"contentUrl\":\"https:\/\/www.piesta.ee\/wp-content\/uploads\/2020\/09\/piesta-logo.png\",\"width\":572,\"height\":381,\"caption\":\"Piesta Kuusikaru talu\"},\"image\":{\"@id\":\"https:\/\/www.piesta.ee\/#\/schema\/logo\/image\/\"},\"sameAs\":[\"https:\/\/www.facebook.com\/piestakuusikaru\/\",\"http:\/\/instagram.com\/piestakuusikaru\"]}]}<\/script>\n<!-- \/ Yoast SEO plugin. -->","yoast_head_json":{"title":"Mahe\u00f5unamahl vaakumpakendis - Piesta Kuusikaru talu","description":"Piesta mahe\u00f5unamahl on pressitud Eesti mahe\u00f5untest. Vaakumpakendis, ilma lisatud suhkruta. Suur perepakend s\u00e4ilib toatemperatuuril ka p\u00e4rast avamist.","robots":{"index":"index","follow":"follow","max-snippet":"max-snippet:-1","max-image-preview":"max-image-preview:large","max-video-preview":"max-video-preview:-1"},"canonical":"https:\/\/www.piesta.ee\/toode\/maheounamahl-vaakumpakendis\/","og_locale":"en_US","og_type":"article","og_title":"Mahe\u00f5unamahl vaakumpakendis - Piesta Kuusikaru talu","og_description":"Piesta mahe\u00f5unamahl on pressitud Eesti mahe\u00f5untest. Vaakumpakendis, ilma lisatud suhkruta. Suur perepakend s\u00e4ilib toatemperatuuril ka p\u00e4rast avamist.","og_url":"https:\/\/www.piesta.ee\/toode\/maheounamahl-vaakumpakendis\/","og_site_name":"Piesta Kuusikaru talu","article_publisher":"https:\/\/www.facebook.com\/piestakuusikaru\/","article_modified_time":"2026-03-08T19:44:09+00:00","og_image":[{"width":1334,"height":1072,"url":"https:\/\/www.piesta.ee\/wp-content\/uploads\/2026\/03\/Piesta-maheounamahla-valamine-vaakumpakendist.png","type":"image\/png"}],"twitter_card":"summary_large_image","twitter_misc":{"Est. reading time":"3 minutes"},"schema":{"@context":"https:\/\/schema.org","@graph":[{"@type":"WebPage","@id":"https:\/\/www.piesta.ee\/toode\/maheounamahl-vaakumpakendis\/","url":"https:\/\/www.piesta.ee\/toode\/maheounamahl-vaakumpakendis\/","name":"Mahe\u00f5unamahl vaakumpakendis - Piesta Kuusikaru talu","isPartOf":{"@id":"https:\/\/www.piesta.ee\/#website"},"primaryImageOfPage":{"@id":"https:\/\/www.piesta.ee\/toode\/maheounamahl-vaakumpakendis\/#primaryimage"},"image":{"@id":"https:\/\/www.piesta.ee\/toode\/maheounamahl-vaakumpakendis\/#primaryimage"},"thumbnailUrl":"https:\/\/www.piesta.ee\/wp-content\/uploads\/2026\/03\/Piesta-maheounamahla-valamine-vaakumpakendist.png","datePublished":"2026-03-08T19:20:16+00:00","dateModified":"2026-03-08T19:44:09+00:00","description":"Piesta mahe\u00f5unamahl on pressitud Eesti mahe\u00f5untest. Vaakumpakendis, ilma lisatud suhkruta. Suur perepakend s\u00e4ilib toatemperatuuril ka p\u00e4rast avamist.","breadcrumb":{"@id":"https:\/\/www.piesta.ee\/toode\/maheounamahl-vaakumpakendis\/#breadcrumb"},"inLanguage":"en-US","potentialAction":[{"@type":"ReadAction","target":["https:\/\/www.piesta.ee\/toode\/maheounamahl-vaakumpakendis\/"]}]},{"@type":"ImageObject","inLanguage":"en-US","@id":"https:\/\/www.piesta.ee\/toode\/maheounamahl-vaakumpakendis\/#primaryimage","url":"https:\/\/www.piesta.ee\/wp-content\/uploads\/2026\/03\/Piesta-maheounamahla-valamine-vaakumpakendist.png","contentUrl":"https:\/\/www.piesta.ee\/wp-content\/uploads\/2026\/03\/Piesta-maheounamahla-valamine-vaakumpakendist.png","width":1334,"height":1072,"caption":"Mahla valamine vaakumpakendist klaasi"},{"@type":"BreadcrumbList","@id":"https:\/\/www.piesta.ee\/toode\/maheounamahl-vaakumpakendis\/#breadcrumb","itemListElement":[{"@type":"ListItem","position":1,"name":"Home","item":"https:\/\/www.piesta.ee\/en\/"},{"@type":"ListItem","position":2,"name":"Shop","item":"https:\/\/www.piesta.ee\/en\/shop\/"},{"@type":"ListItem","position":3,"name":"Mahe\u00f5unamahl vaakumpakendis"}]},{"@type":"WebSite","@id":"https:\/\/www.piesta.ee\/#website","url":"https:\/\/www.piesta.ee\/","name":"Piesta Kuusikaru talu","description":"","publisher":{"@id":"https:\/\/www.piesta.ee\/#organization"},"potentialAction":[{"@type":"SearchAction","target":{"@type":"EntryPoint","urlTemplate":"https:\/\/www.piesta.ee\/?s={search_term_string}"},"query-input":{"@type":"PropertyValueSpecification","valueRequired":true,"valueName":"search_term_string"}}],"inLanguage":"en-US"},{"@type":"Organization","@id":"https:\/\/www.piesta.ee\/#organization","name":"Piesta Kuusikaru talu","url":"https:\/\/www.piesta.ee\/","logo":{"@type":"ImageObject","inLanguage":"en-US","@id":"https:\/\/www.piesta.ee\/#\/schema\/logo\/image\/","url":"https:\/\/www.piesta.ee\/wp-content\/uploads\/2020\/09\/piesta-logo.png","contentUrl":"https:\/\/www.piesta.ee\/wp-content\/uploads\/2020\/09\/piesta-logo.png","width":572,"height":381,"caption":"Piesta Kuusikaru talu"},"image":{"@id":"https:\/\/www.piesta.ee\/#\/schema\/logo\/image\/"},"sameAs":["https:\/\/www.facebook.com\/piestakuusikaru\/","http:\/\/instagram.com\/piestakuusikaru"]}]}},"_links":{"self":[{"href":"https:\/\/www.piesta.ee\/en\/wp-json\/wp\/v2\/product\/4023","targetHints":{"allow":["GET"]}}],"collection":[{"href":"https:\/\/www.piesta.ee\/en\/wp-json\/wp\/v2\/product"}],"about":[{"href":"https:\/\/www.piesta.ee\/en\/wp-json\/wp\/v2\/types\/product"}],"replies":[{"embeddable":true,"href":"https:\/\/www.piesta.ee\/en\/wp-json\/wp\/v2\/comments?post=4023"}],"wp:featuredmedia":[{"embeddable":true,"href":"https:\/\/www.piesta.ee\/en\/wp-json\/wp\/v2\/media\/4025"}],"wp:attachment":[{"href":"https:\/\/www.piesta.ee\/en\/wp-json\/wp\/v2\/media?parent=4023"}],"wp:term":[{"taxonomy":"product_cat","embeddable":true,"href":"https:\/\/www.piesta.ee\/en\/wp-json\/wp\/v2\/product_cat?post=4023"},{"taxonomy":"product_tag","embeddable":true,"href":"https:\/\/www.piesta.ee\/en\/wp-json\/wp\/v2\/product_tag?post=4023"}],"curies":[{"name":"wp","href":"https:\/\/api.w.org\/{rel}","templated":true}]}}